{"id":16351,"date":"2024-06-21T08:13:24","date_gmt":"2024-06-21T08:13:24","guid":{"rendered":"https:\/\/royalhairistanbul.com\/dr-gamze-d-trichologe\/"},"modified":"2024-08-12T17:11:14","modified_gmt":"2024-08-12T17:11:14","slug":"dr-gamze-d-trichologe","status":"publish","type":"page","link":"https:\/\/royalhairistanbul.com\/de\/dr-gamze-d-trichologe\/","title":{"rendered":"Dr. Gamze D. &#8211; Trichologe"},"content":{"rendered":"\t\t<div data-elementor-type=\"wp-page\" data-elementor-id=\"16351\" class=\"elementor elementor-16351 elementor-14824\" data-elementor-post-type=\"page\">\n\t\t\t\t<div data-particle_enable=\"false\" data-particle-mobile-disabled=\"false\" class=\"elementor-element elementor-element-f8b2863 e-flex e-con-boxed e-con e-parent\" data-id=\"f8b2863\" data-element_type=\"container\" data-e-type=\"container\" data-settings=\"{&quot;background_background&quot;:&quot;classic&quot;}\">\n\t\t\t\t\t<div class=\"e-con-inner\">\n\t\t<div data-particle_enable=\"false\" data-particle-mobile-disabled=\"false\" class=\"elementor-element elementor-element-f07ba08 e-flex e-con-boxed e-con e-child\" data-id=\"f07ba08\" data-element_type=\"container\" data-e-type=\"container\" data-settings=\"{&quot;background_background&quot;:&quot;classic&quot;}\">\n\t\t\t\t\t<div class=\"e-con-inner\">\n\t\t\t\t<div class=\"elementor-element elementor-element-5baeb4a elementor-widget elementor-widget-spacer\" data-id=\"5baeb4a\" data-element_type=\"widget\" data-e-type=\"widget\" data-widget_type=\"spacer.default\">\n\t\t\t\t<div class=\"elementor-widget-container\">\n\t\t\t\t\t\t\t<div class=\"elementor-spacer\">\n\t\t\t<div class=\"elementor-spacer-inner\"><\/div>\n\t\t<\/div>\n\t\t\t\t\t\t<\/div>\n\t\t\t\t<\/div>\n\t\t<div data-particle_enable=\"false\" data-particle-mobile-disabled=\"false\" class=\"elementor-element elementor-element-4903e0b e-flex e-con-boxed e-con e-child\" data-id=\"4903e0b\" data-element_type=\"container\" data-e-type=\"container\">\n\t\t\t\t\t<div class=\"e-con-inner\">\n\t\t<div data-particle_enable=\"false\" data-particle-mobile-disabled=\"false\" class=\"elementor-element elementor-element-d31743a e-con-full e-flex e-con e-child\" data-id=\"d31743a\" data-element_type=\"container\" data-e-type=\"container\">\n\t\t\t\t<div class=\"elementor-element elementor-element-6695b3f elementor-widget elementor-widget-heading\" data-id=\"6695b3f\" data-element_type=\"widget\" data-e-type=\"widget\" data-widget_type=\"heading.default\">\n\t\t\t\t<div class=\"elementor-widget-container\">\n\t\t\t\t\t<h5 class=\"elementor-heading-title elementor-size-default\">Zuhause<\/h5>\t\t\t\t<\/div>\n\t\t\t\t<\/div>\n\t\t\t\t<\/div>\n\t\t<div data-particle_enable=\"false\" data-particle-mobile-disabled=\"false\" class=\"elementor-element elementor-element-ba50581 e-con-full e-flex e-con e-child\" data-id=\"ba50581\" data-element_type=\"container\" data-e-type=\"container\">\n\t\t\t\t<div class=\"elementor-element elementor-element-732a4b5 elementor-view-default elementor-widget elementor-widget-icon\" data-id=\"732a4b5\" data-element_type=\"widget\" data-e-type=\"widget\" data-widget_type=\"icon.default\">\n\t\t\t\t<div class=\"elementor-widget-container\">\n\t\t\t\t\t\t\t<div class=\"elementor-icon-wrapper\">\n\t\t\t<div class=\"elementor-icon\">\n\t\t\t<svg aria-hidden=\"true\" class=\"e-font-icon-svg e-fas-chevron-right\" viewBox=\"0 0 320 512\" xmlns=\"http:\/\/www.w3.org\/2000\/svg\"><path d=\"M285.476 272.971L91.132 467.314c-9.373 9.373-24.569 9.373-33.941 0l-22.667-22.667c-9.357-9.357-9.375-24.522-.04-33.901L188.505 256 34.484 101.255c-9.335-9.379-9.317-24.544.04-33.901l22.667-22.667c9.373-9.373 24.569-9.373 33.941 0L285.475 239.03c9.373 9.372 9.373 24.568.001 33.941z\"><\/path><\/svg>\t\t\t<\/div>\n\t\t<\/div>\n\t\t\t\t\t\t<\/div>\n\t\t\t\t<\/div>\n\t\t\t\t<\/div>\n\t\t<div data-particle_enable=\"false\" data-particle-mobile-disabled=\"false\" class=\"elementor-element elementor-element-89897a8 e-con-full e-flex e-con e-child\" data-id=\"89897a8\" data-element_type=\"container\" data-e-type=\"container\">\n\t\t\t\t<\/div>\n\t\t\t\t\t<\/div>\n\t\t\t\t<\/div>\n\t\t\t\t<div class=\"elementor-element elementor-element-35a64f9 elementor-widget elementor-widget-spacer\" data-id=\"35a64f9\" data-element_type=\"widget\" data-e-type=\"widget\" data-widget_type=\"spacer.default\">\n\t\t\t\t<div class=\"elementor-widget-container\">\n\t\t\t\t\t\t\t<div class=\"elementor-spacer\">\n\t\t\t<div class=\"elementor-spacer-inner\"><\/div>\n\t\t<\/div>\n\t\t\t\t\t\t<\/div>\n\t\t\t\t<\/div>\n\t\t\t\t\t<\/div>\n\t\t\t\t<\/div>\n\t\t\t\t\t<\/div>\n\t\t\t\t<\/div>\n\t\t<div data-particle_enable=\"false\" data-particle-mobile-disabled=\"false\" class=\"elementor-element elementor-element-2be6123 e-flex e-con-boxed e-con e-parent\" data-id=\"2be6123\" data-element_type=\"container\" data-e-type=\"container\">\n\t\t\t\t\t<div class=\"e-con-inner\">\n\t\t<div data-particle_enable=\"false\" data-particle-mobile-disabled=\"false\" class=\"elementor-element elementor-element-2bcef4e e-con-full e-flex e-con e-child\" data-id=\"2bcef4e\" data-element_type=\"container\" data-e-type=\"container\">\n\t\t\t\t<div class=\"elementor-element elementor-element-448c4f8 elementor-widget elementor-widget-image\" data-id=\"448c4f8\" data-element_type=\"widget\" data-e-type=\"widget\" data-widget_type=\"image.default\">\n\t\t\t\t<div class=\"elementor-widget-container\">\n\t\t\t\t\t\t\t\t\t\t\t\t\t\t\t<img fetchpriority=\"high\" decoding=\"async\" width=\"613\" height=\"766\" src=\"https:\/\/royalhairistanbul.com\/wp-content\/uploads\/2024\/06\/fotolar_00002-2.webp\" class=\"attachment-large size-large wp-image-16036\" alt=\"Trichologist in Turkey\" srcset=\"https:\/\/royalhairistanbul.com\/wp-content\/uploads\/2024\/06\/fotolar_00002-2.webp 613w, https:\/\/royalhairistanbul.com\/wp-content\/uploads\/2024\/06\/fotolar_00002-2-240x300.webp 240w\" sizes=\"(max-width: 613px) 100vw, 613px\" \/>\t\t\t\t\t\t\t\t\t\t\t\t\t\t\t<\/div>\n\t\t\t\t<\/div>\n\t\t\t\t<div class=\"elementor-element elementor-element-b39e0ab elementor-widget elementor-widget-eael-creative-button\" data-id=\"b39e0ab\" data-element_type=\"widget\" data-e-type=\"widget\" data-widget_type=\"eael-creative-button.default\">\n\t\t\t\t<div class=\"elementor-widget-container\">\n\t\t\t\t\t        <div class=\"eael-creative-button-wrapper\">\n\n            <a class=\"eael-creative-button eael-creative-button--default\" data-text=\"Gehen Sie!\">\n            \t    \n                <div class=\"creative-button-inner\">\n\n                    \n                    <span class=\"cretive-button-text\">Spezialit\u00e4t: Haartransplantation<\/span>\n\n                                    <\/div>\n\t                        <\/a>\n        <\/div>\n        \t\t\t\t<\/div>\n\t\t\t\t<\/div>\n\t\t\t\t<\/div>\n\t\t<div data-particle_enable=\"false\" data-particle-mobile-disabled=\"false\" class=\"elementor-element elementor-element-40910a2 e-con-full e-flex e-con e-child\" data-id=\"40910a2\" data-element_type=\"container\" data-e-type=\"container\">\n\t\t\t\t<div class=\"elementor-element elementor-element-d11248d elementor-widget elementor-widget-text-editor\" data-id=\"d11248d\" data-element_type=\"widget\" data-e-type=\"widget\" data-widget_type=\"text-editor.default\">\n\t\t\t\t<div class=\"elementor-widget-container\">\n\t\t\t\t\t\t\t\t\t<div class=\"wpb_text_column wpb_content_element \">\n<div class=\"wpb_wrapper\">\n<h2>Dr. Gamze Do\u011fan &#8211; Trichologe<\/h2>\n<\/div>\n<\/div>\n<div class=\"wpb_text_column wpb_content_element \">\n<div class=\"wpb_wrapper\">\n<p>Dr. Gamze ist auf Haartransplantation, Bart- und Schnurrbarttransplantation und Augenbrauentransplantation spezialisiert.<br \/>\nSie f\u00fchrt Haartransplantationen seit mehr als 8 Jahren professionell durch und hat \u00fcber 7.000 Patienten mit den neuesten Techniken in den entsprechenden Bereichen behandelt.<br \/>\nSie hat ihren Abschluss an einer der renommiertesten Universit\u00e4ten der T\u00fcrkei, der Anadolu Universit\u00e4t, gemacht.<br \/>Durch die Teilnahme an vielen nationalen und internationalen Kongressen und Symposien verfolgt Dr. Gamze die Entwicklungen und Innovationen auf ihrem Gebiet.<br \/>\nIhr Hauptinteressengebiet sind Haartransplantationen.   <\/p>\n<p>Ihr Fachwissen auf diesem Gebiet umfasst ein breites Spektrum von Haartransplantationen, darunter sowohl glattes als auch lockiges Haar, sowie spezielle Verfahren f\u00fcr Frauenhaar und Barttransplantationen.<br \/>\nDr. Gamze legt gro\u00dfen Wert darauf, auf die individuellen Bed\u00fcrfnisse ihrer Patienten einzugehen.<br \/>\nDaher ist sie bestrebt, umfassende L\u00f6sungen anzubieten, indem sie alle kahlen Stellen in einer einzigen Sitzung behandelt, um die gr\u00f6\u00dftm\u00f6gliche Zufriedenheit ihrer Patienten zu gew\u00e4hrleisten.  <\/p>\n<p><strong>Standort<\/strong>: Istanbul<\/p>\n<p><strong>Chirurgische Erfahrung<\/strong>: 8 Jahre<\/p>\n<p><strong>Erfahrungsbereich<\/strong>:<\/p>\n<ul>\n<li>Haartransplantation (FUT, FUE, DHI, perkutane und Sapphire-Technik)<\/li>\n<li>Barttransplantation<\/li>\n<li>Augenbrauentransplantation<\/li>\n<\/ul>\n<p><strong>Anzahl der chirurgischen Eingriffe<\/strong>: 7.000<\/p>\n<p><strong>Sprache<\/strong>: T\u00fcrkisch, Englisch<\/p>\n<p><strong>Behandelte Nationalit\u00e4ten<\/strong>: Vereinigtes K\u00f6nigreich, Irland, Italien, Spanien, Vereinigte Staaten von Amerika, Kanada, Deutschland, Frankreich, Saudi-Arabien usw.<\/p>\n<\/div>\n<\/div>\n\t\t\t\t\t\t\t\t<\/div>\n\t\t\t\t<\/div>\n\t\t\t\t<\/div>\n\t\t\t\t\t<\/div>\n\t\t\t\t<\/div>\n\t\t\t\t<\/div>\n\t\t","protected":false},"excerpt":{"rendered":"<p>Zuhause Spezialit\u00e4t: Haartransplantation Dr. Gamze Do\u011fan &#8211; Trichologe Dr. Gamze ist auf Haartransplantation, Bart- und Schnurrbarttransplantation und Augenbrauentransplantation spezialisiert. Sie f\u00fchrt Haartransplantationen seit mehr als 8 Jahren professionell durch und hat \u00fcber 7.000 Patienten mit den neuesten Techniken in den entsprechenden Bereichen behandelt. Sie hat ihren Abschluss an einer der renommiertesten Universit\u00e4ten der T\u00fcrkei, der [&hellip;]<\/p>\n","protected":false},"author":1,"featured_media":0,"parent":0,"menu_order":0,"comment_status":"closed","ping_status":"closed","template":"","meta":{"footnotes":""},"class_list":["post-16351","page","type-page","status-publish","hentry"],"yoast_head":"<!-- This site is optimized with the Yoast SEO plugin v26.9 - https:\/\/yoast.com\/product\/yoast-seo-wordpress\/ -->\n<title>Dr. Gamze D. - Trichologe | Royal Hair Istanbul<\/title>\n<meta name=\"robots\" content=\"index, follow, max-snippet:-1, max-image-preview:large, max-video-preview:-1\" \/>\n<link rel=\"canonical\" href=\"https:\/\/royalhairistanbul.com\/de\/dr-gamze-d-trichologe\/\" \/>\n<meta property=\"og:locale\" content=\"de_DE\" \/>\n<meta property=\"og:type\" content=\"article\" \/>\n<meta property=\"og:title\" content=\"Dr. Gamze D. - Trichologe | Royal Hair Istanbul\" \/>\n<meta property=\"og:description\" content=\"Zuhause Spezialit\u00e4t: Haartransplantation Dr. Gamze Do\u011fan &#8211; Trichologe Dr. Gamze ist auf Haartransplantation, Bart- und Schnurrbarttransplantation und Augenbrauentransplantation spezialisiert. Sie f\u00fchrt Haartransplantationen seit mehr als 8 Jahren professionell durch und hat \u00fcber 7.000 Patienten mit den neuesten Techniken in den entsprechenden Bereichen behandelt. Sie hat ihren Abschluss an einer der renommiertesten Universit\u00e4ten der T\u00fcrkei, der [&hellip;]\" \/>\n<meta property=\"og:url\" content=\"https:\/\/royalhairistanbul.com\/de\/dr-gamze-d-trichologe\/\" \/>\n<meta property=\"og:site_name\" content=\"Royal Hair Istanbul\" \/>\n<meta property=\"article:publisher\" content=\"https:\/\/www.facebook.com\/p\/Royal-Hair-Istanbul-100090875640151\/\" \/>\n<meta property=\"article:modified_time\" content=\"2024-08-12T17:11:14+00:00\" \/>\n<meta property=\"og:image\" content=\"https:\/\/new.royalhairistanbul.com\/wp-content\/uploads\/2024\/06\/fotolar_00002-2.webp\" \/>\n<meta name=\"twitter:card\" content=\"summary_large_image\" \/>\n<meta name=\"twitter:label1\" content=\"Gesch\u00e4tzte Lesezeit\" \/>\n\t<meta name=\"twitter:data1\" content=\"1\u00a0Minute\" \/>\n<script type=\"application\/ld+json\" class=\"yoast-schema-graph\">{\"@context\":\"https:\/\/schema.org\",\"@graph\":[{\"@type\":\"WebPage\",\"@id\":\"https:\/\/royalhairistanbul.com\/de\/dr-gamze-d-trichologe\/\",\"url\":\"https:\/\/royalhairistanbul.com\/de\/dr-gamze-d-trichologe\/\",\"name\":\"Dr. Gamze D. - Trichologe | Royal Hair Istanbul\",\"isPartOf\":{\"@id\":\"https:\/\/new.royalhairistanbul.com\/de\/#website\"},\"primaryImageOfPage\":{\"@id\":\"https:\/\/royalhairistanbul.com\/de\/dr-gamze-d-trichologe\/#primaryimage\"},\"image\":{\"@id\":\"https:\/\/royalhairistanbul.com\/de\/dr-gamze-d-trichologe\/#primaryimage\"},\"thumbnailUrl\":\"https:\/\/royalhairistanbul.com\/wp-content\/uploads\/2024\/06\/fotolar_00002-2.webp\",\"datePublished\":\"2024-06-21T08:13:24+00:00\",\"dateModified\":\"2024-08-12T17:11:14+00:00\",\"breadcrumb\":{\"@id\":\"https:\/\/royalhairistanbul.com\/de\/dr-gamze-d-trichologe\/#breadcrumb\"},\"inLanguage\":\"de\",\"potentialAction\":[{\"@type\":\"ReadAction\",\"target\":[\"https:\/\/royalhairistanbul.com\/de\/dr-gamze-d-trichologe\/\"]}]},{\"@type\":\"ImageObject\",\"inLanguage\":\"de\",\"@id\":\"https:\/\/royalhairistanbul.com\/de\/dr-gamze-d-trichologe\/#primaryimage\",\"url\":\"https:\/\/royalhairistanbul.com\/wp-content\/uploads\/2024\/06\/fotolar_00002-2.webp\",\"contentUrl\":\"https:\/\/royalhairistanbul.com\/wp-content\/uploads\/2024\/06\/fotolar_00002-2.webp\"},{\"@type\":\"BreadcrumbList\",\"@id\":\"https:\/\/royalhairistanbul.com\/de\/dr-gamze-d-trichologe\/#breadcrumb\",\"itemListElement\":[{\"@type\":\"ListItem\",\"position\":1,\"name\":\"Home\",\"item\":\"https:\/\/new.royalhairistanbul.com\/de\/startseite\/\"},{\"@type\":\"ListItem\",\"position\":2,\"name\":\"Dr. Gamze D. &#8211; Trichologe\"}]},{\"@type\":\"WebSite\",\"@id\":\"https:\/\/new.royalhairistanbul.com\/de\/#website\",\"url\":\"https:\/\/new.royalhairistanbul.com\/de\/\",\"name\":\"Royal Hair Istanbul\",\"description\":\"\",\"publisher\":{\"@id\":\"https:\/\/new.royalhairistanbul.com\/de\/#organization\"},\"potentialAction\":[{\"@type\":\"SearchAction\",\"target\":{\"@type\":\"EntryPoint\",\"urlTemplate\":\"https:\/\/new.royalhairistanbul.com\/de\/?s={search_term_string}\"},\"query-input\":{\"@type\":\"PropertyValueSpecification\",\"valueRequired\":true,\"valueName\":\"search_term_string\"}}],\"inLanguage\":\"de\"},{\"@type\":\"Organization\",\"@id\":\"https:\/\/new.royalhairistanbul.com\/de\/#organization\",\"name\":\"Royal Hair Istanbul\",\"url\":\"https:\/\/new.royalhairistanbul.com\/de\/\",\"logo\":{\"@type\":\"ImageObject\",\"inLanguage\":\"de\",\"@id\":\"https:\/\/new.royalhairistanbul.com\/de\/#\/schema\/logo\/image\/\",\"url\":\"https:\/\/royalhairistanbul.com\/wp-content\/uploads\/2024\/05\/Royal-Logo-e1717190318727.png\",\"contentUrl\":\"https:\/\/royalhairistanbul.com\/wp-content\/uploads\/2024\/05\/Royal-Logo-e1717190318727.png\",\"width\":3015,\"height\":2715,\"caption\":\"Royal Hair Istanbul\"},\"image\":{\"@id\":\"https:\/\/new.royalhairistanbul.com\/de\/#\/schema\/logo\/image\/\"},\"sameAs\":[\"https:\/\/www.facebook.com\/p\/Royal-Hair-Istanbul-100090875640151\/\",\"https:\/\/www.instagram.com\/royalhair_istanbul\",\"https:\/\/www.youtube.com\/@RoyalHair-Istanbul\"]}]}<\/script>\n<!-- \/ Yoast SEO plugin. -->","yoast_head_json":{"title":"Dr. Gamze D. - Trichologe | Royal Hair Istanbul","robots":{"index":"index","follow":"follow","max-snippet":"max-snippet:-1","max-image-preview":"max-image-preview:large","max-video-preview":"max-video-preview:-1"},"canonical":"https:\/\/royalhairistanbul.com\/de\/dr-gamze-d-trichologe\/","og_locale":"de_DE","og_type":"article","og_title":"Dr. Gamze D. - Trichologe | Royal Hair Istanbul","og_description":"Zuhause Spezialit\u00e4t: Haartransplantation Dr. Gamze Do\u011fan &#8211; Trichologe Dr. Gamze ist auf Haartransplantation, Bart- und Schnurrbarttransplantation und Augenbrauentransplantation spezialisiert. Sie f\u00fchrt Haartransplantationen seit mehr als 8 Jahren professionell durch und hat \u00fcber 7.000 Patienten mit den neuesten Techniken in den entsprechenden Bereichen behandelt. Sie hat ihren Abschluss an einer der renommiertesten Universit\u00e4ten der T\u00fcrkei, der [&hellip;]","og_url":"https:\/\/royalhairistanbul.com\/de\/dr-gamze-d-trichologe\/","og_site_name":"Royal Hair Istanbul","article_publisher":"https:\/\/www.facebook.com\/p\/Royal-Hair-Istanbul-100090875640151\/","article_modified_time":"2024-08-12T17:11:14+00:00","og_image":[{"url":"https:\/\/new.royalhairistanbul.com\/wp-content\/uploads\/2024\/06\/fotolar_00002-2.webp","type":"","width":"","height":""}],"twitter_card":"summary_large_image","twitter_misc":{"Gesch\u00e4tzte Lesezeit":"1\u00a0Minute"},"schema":{"@context":"https:\/\/schema.org","@graph":[{"@type":"WebPage","@id":"https:\/\/royalhairistanbul.com\/de\/dr-gamze-d-trichologe\/","url":"https:\/\/royalhairistanbul.com\/de\/dr-gamze-d-trichologe\/","name":"Dr. Gamze D. - Trichologe | Royal Hair Istanbul","isPartOf":{"@id":"https:\/\/new.royalhairistanbul.com\/de\/#website"},"primaryImageOfPage":{"@id":"https:\/\/royalhairistanbul.com\/de\/dr-gamze-d-trichologe\/#primaryimage"},"image":{"@id":"https:\/\/royalhairistanbul.com\/de\/dr-gamze-d-trichologe\/#primaryimage"},"thumbnailUrl":"https:\/\/royalhairistanbul.com\/wp-content\/uploads\/2024\/06\/fotolar_00002-2.webp","datePublished":"2024-06-21T08:13:24+00:00","dateModified":"2024-08-12T17:11:14+00:00","breadcrumb":{"@id":"https:\/\/royalhairistanbul.com\/de\/dr-gamze-d-trichologe\/#breadcrumb"},"inLanguage":"de","potentialAction":[{"@type":"ReadAction","target":["https:\/\/royalhairistanbul.com\/de\/dr-gamze-d-trichologe\/"]}]},{"@type":"ImageObject","inLanguage":"de","@id":"https:\/\/royalhairistanbul.com\/de\/dr-gamze-d-trichologe\/#primaryimage","url":"https:\/\/royalhairistanbul.com\/wp-content\/uploads\/2024\/06\/fotolar_00002-2.webp","contentUrl":"https:\/\/royalhairistanbul.com\/wp-content\/uploads\/2024\/06\/fotolar_00002-2.webp"},{"@type":"BreadcrumbList","@id":"https:\/\/royalhairistanbul.com\/de\/dr-gamze-d-trichologe\/#breadcrumb","itemListElement":[{"@type":"ListItem","position":1,"name":"Home","item":"https:\/\/new.royalhairistanbul.com\/de\/startseite\/"},{"@type":"ListItem","position":2,"name":"Dr. Gamze D. &#8211; Trichologe"}]},{"@type":"WebSite","@id":"https:\/\/new.royalhairistanbul.com\/de\/#website","url":"https:\/\/new.royalhairistanbul.com\/de\/","name":"Royal Hair Istanbul","description":"","publisher":{"@id":"https:\/\/new.royalhairistanbul.com\/de\/#organization"},"potentialAction":[{"@type":"SearchAction","target":{"@type":"EntryPoint","urlTemplate":"https:\/\/new.royalhairistanbul.com\/de\/?s={search_term_string}"},"query-input":{"@type":"PropertyValueSpecification","valueRequired":true,"valueName":"search_term_string"}}],"inLanguage":"de"},{"@type":"Organization","@id":"https:\/\/new.royalhairistanbul.com\/de\/#organization","name":"Royal Hair Istanbul","url":"https:\/\/new.royalhairistanbul.com\/de\/","logo":{"@type":"ImageObject","inLanguage":"de","@id":"https:\/\/new.royalhairistanbul.com\/de\/#\/schema\/logo\/image\/","url":"https:\/\/royalhairistanbul.com\/wp-content\/uploads\/2024\/05\/Royal-Logo-e1717190318727.png","contentUrl":"https:\/\/royalhairistanbul.com\/wp-content\/uploads\/2024\/05\/Royal-Logo-e1717190318727.png","width":3015,"height":2715,"caption":"Royal Hair Istanbul"},"image":{"@id":"https:\/\/new.royalhairistanbul.com\/de\/#\/schema\/logo\/image\/"},"sameAs":["https:\/\/www.facebook.com\/p\/Royal-Hair-Istanbul-100090875640151\/","https:\/\/www.instagram.com\/royalhair_istanbul","https:\/\/www.youtube.com\/@RoyalHair-Istanbul"]}]}},"_links":{"self":[{"href":"https:\/\/royalhairistanbul.com\/de\/wp-json\/wp\/v2\/pages\/16351","targetHints":{"allow":["GET"]}}],"collection":[{"href":"https:\/\/royalhairistanbul.com\/de\/wp-json\/wp\/v2\/pages"}],"about":[{"href":"https:\/\/royalhairistanbul.com\/de\/wp-json\/wp\/v2\/types\/page"}],"author":[{"embeddable":true,"href":"https:\/\/royalhairistanbul.com\/de\/wp-json\/wp\/v2\/users\/1"}],"replies":[{"embeddable":true,"href":"https:\/\/royalhairistanbul.com\/de\/wp-json\/wp\/v2\/comments?post=16351"}],"version-history":[{"count":0,"href":"https:\/\/royalhairistanbul.com\/de\/wp-json\/wp\/v2\/pages\/16351\/revisions"}],"wp:attachment":[{"href":"https:\/\/royalhairistanbul.com\/de\/wp-json\/wp\/v2\/media?parent=16351"}],"curies":[{"name":"wp","href":"https:\/\/api.w.org\/{rel}","templated":true}]}}