{"id":16385,"date":"2024-06-21T09:14:22","date_gmt":"2024-06-21T09:14:22","guid":{"rendered":"https:\/\/royalhairistanbul.com\/bedingungen-und-konditionen\/"},"modified":"2024-08-12T17:11:30","modified_gmt":"2024-08-12T17:11:30","slug":"bedingungen-und-konditionen","status":"publish","type":"page","link":"https:\/\/royalhairistanbul.com\/de\/bedingungen-und-konditionen\/","title":{"rendered":"Bedingungen und Konditionen"},"content":{"rendered":"\t\t<div data-elementor-type=\"wp-page\" data-elementor-id=\"16385\" class=\"elementor elementor-16385 elementor-14836\" data-elementor-post-type=\"page\">\n\t\t\t\t<div data-particle_enable=\"false\" data-particle-mobile-disabled=\"false\" class=\"elementor-element elementor-element-6750654 e-flex e-con-boxed e-con e-parent\" data-id=\"6750654\" data-element_type=\"container\" data-e-type=\"container\" data-settings=\"{&quot;background_background&quot;:&quot;classic&quot;}\">\n\t\t\t\t\t<div class=\"e-con-inner\">\n\t\t<div data-particle_enable=\"false\" data-particle-mobile-disabled=\"false\" class=\"elementor-element elementor-element-d8562b6 e-flex e-con-boxed e-con e-child\" data-id=\"d8562b6\" data-element_type=\"container\" data-e-type=\"container\" data-settings=\"{&quot;background_background&quot;:&quot;classic&quot;}\">\n\t\t\t\t\t<div class=\"e-con-inner\">\n\t\t\t\t<div class=\"elementor-element elementor-element-93ee325 elementor-widget elementor-widget-spacer\" data-id=\"93ee325\" data-element_type=\"widget\" data-e-type=\"widget\" data-widget_type=\"spacer.default\">\n\t\t\t\t<div class=\"elementor-widget-container\">\n\t\t\t\t\t\t\t<div class=\"elementor-spacer\">\n\t\t\t<div class=\"elementor-spacer-inner\"><\/div>\n\t\t<\/div>\n\t\t\t\t\t\t<\/div>\n\t\t\t\t<\/div>\n\t\t<div data-particle_enable=\"false\" data-particle-mobile-disabled=\"false\" class=\"elementor-element elementor-element-c67e5da e-flex e-con-boxed e-con e-child\" data-id=\"c67e5da\" data-element_type=\"container\" data-e-type=\"container\">\n\t\t\t\t\t<div class=\"e-con-inner\">\n\t\t<div data-particle_enable=\"false\" data-particle-mobile-disabled=\"false\" class=\"elementor-element elementor-element-4a40ca1 e-con-full e-flex e-con e-child\" data-id=\"4a40ca1\" data-element_type=\"container\" data-e-type=\"container\">\n\t\t\t\t<div class=\"elementor-element elementor-element-69ecf5c elementor-widget elementor-widget-heading\" data-id=\"69ecf5c\" data-element_type=\"widget\" data-e-type=\"widget\" data-widget_type=\"heading.default\">\n\t\t\t\t<div class=\"elementor-widget-container\">\n\t\t\t\t\t<h5 class=\"elementor-heading-title elementor-size-default\">Zuhause<\/h5>\t\t\t\t<\/div>\n\t\t\t\t<\/div>\n\t\t\t\t<\/div>\n\t\t<div data-particle_enable=\"false\" data-particle-mobile-disabled=\"false\" class=\"elementor-element elementor-element-29a8fa1 e-con-full e-flex e-con e-child\" data-id=\"29a8fa1\" data-element_type=\"container\" data-e-type=\"container\">\n\t\t\t\t<div class=\"elementor-element elementor-element-dc10bd3 elementor-view-default elementor-widget elementor-widget-icon\" data-id=\"dc10bd3\" data-element_type=\"widget\" data-e-type=\"widget\" data-widget_type=\"icon.default\">\n\t\t\t\t<div class=\"elementor-widget-container\">\n\t\t\t\t\t\t\t<div class=\"elementor-icon-wrapper\">\n\t\t\t<div class=\"elementor-icon\">\n\t\t\t<svg aria-hidden=\"true\" class=\"e-font-icon-svg e-fas-chevron-right\" viewBox=\"0 0 320 512\" xmlns=\"http:\/\/www.w3.org\/2000\/svg\"><path d=\"M285.476 272.971L91.132 467.314c-9.373 9.373-24.569 9.373-33.941 0l-22.667-22.667c-9.357-9.357-9.375-24.522-.04-33.901L188.505 256 34.484 101.255c-9.335-9.379-9.317-24.544.04-33.901l22.667-22.667c9.373-9.373 24.569-9.373 33.941 0L285.475 239.03c9.373 9.372 9.373 24.568.001 33.941z\"><\/path><\/svg>\t\t\t<\/div>\n\t\t<\/div>\n\t\t\t\t\t\t<\/div>\n\t\t\t\t<\/div>\n\t\t\t\t<\/div>\n\t\t<div data-particle_enable=\"false\" data-particle-mobile-disabled=\"false\" class=\"elementor-element elementor-element-53631d4 e-con-full e-flex e-con e-child\" data-id=\"53631d4\" data-element_type=\"container\" data-e-type=\"container\">\n\t\t\t\t<\/div>\n\t\t\t\t\t<\/div>\n\t\t\t\t<\/div>\n\t\t\t\t<div class=\"elementor-element elementor-element-dbf94a3 elementor-widget elementor-widget-spacer\" data-id=\"dbf94a3\" data-element_type=\"widget\" data-e-type=\"widget\" data-widget_type=\"spacer.default\">\n\t\t\t\t<div class=\"elementor-widget-container\">\n\t\t\t\t\t\t\t<div class=\"elementor-spacer\">\n\t\t\t<div class=\"elementor-spacer-inner\"><\/div>\n\t\t<\/div>\n\t\t\t\t\t\t<\/div>\n\t\t\t\t<\/div>\n\t\t\t\t\t<\/div>\n\t\t\t\t<\/div>\n\t\t\t\t\t<\/div>\n\t\t\t\t<\/div>\n\t\t<div data-particle_enable=\"false\" data-particle-mobile-disabled=\"false\" class=\"elementor-element elementor-element-1dcf955 e-flex e-con-boxed e-con e-parent\" data-id=\"1dcf955\" data-element_type=\"container\" data-e-type=\"container\">\n\t\t\t\t\t<div class=\"e-con-inner\">\n\t\t\t\t<div class=\"elementor-element elementor-element-f1172a3 elementor-widget elementor-widget-text-editor\" data-id=\"f1172a3\" data-element_type=\"widget\" data-e-type=\"widget\" data-widget_type=\"text-editor.default\">\n\t\t\t\t<div class=\"elementor-widget-container\">\n\t\t\t\t\t\t\t\t\t<p>Diese Allgemeinen Gesch\u00e4ftsbedingungen enthalten die Bedingungen f\u00fcr jedes Behandlungspaket, das Sie bei Royal Hair kaufen.<\/p>\n<p>Bitte lesen Sie diese Allgemeinen Gesch\u00e4ftsbedingungen und die Dokumente, auf die Sie unten Bezug nehmen:<\/p>\n<p>Der Zugriff auf die Informationen und den Service der Website https:\/\/royalhairistanbul.com ist gleichbedeutend mit Ihrer Zustimmung zu den nachstehend aufgef\u00fchrten Bedingungen und Konditionen.<\/p>\n<p>Sobald Sie das Ihnen unterbreitete Angebot akzeptieren und wenn Sie keine gesundheitlichen Probleme f\u00fcr die geplante Operation haben, m\u00fcssen Sie eine Anzahlung an uns leisten und <strong>Ihr Vertrag basiert auf den hier und unter dem Anamneseformular angegebenen Bedingungen.<\/strong><\/p>\n<p><strong> <\/strong><\/p>\n<h2><strong>Definitionen<\/strong><\/h2>\n<p><strong>Behandlungspaket:<\/strong> Das Behandlungspaket, das je nach Wahl des Patienten die Behandlung, die Unterbringung, den Transfer, die Stadtrundfahrt und die Dienstleistungen des Customer Experience Specialist umfassen kann.<\/p>\n<p><strong>Behandlung:<\/strong> Die medizinische Behandlung, die in unserer Klinik durchgef\u00fchrt wird.<\/p>\n<\/p>\n<h2><strong>Royal Hair&#8217;s Verantwortlichkeiten &amp; Zust\u00e4ndigkeiten<\/strong><\/h2>\n<ol>\n<li>Ihr medizinisches Paket wird auf der Grundlage Ihrer Bilder und Testergebnisse erstellt.<br \/>\nEs kann sich daher bei der Untersuchung durch den Arzt \u00e4ndern. <\/li>\n<li>Ihr Behandlungspaket deckt alle Tests vor der Operation ab.<br \/>\nEs kann jedoch sein, dass Ihnen zus\u00e4tzliche Tests in Rechnung gestellt werden, die aufgrund einer Vorerkrankung oder Ihrer Exposition oder Anf\u00e4lligkeit f\u00fcr eine Erkrankung f\u00fcr notwendig erachtet werden. <\/li>\n<li>Ihr Behandlungspaket enth\u00e4lt die veranschlagte Anzahl der N\u00e4chte Ihres Aufenthalts im Krankenhaus und diese Anzahl ist in Ihrem Angebot und\/oder Reiseplan angegeben.<br \/>\nWenn Sie mehr N\u00e4chte bleiben, als in Ihrem Behandlungspaket angegeben, werden Ihnen die zus\u00e4tzlichen N\u00e4chte zu den aktuellen Tarifen des Krankenhauses in Rechnung gestellt. <\/li>\n<li>Royal Hair stellt Ihnen vor Ihrer Reise alle notwendigen Informationen \u00fcber Ihr medizinisches Paket zur Verf\u00fcgung. Dazu geh\u00f6ren:<br \/>&#8211; Name und Adresse des Hotels (wenn es in Ihrem medizinischen Paket enthalten ist)<br \/>&#8211; Datum, Uhrzeit und Orte der Transfers (wenn es in Ihrem medizinischen Paket enthalten ist)<br \/>&#8211; Datum und Uhrzeit der Behandlung<br \/>&#8211; Kosten des Behandlungspakets<br \/>&#8211; Visa- und Passanforderungen<\/li>\n<\/ol>\n<div> <\/div>\n<h2><strong>Ihre Verantwortlichkeiten<\/strong><\/h2>\n<ol>\n<li>Indem Sie diese Bedingungen akzeptieren, erkl\u00e4ren Sie sich damit einverstanden, alle Informationen \u00fcber Ihren Gesundheitszustand weiterzugeben.<\/li>\n<li>Sie sind daf\u00fcr verantwortlich, angemessene Informationen \u00fcber Ihren Gesundheitszustand bereitzustellen, damit wir Ihnen den richtigen Behandlungsplan anbieten k\u00f6nnen.<\/li>\n<li>Sie sind f\u00fcr die Vorbereitung Ihrer Reisedokumente wie Reisepass und Visum f\u00fcr Ihre Behandlung verantwortlich.<\/li>\n<li>Indem Sie diese Bedingungen akzeptieren, erteilen Sie Royal Hair die Erlaubnis, Ihre medizinischen Unterlagen einzusehen und diese im Bedarfsfall aufzubewahren.<\/li>\n<li>Um eine Behandlung bei Royal Hair zu erhalten, m\u00fcssen Sie eine Anzahlung an Royal Hair leisten, bevor Sie Ihre Reise antreten, und Sie sollten die Zahlung des gesamten Betrags vor Ihrer Behandlung abschlie\u00dfen.<br \/>\nSie erhalten keine Behandlung, bevor Sie Ihre Zahlung abgeschlossen haben. <\/li>\n<li>Es liegt in Ihrer Verantwortung, jede Art von Versicherung zu Ihrem medizinischen Paket hinzuzuf\u00fcgen.<br \/>\nRoyal Hair schl\u00e4gt auf seiner Website eine Reisekrankenversicherung vor und Sie k\u00f6nnen eine davon abschlie\u00dfen.<br \/>\nIndem Sie diese Allgemeinen Gesch\u00e4ftsbedingungen akzeptieren, erkennen Sie Ihre Versicherungspflicht an.  <\/li>\n<\/ol>\n<div> <\/div>\n<h2><strong>Stornierung<\/strong><\/h2>\n<p><strong>1)<\/strong> Wenn sich Ihr Behandlungsplan aufgrund der tats\u00e4chlichen k\u00f6rperlichen Untersuchung durch Ihren Arzt\/Chirurgen oder aufgrund Ihrer Testergebnisse \u00e4ndert, haben Sie die M\u00f6glichkeit, nicht fortzufahren.<br \/>\nIn diesem Fall erhalten Sie eine R\u00fcckerstattung, nachdem die Kosten f\u00fcr Tests, Konsultationen usw. von Ihrem Gesamtpaket abgezogen wurden. <\/p>\n<p><strong>2)<\/strong> Wenn Sie Ihre Anzahlung vor dem Ausf\u00fcllen des Anamnesebogens geleistet haben und der Arzt nach dem Ausf\u00fcllen des Anamnesebogens feststellt, dass Ihr Gesundheitszustand f\u00fcr die geplante Operation nicht geeignet ist, wird Ihre Anzahlung vollst\u00e4ndig zur\u00fcckerstattet.<\/p>\n<p><strong>3) <\/strong>Im Falle einer Stornierung wird die Anzahlung nicht zur\u00fcckerstattet, unabh\u00e4ngig davon, ob Ihr Flugticket bereits bei Royal Hair eingegangen ist oder noch nicht.<br \/>\nWenn Sie einen triftigen Grund haben, vor\u00fcbergehend zu stornieren, k\u00f6nnen Sie Ihre Behandlung innerhalb von 6 Monaten nach Zahlung der Anzahlung trotzdem in Anspruch nehmen oder diese Anzahlung auf Ihren Vorschlag hin von Ihren Verwandten\/Freunden usw. verwenden lassen. <\/p>\n<div> <\/div>\n<h2><strong>Medizinische Untersuchung<\/strong><\/h2>\n<p>Royal Hair erinnert Sie daran, dass alle Arten von Operationen\/Behandlungen gewisse medizinische Risiken mit sich bringen; zu den Risiken der kosmetischen Chirurgie geh\u00f6rt auch die Unzufriedenheit mit dem Ergebnis.<br \/>\nSie und der Chirurg\/Fachmann m\u00fcssen sich \u00fcber das zu erwartende Ergebnis Ihrer Operation\/Behandlung einig sein, damit Ihre Erwartungen an das Ergebnis realistisch und angemessen sind. <\/p>\n<p>Alle medizinischen oder chirurgischen Ratschl\u00e4ge, die \u00fcber die Royal Hair-Website, E-Mail-Dokumente oder Nachrichten erteilt werden, sind nach bestem Wissen und Gewissen von Royal Hair korrekt.<br \/>\nEs liegt jedoch in Ihrer Verantwortung, dass diese Informationen vor Ihrer Behandlung in einem pers\u00f6nlichen Gespr\u00e4ch mit Ihrem Chirurgen noch einmal besprochen werden.<br \/>\nZ\u00f6gern Sie daher nie, Ihren Chirurgen alles zu fragen, was Sie wissen m\u00f6chten, bevor Sie sich einer chirurgischen Behandlung unterziehen.  <\/p>\n<p><strong> <\/strong><\/p>\n<h2><strong>Nachsorge<\/strong><\/h2>\n<p>Nach Ihrer Operation werden Sie eine bestimmte Anzahl von Kontrollen haben.<br \/>\nEine davon wird im Krankenhaus stattfinden und die andere vor Ihrer R\u00fcckkehr in Ihr Land.<br \/>\nIhre Nachsorgeanweisungen erhalten Sie von Ihrem Chirurgen.  <\/p>\n<p>Sie sind verpflichtet, die Nachsorgeanweisungen zu befolgen.<br \/>\nSollten nach Ihrer R\u00fcckkehr in Ihr Land Anzeichen f\u00fcr Komplikationen auftreten, werden wir Ihnen helfen, indem wir Sie um Fotos, Testergebnisse und alle Arztberichte bitten, die Sie in Ihrem Heimatland erhalten haben. Wir werden diese an Ihren Chirurgen weiterleiten, damit dieser Ihren Fall weiterverfolgen, eine Stellungnahme abgeben und m\u00f6gliche n\u00e4chste Schritte f\u00fcr die Nachbehandlung festlegen kann. <\/p>\n<p>Wenn Sie eine Revisions- oder Korrekturbehandlung ben\u00f6tigen und Ihr Chirurg best\u00e4tigt und akzeptiert, dass Sie einen Revisions- oder Korrektureingriff ben\u00f6tigen, \u00fcbernimmt der Chirurg die Kosten f\u00fcr diese Behandlung.<br \/>\nSie m\u00fcssen in diesem Fall nur die Kosten f\u00fcr das Krankenhaus (ohne den Chirurgen), die Reise, die Unterkunft, den Transfer und die Verpflegung tragen.<br \/>Die Klinik\/das Krankenhaus gibt Ihnen Anweisungen und Ratschl\u00e4ge zur Nachsorge.<br \/>\nSollten Sie diese Anweisungen nicht befolgen und sich daraus Folgen ergeben, k\u00f6nnen die Klinik und der Chirurg nicht zur Verantwortung gezogen werden.  <\/p>\n<p><strong> <\/strong><\/p>\n<h2><strong>R\u00fcckmeldungen und Bewertungen<\/strong><\/h2>\n<p>Royal Hair ist bestrebt, einen exzellenten Service zu bieten.<br \/>\nRoyal Hair sucht das Feedback seiner Patienten, um seine Dienstleistungen zu verbessern, vorausgesetzt, die Bewertungen sind aufrichtig, echt, hilfreich und beziehen sich direkt auf die Dienstleistungen von Royal Hair. <\/p>\n<p>Indem Sie diese Allgemeinen Gesch\u00e4ftsbedingungen akzeptieren, verpflichten Sie sich, Royal Hair oder einen seiner Mitarbeiter nicht \u00f6ffentlich anzugreifen oder zu kritisieren (Bewertungswebsites, soziale Netzwerke, Blogs, \u00f6ffentliche Foren usw.), was \u00c4rzte, medizinisches Personal, das Krankenhaus, die Behandlung und die Dienstleistungen sowie die Leistungen des Hotels betrifft.<br \/>\nIm Falle eines Versto\u00dfes gegen diese Klausel m\u00fcssen Sie die Inhalte sofort nach unserer Beurteilung entfernen und l\u00f6schen.<br \/>\nSollte der Inhalt ganz oder teilweise bestehen bleiben, verpflichten Sie sich, 5.000 EUR als Schadensersatz an Royal Hair zu zahlen.  <\/p>\n<p><strong> <\/strong><\/p>\n<h2><strong>Vertraulichkeit und Datenschutz<\/strong><\/h2>\n<ol>\n<li>Royal Hair ist f\u00fcr die sichere und streng vertrauliche Aufbewahrung Ihrer pers\u00f6nlichen Daten verantwortlich.<br \/>\nRoyal Hair wird Ihre Daten, Aufzeichnungen oder Informationen nicht ohne Ihre Zustimmung weitergeben und sie nur mit medizinischem Personal teilen. <\/li>\n<li>Um Ihre Privatsph\u00e4re zu sch\u00fctzen, bewahrt Royal Hair alle Patienteninformationen in \u00dcbereinstimmung mit den t\u00fcrkischen Gesetzen \u00fcber die Freigabe und Weitergabe von pers\u00f6nlichen Gesundheitsinformationen auf.<br \/>\nIhre anonymen Vorher- und Nachher-Bilder k\u00f6nnen zu Demonstrationszwecken verwendet werden und werden m\u00f6glicherweise nur gezeigt, um m\u00f6gliche Ergebnisse verschiedener Verfahren zu zeigen. <\/li>\n<\/ol>\n<p>Indem Sie diesen Bedingungen zustimmen, erlauben Sie Royal Hair, Ihre Vorher-Nachher-Bilder Ihrer Behandlung in anonymer Form zu verwenden, um unsere Website zu verbessern und einen besseren Kundenservice zu bieten.<\/p>\n<\/p>\n<h2><strong>Gerichtsbarkeit<\/strong><\/h2>\n<p>Im Falle von Streitigkeiten, die sich aus diesem Vertrag ergeben, erkennen die Parteien die Zust\u00e4ndigkeit der Gerichts- und Vollstreckungsdirektionen von Istanbul an<b>.<\/b><\/p>\n\t\t\t\t\t\t\t\t<\/div>\n\t\t\t\t<\/div>\n\t\t\t\t\t<\/div>\n\t\t\t\t<\/div>\n\t\t\t\t<\/div>\n\t\t","protected":false},"excerpt":{"rendered":"<p>Zuhause Diese Allgemeinen Gesch\u00e4ftsbedingungen enthalten die Bedingungen f\u00fcr jedes Behandlungspaket, das Sie bei Royal Hair kaufen. Bitte lesen Sie diese Allgemeinen Gesch\u00e4ftsbedingungen und die Dokumente, auf die Sie unten Bezug nehmen: Der Zugriff auf die Informationen und den Service der Website https:\/\/royalhairistanbul.com ist gleichbedeutend mit Ihrer Zustimmung zu den nachstehend aufgef\u00fchrten Bedingungen und Konditionen. Sobald [&hellip;]<\/p>\n","protected":false},"author":1,"featured_media":0,"parent":0,"menu_order":0,"comment_status":"closed","ping_status":"closed","template":"","meta":{"footnotes":""},"class_list":["post-16385","page","type-page","status-publish","hentry"],"yoast_head":"<!-- This site is optimized with the Yoast SEO plugin v26.9 - https:\/\/yoast.com\/product\/yoast-seo-wordpress\/ -->\n<title>Bedingungen und Konditionen | Royal Hair Istanbul<\/title>\n<meta name=\"robots\" content=\"index, follow, max-snippet:-1, max-image-preview:large, max-video-preview:-1\" \/>\n<link rel=\"canonical\" href=\"https:\/\/royalhairistanbul.com\/de\/bedingungen-und-konditionen\/\" \/>\n<meta property=\"og:locale\" content=\"de_DE\" \/>\n<meta property=\"og:type\" content=\"article\" \/>\n<meta property=\"og:title\" content=\"Bedingungen und Konditionen | Royal Hair Istanbul\" \/>\n<meta property=\"og:description\" content=\"Zuhause Diese Allgemeinen Gesch\u00e4ftsbedingungen enthalten die Bedingungen f\u00fcr jedes Behandlungspaket, das Sie bei Royal Hair kaufen. Bitte lesen Sie diese Allgemeinen Gesch\u00e4ftsbedingungen und die Dokumente, auf die Sie unten Bezug nehmen: Der Zugriff auf die Informationen und den Service der Website https:\/\/royalhairistanbul.com ist gleichbedeutend mit Ihrer Zustimmung zu den nachstehend aufgef\u00fchrten Bedingungen und Konditionen. Sobald [&hellip;]\" \/>\n<meta property=\"og:url\" content=\"https:\/\/royalhairistanbul.com\/de\/bedingungen-und-konditionen\/\" \/>\n<meta property=\"og:site_name\" content=\"Royal Hair Istanbul\" \/>\n<meta property=\"article:publisher\" content=\"https:\/\/www.facebook.com\/p\/Royal-Hair-Istanbul-100090875640151\/\" \/>\n<meta property=\"article:modified_time\" content=\"2024-08-12T17:11:30+00:00\" \/>\n<meta property=\"og:image\" content=\"https:\/\/royalhairistanbul.com\/wp-content\/uploads\/2024\/05\/Royal-Logo-e1717190318727.png\" \/>\n\t<meta property=\"og:image:width\" content=\"3015\" \/>\n\t<meta property=\"og:image:height\" content=\"2715\" \/>\n\t<meta property=\"og:image:type\" content=\"image\/png\" \/>\n<meta name=\"twitter:card\" content=\"summary_large_image\" \/>\n<meta name=\"twitter:label1\" content=\"Gesch\u00e4tzte Lesezeit\" \/>\n\t<meta name=\"twitter:data1\" content=\"6\u00a0Minuten\" \/>\n<script type=\"application\/ld+json\" class=\"yoast-schema-graph\">{\"@context\":\"https:\/\/schema.org\",\"@graph\":[{\"@type\":\"WebPage\",\"@id\":\"https:\/\/royalhairistanbul.com\/de\/bedingungen-und-konditionen\/\",\"url\":\"https:\/\/royalhairistanbul.com\/de\/bedingungen-und-konditionen\/\",\"name\":\"Bedingungen und Konditionen | Royal Hair Istanbul\",\"isPartOf\":{\"@id\":\"https:\/\/new.royalhairistanbul.com\/de\/#website\"},\"datePublished\":\"2024-06-21T09:14:22+00:00\",\"dateModified\":\"2024-08-12T17:11:30+00:00\",\"breadcrumb\":{\"@id\":\"https:\/\/royalhairistanbul.com\/de\/bedingungen-und-konditionen\/#breadcrumb\"},\"inLanguage\":\"de\",\"potentialAction\":[{\"@type\":\"ReadAction\",\"target\":[\"https:\/\/royalhairistanbul.com\/de\/bedingungen-und-konditionen\/\"]}]},{\"@type\":\"BreadcrumbList\",\"@id\":\"https:\/\/royalhairistanbul.com\/de\/bedingungen-und-konditionen\/#breadcrumb\",\"itemListElement\":[{\"@type\":\"ListItem\",\"position\":1,\"name\":\"Home\",\"item\":\"https:\/\/new.royalhairistanbul.com\/de\/startseite\/\"},{\"@type\":\"ListItem\",\"position\":2,\"name\":\"Bedingungen und Konditionen\"}]},{\"@type\":\"WebSite\",\"@id\":\"https:\/\/new.royalhairistanbul.com\/de\/#website\",\"url\":\"https:\/\/new.royalhairistanbul.com\/de\/\",\"name\":\"Royal Hair Istanbul\",\"description\":\"\",\"publisher\":{\"@id\":\"https:\/\/new.royalhairistanbul.com\/de\/#organization\"},\"potentialAction\":[{\"@type\":\"SearchAction\",\"target\":{\"@type\":\"EntryPoint\",\"urlTemplate\":\"https:\/\/new.royalhairistanbul.com\/de\/?s={search_term_string}\"},\"query-input\":{\"@type\":\"PropertyValueSpecification\",\"valueRequired\":true,\"valueName\":\"search_term_string\"}}],\"inLanguage\":\"de\"},{\"@type\":\"Organization\",\"@id\":\"https:\/\/new.royalhairistanbul.com\/de\/#organization\",\"name\":\"Royal Hair Istanbul\",\"url\":\"https:\/\/new.royalhairistanbul.com\/de\/\",\"logo\":{\"@type\":\"ImageObject\",\"inLanguage\":\"de\",\"@id\":\"https:\/\/new.royalhairistanbul.com\/de\/#\/schema\/logo\/image\/\",\"url\":\"https:\/\/royalhairistanbul.com\/wp-content\/uploads\/2024\/05\/Royal-Logo-e1717190318727.png\",\"contentUrl\":\"https:\/\/royalhairistanbul.com\/wp-content\/uploads\/2024\/05\/Royal-Logo-e1717190318727.png\",\"width\":3015,\"height\":2715,\"caption\":\"Royal Hair Istanbul\"},\"image\":{\"@id\":\"https:\/\/new.royalhairistanbul.com\/de\/#\/schema\/logo\/image\/\"},\"sameAs\":[\"https:\/\/www.facebook.com\/p\/Royal-Hair-Istanbul-100090875640151\/\",\"https:\/\/www.instagram.com\/royalhair_istanbul\",\"https:\/\/www.youtube.com\/@RoyalHair-Istanbul\"]}]}<\/script>\n<!-- \/ Yoast SEO plugin. -->","yoast_head_json":{"title":"Bedingungen und Konditionen | Royal Hair Istanbul","robots":{"index":"index","follow":"follow","max-snippet":"max-snippet:-1","max-image-preview":"max-image-preview:large","max-video-preview":"max-video-preview:-1"},"canonical":"https:\/\/royalhairistanbul.com\/de\/bedingungen-und-konditionen\/","og_locale":"de_DE","og_type":"article","og_title":"Bedingungen und Konditionen | Royal Hair Istanbul","og_description":"Zuhause Diese Allgemeinen Gesch\u00e4ftsbedingungen enthalten die Bedingungen f\u00fcr jedes Behandlungspaket, das Sie bei Royal Hair kaufen. Bitte lesen Sie diese Allgemeinen Gesch\u00e4ftsbedingungen und die Dokumente, auf die Sie unten Bezug nehmen: Der Zugriff auf die Informationen und den Service der Website https:\/\/royalhairistanbul.com ist gleichbedeutend mit Ihrer Zustimmung zu den nachstehend aufgef\u00fchrten Bedingungen und Konditionen. Sobald [&hellip;]","og_url":"https:\/\/royalhairistanbul.com\/de\/bedingungen-und-konditionen\/","og_site_name":"Royal Hair Istanbul","article_publisher":"https:\/\/www.facebook.com\/p\/Royal-Hair-Istanbul-100090875640151\/","article_modified_time":"2024-08-12T17:11:30+00:00","og_image":[{"width":3015,"height":2715,"url":"https:\/\/royalhairistanbul.com\/wp-content\/uploads\/2024\/05\/Royal-Logo-e1717190318727.png","type":"image\/png"}],"twitter_card":"summary_large_image","twitter_misc":{"Gesch\u00e4tzte Lesezeit":"6\u00a0Minuten"},"schema":{"@context":"https:\/\/schema.org","@graph":[{"@type":"WebPage","@id":"https:\/\/royalhairistanbul.com\/de\/bedingungen-und-konditionen\/","url":"https:\/\/royalhairistanbul.com\/de\/bedingungen-und-konditionen\/","name":"Bedingungen und Konditionen | Royal Hair Istanbul","isPartOf":{"@id":"https:\/\/new.royalhairistanbul.com\/de\/#website"},"datePublished":"2024-06-21T09:14:22+00:00","dateModified":"2024-08-12T17:11:30+00:00","breadcrumb":{"@id":"https:\/\/royalhairistanbul.com\/de\/bedingungen-und-konditionen\/#breadcrumb"},"inLanguage":"de","potentialAction":[{"@type":"ReadAction","target":["https:\/\/royalhairistanbul.com\/de\/bedingungen-und-konditionen\/"]}]},{"@type":"BreadcrumbList","@id":"https:\/\/royalhairistanbul.com\/de\/bedingungen-und-konditionen\/#breadcrumb","itemListElement":[{"@type":"ListItem","position":1,"name":"Home","item":"https:\/\/new.royalhairistanbul.com\/de\/startseite\/"},{"@type":"ListItem","position":2,"name":"Bedingungen und Konditionen"}]},{"@type":"WebSite","@id":"https:\/\/new.royalhairistanbul.com\/de\/#website","url":"https:\/\/new.royalhairistanbul.com\/de\/","name":"Royal Hair Istanbul","description":"","publisher":{"@id":"https:\/\/new.royalhairistanbul.com\/de\/#organization"},"potentialAction":[{"@type":"SearchAction","target":{"@type":"EntryPoint","urlTemplate":"https:\/\/new.royalhairistanbul.com\/de\/?s={search_term_string}"},"query-input":{"@type":"PropertyValueSpecification","valueRequired":true,"valueName":"search_term_string"}}],"inLanguage":"de"},{"@type":"Organization","@id":"https:\/\/new.royalhairistanbul.com\/de\/#organization","name":"Royal Hair Istanbul","url":"https:\/\/new.royalhairistanbul.com\/de\/","logo":{"@type":"ImageObject","inLanguage":"de","@id":"https:\/\/new.royalhairistanbul.com\/de\/#\/schema\/logo\/image\/","url":"https:\/\/royalhairistanbul.com\/wp-content\/uploads\/2024\/05\/Royal-Logo-e1717190318727.png","contentUrl":"https:\/\/royalhairistanbul.com\/wp-content\/uploads\/2024\/05\/Royal-Logo-e1717190318727.png","width":3015,"height":2715,"caption":"Royal Hair Istanbul"},"image":{"@id":"https:\/\/new.royalhairistanbul.com\/de\/#\/schema\/logo\/image\/"},"sameAs":["https:\/\/www.facebook.com\/p\/Royal-Hair-Istanbul-100090875640151\/","https:\/\/www.instagram.com\/royalhair_istanbul","https:\/\/www.youtube.com\/@RoyalHair-Istanbul"]}]}},"_links":{"self":[{"href":"https:\/\/royalhairistanbul.com\/de\/wp-json\/wp\/v2\/pages\/16385","targetHints":{"allow":["GET"]}}],"collection":[{"href":"https:\/\/royalhairistanbul.com\/de\/wp-json\/wp\/v2\/pages"}],"about":[{"href":"https:\/\/royalhairistanbul.com\/de\/wp-json\/wp\/v2\/types\/page"}],"author":[{"embeddable":true,"href":"https:\/\/royalhairistanbul.com\/de\/wp-json\/wp\/v2\/users\/1"}],"replies":[{"embeddable":true,"href":"https:\/\/royalhairistanbul.com\/de\/wp-json\/wp\/v2\/comments?post=16385"}],"version-history":[{"count":0,"href":"https:\/\/royalhairistanbul.com\/de\/wp-json\/wp\/v2\/pages\/16385\/revisions"}],"wp:attachment":[{"href":"https:\/\/royalhairistanbul.com\/de\/wp-json\/wp\/v2\/media?parent=16385"}],"curies":[{"name":"wp","href":"https:\/\/api.w.org\/{rel}","templated":true}]}}