{"id":16387,"date":"2024-06-21T09:14:22","date_gmt":"2024-06-21T09:14:22","guid":{"rendered":"https:\/\/royalhairistanbul.com\/conditions-generales-dutilisation\/"},"modified":"2024-08-12T17:11:30","modified_gmt":"2024-08-12T17:11:30","slug":"conditions-generales-dutilisation","status":"publish","type":"page","link":"https:\/\/royalhairistanbul.com\/fr\/conditions-generales-dutilisation\/","title":{"rendered":"Conditions g\u00e9n\u00e9rales d&rsquo;utilisation"},"content":{"rendered":"\t\t<div data-elementor-type=\"wp-page\" data-elementor-id=\"16387\" class=\"elementor elementor-16387 elementor-14836\" data-elementor-post-type=\"page\">\n\t\t\t\t<div data-particle_enable=\"false\" data-particle-mobile-disabled=\"false\" class=\"elementor-element elementor-element-6750654 e-flex e-con-boxed e-con e-parent\" data-id=\"6750654\" data-element_type=\"container\" data-e-type=\"container\" data-settings=\"{&quot;background_background&quot;:&quot;classic&quot;}\">\n\t\t\t\t\t<div class=\"e-con-inner\">\n\t\t<div data-particle_enable=\"false\" data-particle-mobile-disabled=\"false\" class=\"elementor-element elementor-element-d8562b6 e-flex e-con-boxed e-con e-child\" data-id=\"d8562b6\" data-element_type=\"container\" data-e-type=\"container\" data-settings=\"{&quot;background_background&quot;:&quot;classic&quot;}\">\n\t\t\t\t\t<div class=\"e-con-inner\">\n\t\t\t\t<div class=\"elementor-element elementor-element-93ee325 elementor-widget elementor-widget-spacer\" data-id=\"93ee325\" data-element_type=\"widget\" data-e-type=\"widget\" data-widget_type=\"spacer.default\">\n\t\t\t\t<div class=\"elementor-widget-container\">\n\t\t\t\t\t\t\t<div class=\"elementor-spacer\">\n\t\t\t<div class=\"elementor-spacer-inner\"><\/div>\n\t\t<\/div>\n\t\t\t\t\t\t<\/div>\n\t\t\t\t<\/div>\n\t\t<div data-particle_enable=\"false\" data-particle-mobile-disabled=\"false\" class=\"elementor-element elementor-element-c67e5da e-flex e-con-boxed e-con e-child\" data-id=\"c67e5da\" data-element_type=\"container\" data-e-type=\"container\">\n\t\t\t\t\t<div class=\"e-con-inner\">\n\t\t<div data-particle_enable=\"false\" data-particle-mobile-disabled=\"false\" class=\"elementor-element elementor-element-4a40ca1 e-con-full e-flex e-con e-child\" data-id=\"4a40ca1\" data-element_type=\"container\" data-e-type=\"container\">\n\t\t\t\t<div class=\"elementor-element elementor-element-69ecf5c elementor-widget elementor-widget-heading\" data-id=\"69ecf5c\" data-element_type=\"widget\" data-e-type=\"widget\" data-widget_type=\"heading.default\">\n\t\t\t\t<div class=\"elementor-widget-container\">\n\t\t\t\t\t<h5 class=\"elementor-heading-title elementor-size-default\">domicile<\/h5>\t\t\t\t<\/div>\n\t\t\t\t<\/div>\n\t\t\t\t<\/div>\n\t\t<div data-particle_enable=\"false\" data-particle-mobile-disabled=\"false\" class=\"elementor-element elementor-element-29a8fa1 e-con-full e-flex e-con e-child\" data-id=\"29a8fa1\" data-element_type=\"container\" data-e-type=\"container\">\n\t\t\t\t<div class=\"elementor-element elementor-element-dc10bd3 elementor-view-default elementor-widget elementor-widget-icon\" data-id=\"dc10bd3\" data-element_type=\"widget\" data-e-type=\"widget\" data-widget_type=\"icon.default\">\n\t\t\t\t<div class=\"elementor-widget-container\">\n\t\t\t\t\t\t\t<div class=\"elementor-icon-wrapper\">\n\t\t\t<div class=\"elementor-icon\">\n\t\t\t<svg aria-hidden=\"true\" class=\"e-font-icon-svg e-fas-chevron-right\" viewBox=\"0 0 320 512\" xmlns=\"http:\/\/www.w3.org\/2000\/svg\"><path d=\"M285.476 272.971L91.132 467.314c-9.373 9.373-24.569 9.373-33.941 0l-22.667-22.667c-9.357-9.357-9.375-24.522-.04-33.901L188.505 256 34.484 101.255c-9.335-9.379-9.317-24.544.04-33.901l22.667-22.667c9.373-9.373 24.569-9.373 33.941 0L285.475 239.03c9.373 9.372 9.373 24.568.001 33.941z\"><\/path><\/svg>\t\t\t<\/div>\n\t\t<\/div>\n\t\t\t\t\t\t<\/div>\n\t\t\t\t<\/div>\n\t\t\t\t<\/div>\n\t\t<div data-particle_enable=\"false\" data-particle-mobile-disabled=\"false\" class=\"elementor-element elementor-element-53631d4 e-con-full e-flex e-con e-child\" data-id=\"53631d4\" data-element_type=\"container\" data-e-type=\"container\">\n\t\t\t\t<\/div>\n\t\t\t\t\t<\/div>\n\t\t\t\t<\/div>\n\t\t\t\t<div class=\"elementor-element elementor-element-dbf94a3 elementor-widget elementor-widget-spacer\" data-id=\"dbf94a3\" data-element_type=\"widget\" data-e-type=\"widget\" data-widget_type=\"spacer.default\">\n\t\t\t\t<div class=\"elementor-widget-container\">\n\t\t\t\t\t\t\t<div class=\"elementor-spacer\">\n\t\t\t<div class=\"elementor-spacer-inner\"><\/div>\n\t\t<\/div>\n\t\t\t\t\t\t<\/div>\n\t\t\t\t<\/div>\n\t\t\t\t\t<\/div>\n\t\t\t\t<\/div>\n\t\t\t\t\t<\/div>\n\t\t\t\t<\/div>\n\t\t<div data-particle_enable=\"false\" data-particle-mobile-disabled=\"false\" class=\"elementor-element elementor-element-1dcf955 e-flex e-con-boxed e-con e-parent\" data-id=\"1dcf955\" data-element_type=\"container\" data-e-type=\"container\">\n\t\t\t\t\t<div class=\"e-con-inner\">\n\t\t\t\t<div class=\"elementor-element elementor-element-f1172a3 elementor-widget elementor-widget-text-editor\" data-id=\"f1172a3\" data-element_type=\"widget\" data-e-type=\"widget\" data-widget_type=\"text-editor.default\">\n\t\t\t\t<div class=\"elementor-widget-container\">\n\t\t\t\t\t\t\t\t\t<p>Les pr\u00e9sentes conditions g\u00e9n\u00e9rales d\u00e9finissent les conditions de tout traitement que vous achetez aupr\u00e8s de Royal Hair.<\/p>\n<p>Veuillez lire les pr\u00e9sentes conditions g\u00e9n\u00e9rales et les documents mentionn\u00e9s ci-dessous :<\/p>\n<p>L&rsquo;acc\u00e8s \u00e0 l&rsquo;information et au service fourni par le site web https:\/\/royalhairistanbul.com \u00e9quivaut \u00e0 votre acceptation des termes et conditions \u00e9num\u00e9r\u00e9s ci-dessous.<\/p>\n<p>Une fois que vous aurez accept\u00e9 le devis qui vous est propos\u00e9 et si vous n&rsquo;avez pas de probl\u00e8me de sant\u00e9 pour l&rsquo;intervention chirurgicale pr\u00e9vue, vous devrez nous verser un acompte et <strong>votre contrat sera fond\u00e9 sur les conditions g\u00e9n\u00e9rales \u00e9nonc\u00e9es ici et dans le formulaire d&rsquo;ant\u00e9c\u00e9dents m\u00e9dicaux.<\/strong><\/p>\n<p><strong> <\/strong><\/p>\n<h2><strong>D\u00e9finitions<\/strong><\/h2>\n<p><strong>Forfait de traitement :<\/strong> Le forfait de traitement peut comprendre le traitement, l&rsquo;h\u00e9bergement, les transferts, la visite de la ville et les services d&rsquo;un sp\u00e9cialiste de l&rsquo;exp\u00e9rience client, selon le choix du patient.<\/p>\n<p><strong>Traitement :<\/strong> Le traitement m\u00e9dical qui sera effectu\u00e9 dans notre clinique.<\/p>\n<\/p>\n<h2><strong>Responsabilit\u00e9s de Royal Hair<\/strong><\/h2>\n<ol>\n<li>Votre dossier m\u00e9dical est d\u00e9termin\u00e9 sur la base de vos photos et des r\u00e9sultats de vos examens.<br \/>\nIl est donc susceptible d&rsquo;\u00eatre modifi\u00e9 lors de l&rsquo;examen physique avec le m\u00e9decin. <\/li>\n<li>Votre programme de traitement couvre tous les examens pr\u00e9op\u00e9ratoires.<br \/>\nToutefois, des frais suppl\u00e9mentaires peuvent vous \u00eatre factur\u00e9s pour des examens compl\u00e9mentaires jug\u00e9s n\u00e9cessaires en raison d&rsquo;une maladie pr\u00e9existante ou de votre exposition ou susceptibilit\u00e9 \u00e0 une maladie. <\/li>\n<li>Votre programme de soins comprend le nombre \u00e9valu\u00e9 de nuits de votre s\u00e9jour \u00e0 l&rsquo;h\u00f4pital et ce nombre est indiqu\u00e9 dans votre devis et\/ou itin\u00e9raire.<br \/>\nSi vous restez plus de nuits que ce qui est indiqu\u00e9 dans votre programme de soins, les nuits suppl\u00e9mentaires vous seront factur\u00e9es au tarif en vigueur de l&rsquo;h\u00f4pital. <\/li>\n<li>Royal Hair vous fournira toutes les informations n\u00e9cessaires sur votre forfait m\u00e9dical avant votre voyage, notamment :<br \/>&#8211; Le nom et l&rsquo;adresse de l&rsquo;h\u00f4tel (s&rsquo;il est inclus dans votre forfait m\u00e9dical)<br \/>&#8211; La date, l&rsquo;heure et les lieux des transferts (s&rsquo;ils sont inclus dans votre forfait m\u00e9dical)<br \/>&#8211; La date et l&rsquo;heure du traitement<br \/>&#8211; Le co\u00fbt du forfait m\u00e9dical<br \/>&#8211; Les conditions d&rsquo;obtention d&rsquo;un visa et d&rsquo;un passeport<\/li>\n<\/ol>\n<div> <\/div>\n<h2><strong>Vos responsabilit\u00e9s<\/strong><\/h2>\n<ol>\n<li>En acceptant ces conditions, vous acceptez de partager toute information concernant votre \u00e9tat de sant\u00e9.<\/li>\n<li>Il vous incombe de fournir les informations appropri\u00e9es concernant votre \u00e9tat de sant\u00e9 afin que nous puissions vous proposer un plan de traitement ad\u00e9quat.<\/li>\n<li>Vous \u00eates responsable de la pr\u00e9paration de vos documents de voyage, tels que le passeport et le visa, en vue de votre traitement.<\/li>\n<li>En acceptant ces conditions g\u00e9n\u00e9rales, vous autorisez Royal Hair \u00e0 obtenir votre dossier m\u00e9dical et \u00e0 le conserver en cas de n\u00e9cessit\u00e9.<\/li>\n<li>Pour recevoir un traitement de Royal Hair, vous devez verser un acompte \u00e0 Royal Hair avant de commencer votre voyage et vous devez payer la totalit\u00e9 du montant avant votre traitement.<br \/>\nVous ne recevrez aucun traitement avant d&rsquo;avoir effectu\u00e9 votre paiement. <\/li>\n<li>Il est de votre responsabilit\u00e9 d&rsquo;ajouter tout type d&rsquo;assurance \u00e0 votre forfait m\u00e9dical.<br \/>\nRoyal Hair propose des assurances m\u00e9dicales de voyage sur son site web et vous pouvez souscrire \u00e0 l&rsquo;une d&rsquo;entre elles.<br \/>\nEn acceptant les pr\u00e9sentes conditions g\u00e9n\u00e9rales, vous acceptez votre obligation d&rsquo;assurance.  <\/li>\n<\/ol>\n<div> <\/div>\n<h2><strong>Annulation<\/strong><\/h2>\n<p><strong>1)<\/strong> Si votre plan de traitement est modifi\u00e9 \u00e0 la suite de l&rsquo;examen physique effectu\u00e9 par votre m\u00e9decin\/chirurgien ou en raison des r\u00e9sultats de vos tests, vous avez la possibilit\u00e9 de ne pas poursuivre.<br \/>\nDans ce cas, vous recevrez un remboursement apr\u00e8s d\u00e9duction des co\u00fbts li\u00e9s aux tests et aux consultations du montant total de votre forfait. <\/p>\n<p><strong>2)<\/strong> Si vous versez votre acompte avant de remplir le formulaire d&rsquo;ant\u00e9c\u00e9dents m\u00e9dicaux et qu&rsquo;apr\u00e8s avoir rempli le formulaire d&rsquo;ant\u00e9c\u00e9dents m\u00e9dicaux, le m\u00e9decin estime que votre \u00e9tat de sant\u00e9 n&rsquo;est pas adapt\u00e9 \u00e0 l&rsquo;intervention chirurgicale pr\u00e9vue, votre acompte vous sera enti\u00e8rement rembours\u00e9.<\/p>\n<p><strong>3) <\/strong>En cas d&rsquo;annulation, l&rsquo;acompte ne sera pas rembours\u00e9, que votre billet d&rsquo;avion ait \u00e9t\u00e9 ou non re\u00e7u par Royal Hair.<br \/>\nSi vous avez une raison valable d&rsquo;annuler temporairement, vous pouvez quand m\u00eame recevoir votre traitement dans les 6 mois suivant le versement de l&rsquo;acompte ou cet acompte peut \u00eatre utilis\u00e9 par vos parents\/amis, etc. selon votre suggestion. <\/p>\n<div> <\/div>\n<h2><strong>Examen m\u00e9dical<\/strong><\/h2>\n<p>Royal Hair vous rappelle que tous les types de chirurgie\/traitement comportent certains risques m\u00e9dicaux ; les risques associ\u00e9s \u00e0 la chirurgie esth\u00e9tique comprennent \u00e9galement l&rsquo;insatisfaction des r\u00e9sultats.<br \/>\nVous et le chirurgien\/professionnel devez vous mettre d&rsquo;accord sur le r\u00e9sultat attendu de votre chirurgie\/traitement afin que vos attentes en mati\u00e8re de r\u00e9sultats soient r\u00e9alistes et raisonnables. <\/p>\n<p>Tous les conseils m\u00e9dicaux ou chirurgicaux fournis par le biais du site web de Royal Hair, des documents \u00e9lectroniques, des messages sont exacts au mieux des connaissances de Royal Hair.<br \/>\nCependant, il est de votre responsabilit\u00e9 qu&rsquo;ils soient \u00e0 nouveau discut\u00e9s lors d&rsquo;une consultation en face \u00e0 face avec votre chirurgien avant votre traitement.<br \/>\nN&rsquo;h\u00e9sitez donc jamais \u00e0 demander \u00e0 votre chirurgien tout ce que vous voulez savoir avant de subir un traitement chirurgical.  <\/p>\n<p><strong> <\/strong><\/p>\n<h2><strong>Postcure<\/strong><\/h2>\n<p>Vous aurez un certain nombre de contr\u00f4les apr\u00e8s votre op\u00e9ration.<br \/>\nL&rsquo;un se d\u00e9roulera \u00e0 l&rsquo;h\u00f4pital et l&rsquo;autre avant votre retour dans votre pays.<br \/>\nVotre chirurgien vous donnera des instructions sur les soins \u00e0 prodiguer apr\u00e8s l&rsquo;op\u00e9ration.  <\/p>\n<p>Vous \u00eates tenu de suivre les instructions de soins postop\u00e9ratoires.<br \/>\nSi des complications surviennent apr\u00e8s votre retour dans votre pays, nous vous aiderons en vous demandant vos photos, vos r\u00e9sultats d&rsquo;examen, tout rapport m\u00e9dical que vous avez re\u00e7u dans votre pays d&rsquo;origine et nous les transmettrons \u00e0 votre chirurgien afin qu&rsquo;il suive votre cas, qu&rsquo;il donne son avis et qu&rsquo;il d\u00e9termine les \u00e9ventuelles \u00e9tapes suivantes du traitement post-op\u00e9ratoire. <\/p>\n<p>Si vous avez besoin d&rsquo;une r\u00e9vision ou d&rsquo;un traitement correctif et si votre chirurgien confirme et accepte que vous avez besoin d&rsquo;une r\u00e9vision ou d&rsquo;un traitement correctif, le chirurgien prendra en charge le co\u00fbt du traitement.<br \/>\nDans ce cas, vous n&rsquo;aurez \u00e0 supporter que les frais d&rsquo;hospitalisation (\u00e0 l&rsquo;exclusion du chirurgien), de voyage, d&rsquo;h\u00e9bergement, de transfert et de subsistance.<br \/>La clinique\/l&rsquo;h\u00f4pital vous donnera des instructions et des conseils en mati\u00e8re de soins postop\u00e9ratoires.<br \/>\nSi vous ne suivez pas ces instructions et que des r\u00e9percussions surviennent en raison du manque de soins, l&rsquo;h\u00f4pital et le chirurgien ne peuvent \u00eatre tenus pour responsables.  <\/p>\n<p><strong> <\/strong><\/p>\n<h2><strong>Retours d&rsquo;exp\u00e9rience et commentaires<\/strong><\/h2>\n<p>Royal Hair s&rsquo;efforce de fournir un service d&rsquo;excellente qualit\u00e9.<br \/>\nRoyal Hair souhaite recevoir des commentaires de ses patients afin d&rsquo;am\u00e9liorer ses services, \u00e0 condition que ces commentaires soient sinc\u00e8res, authentiques, utiles et directement li\u00e9s aux services de Royal Hair. <\/p>\n<p>En acceptant ces conditions g\u00e9n\u00e9rales, vous acceptez de ne pas attaquer ou critiquer Royal Hair ou l&rsquo;un de ses employ\u00e9s publiquement (sites Web d&rsquo;\u00e9valuation, r\u00e9seaux de m\u00e9dias sociaux, blogs, forums publics, etc.) concernant les m\u00e9decins, le personnel m\u00e9dical, l&rsquo;h\u00f4pital, les traitements et les services ainsi que les services de l&rsquo;h\u00f4tel.<br \/>\nEn cas de violation de cette clause, vous devez supprimer et retirer le contenu imm\u00e9diatement apr\u00e8s notre \u00e9valuation.<br \/>\nSi le contenu demeure, en partie ou en totalit\u00e9, vous acceptez de payer 5 000 EUR \u00e0 Royal Hair \u00e0 titre de dommages et int\u00e9r\u00eats.  <\/p>\n<p><strong> <\/strong><\/p>\n<h2><strong>Confidentialit\u00e9 et protection des donn\u00e9es<\/strong><\/h2>\n<ol>\n<li>Royal Hair est responsable de la conservation de vos informations personnelles de mani\u00e8re strictement confidentielle.<br \/>\nRoyal Hair ne divulguera pas vos donn\u00e9es, dossiers ou informations sans votre consentement et ne les partagera qu&rsquo;avec le personnel m\u00e9dical. <\/li>\n<li>Pour garantir le respect de votre vie priv\u00e9e, Royal Hair conserve toutes les informations relatives aux patients conform\u00e9ment aux lois turques concernant la diffusion et la divulgation d&rsquo;informations personnelles sur la sant\u00e9.<br \/>\nVos photos anonymes avant et apr\u00e8s peuvent \u00eatre utilis\u00e9es \u00e0 des fins d\u00e9monstratives et peuvent \u00eatre pr\u00e9sent\u00e9es uniquement pour montrer les r\u00e9sultats possibles de diverses proc\u00e9dures. <\/li>\n<\/ol>\n<p>En acceptant ces conditions g\u00e9n\u00e9rales, vous autorisez Royal Hair \u00e0 utiliser vos photos avant-apr\u00e8s de votre traitement de mani\u00e8re anonyme afin d&rsquo;am\u00e9liorer notre site et de fournir un meilleur service \u00e0 la client\u00e8le.<\/p>\n<\/p>\n<h2><strong>Comp\u00e9tence<\/strong><\/h2>\n<p>En cas de litige d\u00e9coulant du pr\u00e9sent contrat, les parties acceptent l&rsquo;autorit\u00e9 du tribunal et des directions d&rsquo;ex\u00e9cution d&rsquo;Istanbul<b>.<\/b><\/p>\n\t\t\t\t\t\t\t\t<\/div>\n\t\t\t\t<\/div>\n\t\t\t\t\t<\/div>\n\t\t\t\t<\/div>\n\t\t\t\t<\/div>\n\t\t","protected":false},"excerpt":{"rendered":"<p>domicile Les pr\u00e9sentes conditions g\u00e9n\u00e9rales d\u00e9finissent les conditions de tout traitement que vous achetez aupr\u00e8s de Royal Hair. Veuillez lire les pr\u00e9sentes conditions g\u00e9n\u00e9rales et les documents mentionn\u00e9s ci-dessous : L&rsquo;acc\u00e8s \u00e0 l&rsquo;information et au service fourni par le site web https:\/\/royalhairistanbul.com \u00e9quivaut \u00e0 votre acceptation des termes et conditions \u00e9num\u00e9r\u00e9s ci-dessous. Une fois que [&hellip;]<\/p>\n","protected":false},"author":1,"featured_media":0,"parent":0,"menu_order":0,"comment_status":"closed","ping_status":"closed","template":"","meta":{"footnotes":""},"class_list":["post-16387","page","type-page","status-publish","hentry"],"yoast_head":"<!-- This site is optimized with the Yoast SEO plugin v26.9 - https:\/\/yoast.com\/product\/yoast-seo-wordpress\/ -->\n<title>Conditions g\u00e9n\u00e9rales d&#039;utilisation | Royal Hair Istanbul<\/title>\n<meta name=\"robots\" content=\"index, follow, max-snippet:-1, max-image-preview:large, max-video-preview:-1\" \/>\n<link rel=\"canonical\" href=\"https:\/\/royalhairistanbul.com\/fr\/conditions-generales-dutilisation\/\" \/>\n<meta property=\"og:locale\" content=\"fr_FR\" \/>\n<meta property=\"og:type\" content=\"article\" \/>\n<meta property=\"og:title\" content=\"Conditions g\u00e9n\u00e9rales d&#039;utilisation | Royal Hair Istanbul\" \/>\n<meta property=\"og:description\" content=\"domicile Les pr\u00e9sentes conditions g\u00e9n\u00e9rales d\u00e9finissent les conditions de tout traitement que vous achetez aupr\u00e8s de Royal Hair. Veuillez lire les pr\u00e9sentes conditions g\u00e9n\u00e9rales et les documents mentionn\u00e9s ci-dessous : L&rsquo;acc\u00e8s \u00e0 l&rsquo;information et au service fourni par le site web https:\/\/royalhairistanbul.com \u00e9quivaut \u00e0 votre acceptation des termes et conditions \u00e9num\u00e9r\u00e9s ci-dessous. Une fois que [&hellip;]\" \/>\n<meta property=\"og:url\" content=\"https:\/\/royalhairistanbul.com\/fr\/conditions-generales-dutilisation\/\" \/>\n<meta property=\"og:site_name\" content=\"Royal Hair Istanbul\" \/>\n<meta property=\"article:publisher\" content=\"https:\/\/www.facebook.com\/p\/Royal-Hair-Istanbul-100090875640151\/\" \/>\n<meta property=\"article:modified_time\" content=\"2024-08-12T17:11:30+00:00\" \/>\n<meta property=\"og:image\" content=\"https:\/\/royalhairistanbul.com\/wp-content\/uploads\/2024\/05\/Royal-Logo-e1717190318727.png\" \/>\n\t<meta property=\"og:image:width\" content=\"3015\" \/>\n\t<meta property=\"og:image:height\" content=\"2715\" \/>\n\t<meta property=\"og:image:type\" content=\"image\/png\" \/>\n<meta name=\"twitter:card\" content=\"summary_large_image\" \/>\n<meta name=\"twitter:label1\" content=\"Dur\u00e9e de lecture estim\u00e9e\" \/>\n\t<meta name=\"twitter:data1\" content=\"7 minutes\" \/>\n<script type=\"application\/ld+json\" class=\"yoast-schema-graph\">{\"@context\":\"https:\/\/schema.org\",\"@graph\":[{\"@type\":\"WebPage\",\"@id\":\"https:\/\/royalhairistanbul.com\/fr\/conditions-generales-dutilisation\/\",\"url\":\"https:\/\/royalhairistanbul.com\/fr\/conditions-generales-dutilisation\/\",\"name\":\"Conditions g\u00e9n\u00e9rales d'utilisation | Royal Hair Istanbul\",\"isPartOf\":{\"@id\":\"https:\/\/new.royalhairistanbul.com\/fr\/#website\"},\"datePublished\":\"2024-06-21T09:14:22+00:00\",\"dateModified\":\"2024-08-12T17:11:30+00:00\",\"breadcrumb\":{\"@id\":\"https:\/\/royalhairistanbul.com\/fr\/conditions-generales-dutilisation\/#breadcrumb\"},\"inLanguage\":\"fr-FR\",\"potentialAction\":[{\"@type\":\"ReadAction\",\"target\":[\"https:\/\/royalhairistanbul.com\/fr\/conditions-generales-dutilisation\/\"]}]},{\"@type\":\"BreadcrumbList\",\"@id\":\"https:\/\/royalhairistanbul.com\/fr\/conditions-generales-dutilisation\/#breadcrumb\",\"itemListElement\":[{\"@type\":\"ListItem\",\"position\":1,\"name\":\"Home\",\"item\":\"https:\/\/new.royalhairistanbul.com\/fr\/accueil\/\"},{\"@type\":\"ListItem\",\"position\":2,\"name\":\"Conditions g\u00e9n\u00e9rales d&#8217;utilisation\"}]},{\"@type\":\"WebSite\",\"@id\":\"https:\/\/new.royalhairistanbul.com\/fr\/#website\",\"url\":\"https:\/\/new.royalhairistanbul.com\/fr\/\",\"name\":\"Royal Hair Istanbul\",\"description\":\"\",\"publisher\":{\"@id\":\"https:\/\/new.royalhairistanbul.com\/fr\/#organization\"},\"potentialAction\":[{\"@type\":\"SearchAction\",\"target\":{\"@type\":\"EntryPoint\",\"urlTemplate\":\"https:\/\/new.royalhairistanbul.com\/fr\/?s={search_term_string}\"},\"query-input\":{\"@type\":\"PropertyValueSpecification\",\"valueRequired\":true,\"valueName\":\"search_term_string\"}}],\"inLanguage\":\"fr-FR\"},{\"@type\":\"Organization\",\"@id\":\"https:\/\/new.royalhairistanbul.com\/fr\/#organization\",\"name\":\"Royal Hair Istanbul\",\"url\":\"https:\/\/new.royalhairistanbul.com\/fr\/\",\"logo\":{\"@type\":\"ImageObject\",\"inLanguage\":\"fr-FR\",\"@id\":\"https:\/\/new.royalhairistanbul.com\/fr\/#\/schema\/logo\/image\/\",\"url\":\"https:\/\/royalhairistanbul.com\/wp-content\/uploads\/2024\/05\/Royal-Logo-e1717190318727.png\",\"contentUrl\":\"https:\/\/royalhairistanbul.com\/wp-content\/uploads\/2024\/05\/Royal-Logo-e1717190318727.png\",\"width\":3015,\"height\":2715,\"caption\":\"Royal Hair Istanbul\"},\"image\":{\"@id\":\"https:\/\/new.royalhairistanbul.com\/fr\/#\/schema\/logo\/image\/\"},\"sameAs\":[\"https:\/\/www.facebook.com\/p\/Royal-Hair-Istanbul-100090875640151\/\",\"https:\/\/www.instagram.com\/royalhair_istanbul\",\"https:\/\/www.youtube.com\/@RoyalHair-Istanbul\"]}]}<\/script>\n<!-- \/ Yoast SEO plugin. -->","yoast_head_json":{"title":"Conditions g\u00e9n\u00e9rales d'utilisation | Royal Hair Istanbul","robots":{"index":"index","follow":"follow","max-snippet":"max-snippet:-1","max-image-preview":"max-image-preview:large","max-video-preview":"max-video-preview:-1"},"canonical":"https:\/\/royalhairistanbul.com\/fr\/conditions-generales-dutilisation\/","og_locale":"fr_FR","og_type":"article","og_title":"Conditions g\u00e9n\u00e9rales d'utilisation | Royal Hair Istanbul","og_description":"domicile Les pr\u00e9sentes conditions g\u00e9n\u00e9rales d\u00e9finissent les conditions de tout traitement que vous achetez aupr\u00e8s de Royal Hair. Veuillez lire les pr\u00e9sentes conditions g\u00e9n\u00e9rales et les documents mentionn\u00e9s ci-dessous : L&rsquo;acc\u00e8s \u00e0 l&rsquo;information et au service fourni par le site web https:\/\/royalhairistanbul.com \u00e9quivaut \u00e0 votre acceptation des termes et conditions \u00e9num\u00e9r\u00e9s ci-dessous. Une fois que [&hellip;]","og_url":"https:\/\/royalhairistanbul.com\/fr\/conditions-generales-dutilisation\/","og_site_name":"Royal Hair Istanbul","article_publisher":"https:\/\/www.facebook.com\/p\/Royal-Hair-Istanbul-100090875640151\/","article_modified_time":"2024-08-12T17:11:30+00:00","og_image":[{"width":3015,"height":2715,"url":"https:\/\/royalhairistanbul.com\/wp-content\/uploads\/2024\/05\/Royal-Logo-e1717190318727.png","type":"image\/png"}],"twitter_card":"summary_large_image","twitter_misc":{"Dur\u00e9e de lecture estim\u00e9e":"7 minutes"},"schema":{"@context":"https:\/\/schema.org","@graph":[{"@type":"WebPage","@id":"https:\/\/royalhairistanbul.com\/fr\/conditions-generales-dutilisation\/","url":"https:\/\/royalhairistanbul.com\/fr\/conditions-generales-dutilisation\/","name":"Conditions g\u00e9n\u00e9rales d'utilisation | Royal Hair Istanbul","isPartOf":{"@id":"https:\/\/new.royalhairistanbul.com\/fr\/#website"},"datePublished":"2024-06-21T09:14:22+00:00","dateModified":"2024-08-12T17:11:30+00:00","breadcrumb":{"@id":"https:\/\/royalhairistanbul.com\/fr\/conditions-generales-dutilisation\/#breadcrumb"},"inLanguage":"fr-FR","potentialAction":[{"@type":"ReadAction","target":["https:\/\/royalhairistanbul.com\/fr\/conditions-generales-dutilisation\/"]}]},{"@type":"BreadcrumbList","@id":"https:\/\/royalhairistanbul.com\/fr\/conditions-generales-dutilisation\/#breadcrumb","itemListElement":[{"@type":"ListItem","position":1,"name":"Home","item":"https:\/\/new.royalhairistanbul.com\/fr\/accueil\/"},{"@type":"ListItem","position":2,"name":"Conditions g\u00e9n\u00e9rales d&#8217;utilisation"}]},{"@type":"WebSite","@id":"https:\/\/new.royalhairistanbul.com\/fr\/#website","url":"https:\/\/new.royalhairistanbul.com\/fr\/","name":"Royal Hair Istanbul","description":"","publisher":{"@id":"https:\/\/new.royalhairistanbul.com\/fr\/#organization"},"potentialAction":[{"@type":"SearchAction","target":{"@type":"EntryPoint","urlTemplate":"https:\/\/new.royalhairistanbul.com\/fr\/?s={search_term_string}"},"query-input":{"@type":"PropertyValueSpecification","valueRequired":true,"valueName":"search_term_string"}}],"inLanguage":"fr-FR"},{"@type":"Organization","@id":"https:\/\/new.royalhairistanbul.com\/fr\/#organization","name":"Royal Hair Istanbul","url":"https:\/\/new.royalhairistanbul.com\/fr\/","logo":{"@type":"ImageObject","inLanguage":"fr-FR","@id":"https:\/\/new.royalhairistanbul.com\/fr\/#\/schema\/logo\/image\/","url":"https:\/\/royalhairistanbul.com\/wp-content\/uploads\/2024\/05\/Royal-Logo-e1717190318727.png","contentUrl":"https:\/\/royalhairistanbul.com\/wp-content\/uploads\/2024\/05\/Royal-Logo-e1717190318727.png","width":3015,"height":2715,"caption":"Royal Hair Istanbul"},"image":{"@id":"https:\/\/new.royalhairistanbul.com\/fr\/#\/schema\/logo\/image\/"},"sameAs":["https:\/\/www.facebook.com\/p\/Royal-Hair-Istanbul-100090875640151\/","https:\/\/www.instagram.com\/royalhair_istanbul","https:\/\/www.youtube.com\/@RoyalHair-Istanbul"]}]}},"_links":{"self":[{"href":"https:\/\/royalhairistanbul.com\/fr\/wp-json\/wp\/v2\/pages\/16387","targetHints":{"allow":["GET"]}}],"collection":[{"href":"https:\/\/royalhairistanbul.com\/fr\/wp-json\/wp\/v2\/pages"}],"about":[{"href":"https:\/\/royalhairistanbul.com\/fr\/wp-json\/wp\/v2\/types\/page"}],"author":[{"embeddable":true,"href":"https:\/\/royalhairistanbul.com\/fr\/wp-json\/wp\/v2\/users\/1"}],"replies":[{"embeddable":true,"href":"https:\/\/royalhairistanbul.com\/fr\/wp-json\/wp\/v2\/comments?post=16387"}],"version-history":[{"count":0,"href":"https:\/\/royalhairistanbul.com\/fr\/wp-json\/wp\/v2\/pages\/16387\/revisions"}],"wp:attachment":[{"href":"https:\/\/royalhairistanbul.com\/fr\/wp-json\/wp\/v2\/media?parent=16387"}],"curies":[{"name":"wp","href":"https:\/\/api.w.org\/{rel}","templated":true}]}}