{"id":16347,"date":"2024-06-21T08:13:24","date_gmt":"2024-06-21T08:13:24","guid":{"rendered":"https:\/\/royalhairistanbul.com\/dr-gamze-d-tricologo\/"},"modified":"2024-08-12T17:11:14","modified_gmt":"2024-08-12T17:11:14","slug":"dr-gamze-d-tricologo","status":"publish","type":"page","link":"https:\/\/royalhairistanbul.com\/it\/dr-gamze-d-tricologo\/","title":{"rendered":"Dr. Gamze D. &#8211; Tricologo"},"content":{"rendered":"\t\t<div data-elementor-type=\"wp-page\" data-elementor-id=\"16347\" class=\"elementor elementor-16347 elementor-14824\" data-elementor-post-type=\"page\">\n\t\t\t\t<div data-particle_enable=\"false\" data-particle-mobile-disabled=\"false\" class=\"elementor-element elementor-element-f8b2863 e-flex e-con-boxed e-con e-parent\" data-id=\"f8b2863\" data-element_type=\"container\" data-e-type=\"container\" data-settings=\"{&quot;background_background&quot;:&quot;classic&quot;}\">\n\t\t\t\t\t<div class=\"e-con-inner\">\n\t\t<div data-particle_enable=\"false\" data-particle-mobile-disabled=\"false\" class=\"elementor-element elementor-element-f07ba08 e-flex e-con-boxed e-con e-child\" data-id=\"f07ba08\" data-element_type=\"container\" data-e-type=\"container\" data-settings=\"{&quot;background_background&quot;:&quot;classic&quot;}\">\n\t\t\t\t\t<div class=\"e-con-inner\">\n\t\t\t\t<div class=\"elementor-element elementor-element-5baeb4a elementor-widget elementor-widget-spacer\" data-id=\"5baeb4a\" data-element_type=\"widget\" data-e-type=\"widget\" data-widget_type=\"spacer.default\">\n\t\t\t\t<div class=\"elementor-widget-container\">\n\t\t\t\t\t\t\t<div class=\"elementor-spacer\">\n\t\t\t<div class=\"elementor-spacer-inner\"><\/div>\n\t\t<\/div>\n\t\t\t\t\t\t<\/div>\n\t\t\t\t<\/div>\n\t\t<div data-particle_enable=\"false\" data-particle-mobile-disabled=\"false\" class=\"elementor-element elementor-element-4903e0b e-flex e-con-boxed e-con e-child\" data-id=\"4903e0b\" data-element_type=\"container\" data-e-type=\"container\">\n\t\t\t\t\t<div class=\"e-con-inner\">\n\t\t<div data-particle_enable=\"false\" data-particle-mobile-disabled=\"false\" class=\"elementor-element elementor-element-d31743a e-con-full e-flex e-con e-child\" data-id=\"d31743a\" data-element_type=\"container\" data-e-type=\"container\">\n\t\t\t\t<div class=\"elementor-element elementor-element-6695b3f elementor-widget elementor-widget-heading\" data-id=\"6695b3f\" data-element_type=\"widget\" data-e-type=\"widget\" data-widget_type=\"heading.default\">\n\t\t\t\t<div class=\"elementor-widget-container\">\n\t\t\t\t\t<h5 class=\"elementor-heading-title elementor-size-default\">casa<\/h5>\t\t\t\t<\/div>\n\t\t\t\t<\/div>\n\t\t\t\t<\/div>\n\t\t<div data-particle_enable=\"false\" data-particle-mobile-disabled=\"false\" class=\"elementor-element elementor-element-ba50581 e-con-full e-flex e-con e-child\" data-id=\"ba50581\" data-element_type=\"container\" data-e-type=\"container\">\n\t\t\t\t<div class=\"elementor-element elementor-element-732a4b5 elementor-view-default elementor-widget elementor-widget-icon\" data-id=\"732a4b5\" data-element_type=\"widget\" data-e-type=\"widget\" data-widget_type=\"icon.default\">\n\t\t\t\t<div class=\"elementor-widget-container\">\n\t\t\t\t\t\t\t<div class=\"elementor-icon-wrapper\">\n\t\t\t<div class=\"elementor-icon\">\n\t\t\t<svg aria-hidden=\"true\" class=\"e-font-icon-svg e-fas-chevron-right\" viewBox=\"0 0 320 512\" xmlns=\"http:\/\/www.w3.org\/2000\/svg\"><path d=\"M285.476 272.971L91.132 467.314c-9.373 9.373-24.569 9.373-33.941 0l-22.667-22.667c-9.357-9.357-9.375-24.522-.04-33.901L188.505 256 34.484 101.255c-9.335-9.379-9.317-24.544.04-33.901l22.667-22.667c9.373-9.373 24.569-9.373 33.941 0L285.475 239.03c9.373 9.372 9.373 24.568.001 33.941z\"><\/path><\/svg>\t\t\t<\/div>\n\t\t<\/div>\n\t\t\t\t\t\t<\/div>\n\t\t\t\t<\/div>\n\t\t\t\t<\/div>\n\t\t<div data-particle_enable=\"false\" data-particle-mobile-disabled=\"false\" class=\"elementor-element elementor-element-89897a8 e-con-full e-flex e-con e-child\" data-id=\"89897a8\" data-element_type=\"container\" data-e-type=\"container\">\n\t\t\t\t<\/div>\n\t\t\t\t\t<\/div>\n\t\t\t\t<\/div>\n\t\t\t\t<div class=\"elementor-element elementor-element-35a64f9 elementor-widget elementor-widget-spacer\" data-id=\"35a64f9\" data-element_type=\"widget\" data-e-type=\"widget\" data-widget_type=\"spacer.default\">\n\t\t\t\t<div class=\"elementor-widget-container\">\n\t\t\t\t\t\t\t<div class=\"elementor-spacer\">\n\t\t\t<div class=\"elementor-spacer-inner\"><\/div>\n\t\t<\/div>\n\t\t\t\t\t\t<\/div>\n\t\t\t\t<\/div>\n\t\t\t\t\t<\/div>\n\t\t\t\t<\/div>\n\t\t\t\t\t<\/div>\n\t\t\t\t<\/div>\n\t\t<div data-particle_enable=\"false\" data-particle-mobile-disabled=\"false\" class=\"elementor-element elementor-element-2be6123 e-flex e-con-boxed e-con e-parent\" data-id=\"2be6123\" data-element_type=\"container\" data-e-type=\"container\">\n\t\t\t\t\t<div class=\"e-con-inner\">\n\t\t<div data-particle_enable=\"false\" data-particle-mobile-disabled=\"false\" class=\"elementor-element elementor-element-2bcef4e e-con-full e-flex e-con e-child\" data-id=\"2bcef4e\" data-element_type=\"container\" data-e-type=\"container\">\n\t\t\t\t<div class=\"elementor-element elementor-element-448c4f8 elementor-widget elementor-widget-image\" data-id=\"448c4f8\" data-element_type=\"widget\" data-e-type=\"widget\" data-widget_type=\"image.default\">\n\t\t\t\t<div class=\"elementor-widget-container\">\n\t\t\t\t\t\t\t\t\t\t\t\t\t\t\t<img fetchpriority=\"high\" decoding=\"async\" width=\"613\" height=\"766\" src=\"https:\/\/royalhairistanbul.com\/wp-content\/uploads\/2024\/06\/fotolar_00002-2.webp\" class=\"attachment-large size-large wp-image-16037\" alt=\"Trichologist in Turkey\" srcset=\"https:\/\/royalhairistanbul.com\/wp-content\/uploads\/2024\/06\/fotolar_00002-2.webp 613w, https:\/\/royalhairistanbul.com\/wp-content\/uploads\/2024\/06\/fotolar_00002-2-240x300.webp 240w\" sizes=\"(max-width: 613px) 100vw, 613px\" \/>\t\t\t\t\t\t\t\t\t\t\t\t\t\t\t<\/div>\n\t\t\t\t<\/div>\n\t\t\t\t<div class=\"elementor-element elementor-element-b39e0ab elementor-widget elementor-widget-eael-creative-button\" data-id=\"b39e0ab\" data-element_type=\"widget\" data-e-type=\"widget\" data-widget_type=\"eael-creative-button.default\">\n\t\t\t\t<div class=\"elementor-widget-container\">\n\t\t\t\t\t        <div class=\"eael-creative-button-wrapper\">\n\n            <a class=\"eael-creative-button eael-creative-button--default\" data-text=\"Vai!\">\n            \t    \n                <div class=\"creative-button-inner\">\n\n                    \n                    <span class=\"cretive-button-text\">Specialit\u00e0: Trapianto di capelli<\/span>\n\n                                    <\/div>\n\t                        <\/a>\n        <\/div>\n        \t\t\t\t<\/div>\n\t\t\t\t<\/div>\n\t\t\t\t<\/div>\n\t\t<div data-particle_enable=\"false\" data-particle-mobile-disabled=\"false\" class=\"elementor-element elementor-element-40910a2 e-con-full e-flex e-con e-child\" data-id=\"40910a2\" data-element_type=\"container\" data-e-type=\"container\">\n\t\t\t\t<div class=\"elementor-element elementor-element-d11248d elementor-widget elementor-widget-text-editor\" data-id=\"d11248d\" data-element_type=\"widget\" data-e-type=\"widget\" data-widget_type=\"text-editor.default\">\n\t\t\t\t<div class=\"elementor-widget-container\">\n\t\t\t\t\t\t\t\t\t<div class=\"wpb_text_column wpb_content_element \">\n<div class=\"wpb_wrapper\">\n<h2>Dr. Gamze Do\u011fan &#8211; Tricologo<\/h2>\n<\/div>\n<\/div>\n<div class=\"wpb_text_column wpb_content_element \">\n<div class=\"wpb_wrapper\">\n<p>La Dott.ssa Gamze \u00e8 specializzata in trapianto di capelli, trapianto di barba\/baffi e trapianto di sopracciglia.<br \/>\nSi occupa professionalmente di trapianti di capelli da oltre 8 anni e ha trattato pi\u00f9 di 7.000 pazienti utilizzando le tecniche pi\u00f9 avanzate nei settori correlati.<br \/>\nSi \u00e8 laureata in una delle pi\u00f9 prestigiose universit\u00e0 turche, la Anadolu University.<br \/>Partecipando a numerosi congressi e simposi nazionali e internazionali, la Dott.ssa Gamze segue gli sviluppi e le innovazioni nel suo campo.<br \/>\nLe sue aree di interesse principali sono i trapianti di capelli.   <\/p>\n<p>La sua esperienza nel campo comprende un&#8217;ampia gamma di casi di trapianto di capelli, sia lisci che ricci, oltre a procedure specializzate per i capelli delle donne e per i trapianti di barba.<br \/>\nLa Dott.ssa Gamze pone grande enfasi nel soddisfare le esigenze individuali dei suoi pazienti.<br \/>\nDi conseguenza, si dedica a fornire soluzioni complete, completando tutte le aree di calvizie in un&#8217;unica seduta per garantire la massima soddisfazione dei suoi pazienti.  <\/p>\n<p><strong>Posizione<\/strong>: Istanbul<\/p>\n<p><strong>Esperienza chirurgica<\/strong>: 8 anni<\/p>\n<p><strong>Campo di esperienza<\/strong>:<\/p>\n<ul>\n<li>Trapianto di capelli (FUT, FUE, DHI, Tecnica Percutanea e Zaffiro)<\/li>\n<li>Trapianto di barba<\/li>\n<li>Trapianto di sopracciglia<\/li>\n<\/ul>\n<p><strong>Numero di interventi chirurgici<\/strong>: 7.000<\/p>\n<p><strong>Lingua<\/strong>: Turco, inglese<\/p>\n<p><strong>Nazionalit\u00e0 trattate<\/strong>: Regno Unito, Irlanda, Italia, Spagna, Stati Uniti d&#8217;America, Canada, Germania, Francia, Arabia Saudita ecc.<\/p>\n<\/div>\n<\/div>\n\t\t\t\t\t\t\t\t<\/div>\n\t\t\t\t<\/div>\n\t\t\t\t<\/div>\n\t\t\t\t\t<\/div>\n\t\t\t\t<\/div>\n\t\t\t\t<\/div>\n\t\t","protected":false},"excerpt":{"rendered":"<p>casa Specialit\u00e0: Trapianto di capelli Dr. Gamze Do\u011fan &#8211; Tricologo La Dott.ssa Gamze \u00e8 specializzata in trapianto di capelli, trapianto di barba\/baffi e trapianto di sopracciglia. Si occupa professionalmente di trapianti di capelli da oltre 8 anni e ha trattato pi\u00f9 di 7.000 pazienti utilizzando le tecniche pi\u00f9 avanzate nei settori correlati. Si \u00e8 laureata [&hellip;]<\/p>\n","protected":false},"author":1,"featured_media":0,"parent":0,"menu_order":0,"comment_status":"closed","ping_status":"closed","template":"","meta":{"footnotes":""},"class_list":["post-16347","page","type-page","status-publish","hentry"],"yoast_head":"<!-- This site is optimized with the Yoast SEO plugin v26.9 - https:\/\/yoast.com\/product\/yoast-seo-wordpress\/ -->\n<title>Dr. Gamze D. - Tricologo | Royal Hair Istanbul<\/title>\n<meta name=\"robots\" content=\"index, follow, max-snippet:-1, max-image-preview:large, max-video-preview:-1\" \/>\n<link rel=\"canonical\" href=\"https:\/\/royalhairistanbul.com\/it\/dr-gamze-d-tricologo\/\" \/>\n<meta property=\"og:locale\" content=\"it_IT\" \/>\n<meta property=\"og:type\" content=\"article\" \/>\n<meta property=\"og:title\" content=\"Dr. Gamze D. - Tricologo | Royal Hair Istanbul\" \/>\n<meta property=\"og:description\" content=\"casa Specialit\u00e0: Trapianto di capelli Dr. Gamze Do\u011fan &#8211; Tricologo La Dott.ssa Gamze \u00e8 specializzata in trapianto di capelli, trapianto di barba\/baffi e trapianto di sopracciglia. Si occupa professionalmente di trapianti di capelli da oltre 8 anni e ha trattato pi\u00f9 di 7.000 pazienti utilizzando le tecniche pi\u00f9 avanzate nei settori correlati. Si \u00e8 laureata [&hellip;]\" \/>\n<meta property=\"og:url\" content=\"https:\/\/royalhairistanbul.com\/it\/dr-gamze-d-tricologo\/\" \/>\n<meta property=\"og:site_name\" content=\"Royal Hair Istanbul\" \/>\n<meta property=\"article:publisher\" content=\"https:\/\/www.facebook.com\/p\/Royal-Hair-Istanbul-100090875640151\/\" \/>\n<meta property=\"article:modified_time\" content=\"2024-08-12T17:11:14+00:00\" \/>\n<meta property=\"og:image\" content=\"https:\/\/new.royalhairistanbul.com\/wp-content\/uploads\/2024\/06\/fotolar_00002-2.webp\" \/>\n<meta name=\"twitter:card\" content=\"summary_large_image\" \/>\n<meta name=\"twitter:label1\" content=\"Tempo di lettura stimato\" \/>\n\t<meta name=\"twitter:data1\" content=\"1 minuto\" \/>\n<script type=\"application\/ld+json\" class=\"yoast-schema-graph\">{\"@context\":\"https:\/\/schema.org\",\"@graph\":[{\"@type\":\"WebPage\",\"@id\":\"https:\/\/royalhairistanbul.com\/it\/dr-gamze-d-tricologo\/\",\"url\":\"https:\/\/royalhairistanbul.com\/it\/dr-gamze-d-tricologo\/\",\"name\":\"Dr. Gamze D. - Tricologo | Royal Hair Istanbul\",\"isPartOf\":{\"@id\":\"https:\/\/new.royalhairistanbul.com\/it\/#website\"},\"primaryImageOfPage\":{\"@id\":\"https:\/\/royalhairistanbul.com\/it\/dr-gamze-d-tricologo\/#primaryimage\"},\"image\":{\"@id\":\"https:\/\/royalhairistanbul.com\/it\/dr-gamze-d-tricologo\/#primaryimage\"},\"thumbnailUrl\":\"https:\/\/royalhairistanbul.com\/wp-content\/uploads\/2024\/06\/fotolar_00002-2.webp\",\"datePublished\":\"2024-06-21T08:13:24+00:00\",\"dateModified\":\"2024-08-12T17:11:14+00:00\",\"breadcrumb\":{\"@id\":\"https:\/\/royalhairistanbul.com\/it\/dr-gamze-d-tricologo\/#breadcrumb\"},\"inLanguage\":\"it-IT\",\"potentialAction\":[{\"@type\":\"ReadAction\",\"target\":[\"https:\/\/royalhairistanbul.com\/it\/dr-gamze-d-tricologo\/\"]}]},{\"@type\":\"ImageObject\",\"inLanguage\":\"it-IT\",\"@id\":\"https:\/\/royalhairistanbul.com\/it\/dr-gamze-d-tricologo\/#primaryimage\",\"url\":\"https:\/\/royalhairistanbul.com\/wp-content\/uploads\/2024\/06\/fotolar_00002-2.webp\",\"contentUrl\":\"https:\/\/royalhairistanbul.com\/wp-content\/uploads\/2024\/06\/fotolar_00002-2.webp\"},{\"@type\":\"BreadcrumbList\",\"@id\":\"https:\/\/royalhairistanbul.com\/it\/dr-gamze-d-tricologo\/#breadcrumb\",\"itemListElement\":[{\"@type\":\"ListItem\",\"position\":1,\"name\":\"Home\",\"item\":\"https:\/\/new.royalhairistanbul.com\/it\/casa\/\"},{\"@type\":\"ListItem\",\"position\":2,\"name\":\"Dr. Gamze D. &#8211; Tricologo\"}]},{\"@type\":\"WebSite\",\"@id\":\"https:\/\/new.royalhairistanbul.com\/it\/#website\",\"url\":\"https:\/\/new.royalhairistanbul.com\/it\/\",\"name\":\"Royal Hair Istanbul\",\"description\":\"\",\"publisher\":{\"@id\":\"https:\/\/new.royalhairistanbul.com\/it\/#organization\"},\"potentialAction\":[{\"@type\":\"SearchAction\",\"target\":{\"@type\":\"EntryPoint\",\"urlTemplate\":\"https:\/\/new.royalhairistanbul.com\/it\/?s={search_term_string}\"},\"query-input\":{\"@type\":\"PropertyValueSpecification\",\"valueRequired\":true,\"valueName\":\"search_term_string\"}}],\"inLanguage\":\"it-IT\"},{\"@type\":\"Organization\",\"@id\":\"https:\/\/new.royalhairistanbul.com\/it\/#organization\",\"name\":\"Royal Hair Istanbul\",\"url\":\"https:\/\/new.royalhairistanbul.com\/it\/\",\"logo\":{\"@type\":\"ImageObject\",\"inLanguage\":\"it-IT\",\"@id\":\"https:\/\/new.royalhairistanbul.com\/it\/#\/schema\/logo\/image\/\",\"url\":\"https:\/\/royalhairistanbul.com\/wp-content\/uploads\/2024\/05\/Royal-Logo-e1717190318727.png\",\"contentUrl\":\"https:\/\/royalhairistanbul.com\/wp-content\/uploads\/2024\/05\/Royal-Logo-e1717190318727.png\",\"width\":3015,\"height\":2715,\"caption\":\"Royal Hair Istanbul\"},\"image\":{\"@id\":\"https:\/\/new.royalhairistanbul.com\/it\/#\/schema\/logo\/image\/\"},\"sameAs\":[\"https:\/\/www.facebook.com\/p\/Royal-Hair-Istanbul-100090875640151\/\",\"https:\/\/www.instagram.com\/royalhair_istanbul\",\"https:\/\/www.youtube.com\/@RoyalHair-Istanbul\"]}]}<\/script>\n<!-- \/ Yoast SEO plugin. -->","yoast_head_json":{"title":"Dr. Gamze D. - Tricologo | Royal Hair Istanbul","robots":{"index":"index","follow":"follow","max-snippet":"max-snippet:-1","max-image-preview":"max-image-preview:large","max-video-preview":"max-video-preview:-1"},"canonical":"https:\/\/royalhairistanbul.com\/it\/dr-gamze-d-tricologo\/","og_locale":"it_IT","og_type":"article","og_title":"Dr. Gamze D. - Tricologo | Royal Hair Istanbul","og_description":"casa Specialit\u00e0: Trapianto di capelli Dr. Gamze Do\u011fan &#8211; Tricologo La Dott.ssa Gamze \u00e8 specializzata in trapianto di capelli, trapianto di barba\/baffi e trapianto di sopracciglia. Si occupa professionalmente di trapianti di capelli da oltre 8 anni e ha trattato pi\u00f9 di 7.000 pazienti utilizzando le tecniche pi\u00f9 avanzate nei settori correlati. Si \u00e8 laureata [&hellip;]","og_url":"https:\/\/royalhairistanbul.com\/it\/dr-gamze-d-tricologo\/","og_site_name":"Royal Hair Istanbul","article_publisher":"https:\/\/www.facebook.com\/p\/Royal-Hair-Istanbul-100090875640151\/","article_modified_time":"2024-08-12T17:11:14+00:00","og_image":[{"url":"https:\/\/new.royalhairistanbul.com\/wp-content\/uploads\/2024\/06\/fotolar_00002-2.webp","type":"","width":"","height":""}],"twitter_card":"summary_large_image","twitter_misc":{"Tempo di lettura stimato":"1 minuto"},"schema":{"@context":"https:\/\/schema.org","@graph":[{"@type":"WebPage","@id":"https:\/\/royalhairistanbul.com\/it\/dr-gamze-d-tricologo\/","url":"https:\/\/royalhairistanbul.com\/it\/dr-gamze-d-tricologo\/","name":"Dr. Gamze D. - Tricologo | Royal Hair Istanbul","isPartOf":{"@id":"https:\/\/new.royalhairistanbul.com\/it\/#website"},"primaryImageOfPage":{"@id":"https:\/\/royalhairistanbul.com\/it\/dr-gamze-d-tricologo\/#primaryimage"},"image":{"@id":"https:\/\/royalhairistanbul.com\/it\/dr-gamze-d-tricologo\/#primaryimage"},"thumbnailUrl":"https:\/\/royalhairistanbul.com\/wp-content\/uploads\/2024\/06\/fotolar_00002-2.webp","datePublished":"2024-06-21T08:13:24+00:00","dateModified":"2024-08-12T17:11:14+00:00","breadcrumb":{"@id":"https:\/\/royalhairistanbul.com\/it\/dr-gamze-d-tricologo\/#breadcrumb"},"inLanguage":"it-IT","potentialAction":[{"@type":"ReadAction","target":["https:\/\/royalhairistanbul.com\/it\/dr-gamze-d-tricologo\/"]}]},{"@type":"ImageObject","inLanguage":"it-IT","@id":"https:\/\/royalhairistanbul.com\/it\/dr-gamze-d-tricologo\/#primaryimage","url":"https:\/\/royalhairistanbul.com\/wp-content\/uploads\/2024\/06\/fotolar_00002-2.webp","contentUrl":"https:\/\/royalhairistanbul.com\/wp-content\/uploads\/2024\/06\/fotolar_00002-2.webp"},{"@type":"BreadcrumbList","@id":"https:\/\/royalhairistanbul.com\/it\/dr-gamze-d-tricologo\/#breadcrumb","itemListElement":[{"@type":"ListItem","position":1,"name":"Home","item":"https:\/\/new.royalhairistanbul.com\/it\/casa\/"},{"@type":"ListItem","position":2,"name":"Dr. Gamze D. &#8211; Tricologo"}]},{"@type":"WebSite","@id":"https:\/\/new.royalhairistanbul.com\/it\/#website","url":"https:\/\/new.royalhairistanbul.com\/it\/","name":"Royal Hair Istanbul","description":"","publisher":{"@id":"https:\/\/new.royalhairistanbul.com\/it\/#organization"},"potentialAction":[{"@type":"SearchAction","target":{"@type":"EntryPoint","urlTemplate":"https:\/\/new.royalhairistanbul.com\/it\/?s={search_term_string}"},"query-input":{"@type":"PropertyValueSpecification","valueRequired":true,"valueName":"search_term_string"}}],"inLanguage":"it-IT"},{"@type":"Organization","@id":"https:\/\/new.royalhairistanbul.com\/it\/#organization","name":"Royal Hair Istanbul","url":"https:\/\/new.royalhairistanbul.com\/it\/","logo":{"@type":"ImageObject","inLanguage":"it-IT","@id":"https:\/\/new.royalhairistanbul.com\/it\/#\/schema\/logo\/image\/","url":"https:\/\/royalhairistanbul.com\/wp-content\/uploads\/2024\/05\/Royal-Logo-e1717190318727.png","contentUrl":"https:\/\/royalhairistanbul.com\/wp-content\/uploads\/2024\/05\/Royal-Logo-e1717190318727.png","width":3015,"height":2715,"caption":"Royal Hair Istanbul"},"image":{"@id":"https:\/\/new.royalhairistanbul.com\/it\/#\/schema\/logo\/image\/"},"sameAs":["https:\/\/www.facebook.com\/p\/Royal-Hair-Istanbul-100090875640151\/","https:\/\/www.instagram.com\/royalhair_istanbul","https:\/\/www.youtube.com\/@RoyalHair-Istanbul"]}]}},"_links":{"self":[{"href":"https:\/\/royalhairistanbul.com\/it\/wp-json\/wp\/v2\/pages\/16347","targetHints":{"allow":["GET"]}}],"collection":[{"href":"https:\/\/royalhairistanbul.com\/it\/wp-json\/wp\/v2\/pages"}],"about":[{"href":"https:\/\/royalhairistanbul.com\/it\/wp-json\/wp\/v2\/types\/page"}],"author":[{"embeddable":true,"href":"https:\/\/royalhairistanbul.com\/it\/wp-json\/wp\/v2\/users\/1"}],"replies":[{"embeddable":true,"href":"https:\/\/royalhairistanbul.com\/it\/wp-json\/wp\/v2\/comments?post=16347"}],"version-history":[{"count":0,"href":"https:\/\/royalhairistanbul.com\/it\/wp-json\/wp\/v2\/pages\/16347\/revisions"}],"wp:attachment":[{"href":"https:\/\/royalhairistanbul.com\/it\/wp-json\/wp\/v2\/media?parent=16347"}],"curies":[{"name":"wp","href":"https:\/\/api.w.org\/{rel}","templated":true}]}}