{"id":16379,"date":"2024-06-21T09:14:22","date_gmt":"2024-06-21T09:14:22","guid":{"rendered":"https:\/\/royalhairistanbul.com\/regulamin\/"},"modified":"2024-08-12T17:11:30","modified_gmt":"2024-08-12T17:11:30","slug":"regulamin","status":"publish","type":"page","link":"https:\/\/royalhairistanbul.com\/pl\/regulamin\/","title":{"rendered":"Regulamin"},"content":{"rendered":"\t\t<div data-elementor-type=\"wp-page\" data-elementor-id=\"16379\" class=\"elementor elementor-16379 elementor-14836\" data-elementor-post-type=\"page\">\n\t\t\t\t<div data-particle_enable=\"false\" data-particle-mobile-disabled=\"false\" class=\"elementor-element elementor-element-6750654 e-flex e-con-boxed e-con e-parent\" data-id=\"6750654\" data-element_type=\"container\" data-e-type=\"container\" data-settings=\"{&quot;background_background&quot;:&quot;classic&quot;}\">\n\t\t\t\t\t<div class=\"e-con-inner\">\n\t\t<div data-particle_enable=\"false\" data-particle-mobile-disabled=\"false\" class=\"elementor-element elementor-element-d8562b6 e-flex e-con-boxed e-con e-child\" data-id=\"d8562b6\" data-element_type=\"container\" data-e-type=\"container\" data-settings=\"{&quot;background_background&quot;:&quot;classic&quot;}\">\n\t\t\t\t\t<div class=\"e-con-inner\">\n\t\t\t\t<div class=\"elementor-element elementor-element-93ee325 elementor-widget elementor-widget-spacer\" data-id=\"93ee325\" data-element_type=\"widget\" data-e-type=\"widget\" data-widget_type=\"spacer.default\">\n\t\t\t\t<div class=\"elementor-widget-container\">\n\t\t\t\t\t\t\t<div class=\"elementor-spacer\">\n\t\t\t<div class=\"elementor-spacer-inner\"><\/div>\n\t\t<\/div>\n\t\t\t\t\t\t<\/div>\n\t\t\t\t<\/div>\n\t\t<div data-particle_enable=\"false\" data-particle-mobile-disabled=\"false\" class=\"elementor-element elementor-element-c67e5da e-flex e-con-boxed e-con e-child\" data-id=\"c67e5da\" data-element_type=\"container\" data-e-type=\"container\">\n\t\t\t\t\t<div class=\"e-con-inner\">\n\t\t<div data-particle_enable=\"false\" data-particle-mobile-disabled=\"false\" class=\"elementor-element elementor-element-4a40ca1 e-con-full e-flex e-con e-child\" data-id=\"4a40ca1\" data-element_type=\"container\" data-e-type=\"container\">\n\t\t\t\t<div class=\"elementor-element elementor-element-69ecf5c elementor-widget elementor-widget-heading\" data-id=\"69ecf5c\" data-element_type=\"widget\" data-e-type=\"widget\" data-widget_type=\"heading.default\">\n\t\t\t\t<div class=\"elementor-widget-container\">\n\t\t\t\t\t<h5 class=\"elementor-heading-title elementor-size-default\">dom<\/h5>\t\t\t\t<\/div>\n\t\t\t\t<\/div>\n\t\t\t\t<\/div>\n\t\t<div data-particle_enable=\"false\" data-particle-mobile-disabled=\"false\" class=\"elementor-element elementor-element-29a8fa1 e-con-full e-flex e-con e-child\" data-id=\"29a8fa1\" data-element_type=\"container\" data-e-type=\"container\">\n\t\t\t\t<div class=\"elementor-element elementor-element-dc10bd3 elementor-view-default elementor-widget elementor-widget-icon\" data-id=\"dc10bd3\" data-element_type=\"widget\" data-e-type=\"widget\" data-widget_type=\"icon.default\">\n\t\t\t\t<div class=\"elementor-widget-container\">\n\t\t\t\t\t\t\t<div class=\"elementor-icon-wrapper\">\n\t\t\t<div class=\"elementor-icon\">\n\t\t\t<svg aria-hidden=\"true\" class=\"e-font-icon-svg e-fas-chevron-right\" viewBox=\"0 0 320 512\" xmlns=\"http:\/\/www.w3.org\/2000\/svg\"><path d=\"M285.476 272.971L91.132 467.314c-9.373 9.373-24.569 9.373-33.941 0l-22.667-22.667c-9.357-9.357-9.375-24.522-.04-33.901L188.505 256 34.484 101.255c-9.335-9.379-9.317-24.544.04-33.901l22.667-22.667c9.373-9.373 24.569-9.373 33.941 0L285.475 239.03c9.373 9.372 9.373 24.568.001 33.941z\"><\/path><\/svg>\t\t\t<\/div>\n\t\t<\/div>\n\t\t\t\t\t\t<\/div>\n\t\t\t\t<\/div>\n\t\t\t\t<\/div>\n\t\t<div data-particle_enable=\"false\" data-particle-mobile-disabled=\"false\" class=\"elementor-element elementor-element-53631d4 e-con-full e-flex e-con e-child\" data-id=\"53631d4\" data-element_type=\"container\" data-e-type=\"container\">\n\t\t\t\t<\/div>\n\t\t\t\t\t<\/div>\n\t\t\t\t<\/div>\n\t\t\t\t<div class=\"elementor-element elementor-element-dbf94a3 elementor-widget elementor-widget-spacer\" data-id=\"dbf94a3\" data-element_type=\"widget\" data-e-type=\"widget\" data-widget_type=\"spacer.default\">\n\t\t\t\t<div class=\"elementor-widget-container\">\n\t\t\t\t\t\t\t<div class=\"elementor-spacer\">\n\t\t\t<div class=\"elementor-spacer-inner\"><\/div>\n\t\t<\/div>\n\t\t\t\t\t\t<\/div>\n\t\t\t\t<\/div>\n\t\t\t\t\t<\/div>\n\t\t\t\t<\/div>\n\t\t\t\t\t<\/div>\n\t\t\t\t<\/div>\n\t\t<div data-particle_enable=\"false\" data-particle-mobile-disabled=\"false\" class=\"elementor-element elementor-element-1dcf955 e-flex e-con-boxed e-con e-parent\" data-id=\"1dcf955\" data-element_type=\"container\" data-e-type=\"container\">\n\t\t\t\t\t<div class=\"e-con-inner\">\n\t\t\t\t<div class=\"elementor-element elementor-element-f1172a3 elementor-widget elementor-widget-text-editor\" data-id=\"f1172a3\" data-element_type=\"widget\" data-e-type=\"widget\" data-widget_type=\"text-editor.default\">\n\t\t\t\t<div class=\"elementor-widget-container\">\n\t\t\t\t\t\t\t\t\t<p>Niniejszy Regulamin okre\u015bla warunki dotycz\u0105ce wszelkich pakiet\u00f3w zabieg\u00f3w zakupionych od Royal Hair.<\/p>\n<p>Prosimy o zapoznanie si\u0119 z niniejszym Regulaminem i dokumentami, o kt\u00f3rych mowa poni\u017cej:<\/p>\n<p>Uzyskanie dost\u0119pu do informacji i us\u0142ug \u015bwiadczonych przez stron\u0119 internetow\u0105 https:\/\/royalhairistanbul.com jest r\u00f3wnoznaczne z akceptacj\u0105 poni\u017cszych warunk\u00f3w.<\/p>\n<p>Po zaakceptowaniu przedstawionej Ci oferty i je\u015bli nie masz problem\u00f3w zdrowotnych zwi\u0105zanych z planowan\u0105 operacj\u0105, b\u0119dziesz musia\u0142 wp\u0142aci\u0107 nam depozyt, a <strong>Twoja umowa opiera si\u0119 na Warunkach podanych tutaj i pod Formularzem Historii Medycznej.<\/strong><\/p>\n<p><strong> <\/strong><\/p>\n<h2><strong>Definicje<\/strong><\/h2>\n<p><strong>Pakiet leczenia:<\/strong> Pakiet leczenia, kt\u00f3ry mo\u017ce obejmowa\u0107 leczenie, zakwaterowanie, transfery, zwiedzanie miasta i us\u0142ugi Customer Experience Specialist w zale\u017cno\u015bci od wyboru pacjenta.<\/p>\n<p><strong>Leczenie:<\/strong> Zabieg medyczny, kt\u00f3ry zostanie wykonany w naszej klinice.<\/p>\n<\/p>\n<h2><strong>Zobowi\u0105zania i obowi\u0105zki Royal Hair<\/strong><\/h2>\n<ol>\n<li>Pakiet medyczny jest okre\u015blany na podstawie zdj\u0119\u0107 i wynik\u00f3w bada\u0144.<br \/>\nW zwi\u0105zku z tym mo\u017ce on ulec zmianie podczas badania lekarskiego. <\/li>\n<li>Pakiet leczenia obejmuje wszystkie badania przedoperacyjne.<br \/>\nMo\u017ce jednak zosta\u0107 naliczona dodatkowa op\u0142ata za dodatkowe badania uznane za konieczne ze wzgl\u0119du na istniej\u0105cy wcze\u015bniej stan chorobowy lub nara\u017cenie lub podatno\u015b\u0107 na jak\u0105kolwiek chorob\u0119. <\/li>\n<li>Pakiet leczenia obejmuje okre\u015blon\u0105 liczb\u0119 nocy pobytu w szpitalu, kt\u00f3ra jest podana w wycenie i\/lub planie podr\u00f3\u017cy.<br \/>\nW przypadku pobytu d\u0142u\u017cszego ni\u017c wskazany w pakiecie, op\u0142ata za dodatkowe noce zostanie naliczona zgodnie z aktualnymi stawkami obowi\u0105zuj\u0105cymi w szpitalu. <\/li>\n<li>Royal Hair dostarczy wszystkie niezb\u0119dne informacje na temat pakietu medycznego przed podr\u00f3\u017c\u0105; b\u0119d\u0105 one obejmowa\u0107:<br \/>&#8211; Nazw\u0119 i adres hotelu (je\u015bli jest on zawarty w pakiecie medycznym)<br \/>&#8211; Dat\u0119, godzin\u0119 i lokalizacje transfer\u00f3w (je\u015bli jest to zawarte w pakiecie medycznym)<br \/>&#8211; Dat\u0119 i godzin\u0119 leczenia<br \/>&#8211; Koszt pakietu leczenia<br \/>&#8211; Wymagania wizowe i paszportowe<\/li>\n<\/ol>\n<div> <\/div>\n<h2><strong>Obowi\u0105zki u\u017cytkownika<\/strong><\/h2>\n<ol>\n<li>Akceptuj\u0105c niniejsze warunki, u\u017cytkownik wyra\u017ca zgod\u0119 na udost\u0119pnianie wszelkich informacji o swoim stanie zdrowia.<\/li>\n<li>U\u017cytkownik jest odpowiedzialny za dostarczenie odpowiednich informacji dotycz\u0105cych jego stanu zdrowia w celu zapewnienia odpowiedniego planu leczenia.<\/li>\n<li>U\u017cytkownik jest odpowiedzialny za przygotowanie dokument\u00f3w podr\u00f3\u017cy, takich jak paszport i wiza, dotycz\u0105cych leczenia.<\/li>\n<li>Akceptuj\u0105c niniejsze warunki, wyra\u017casz zgod\u0119 Royal Hair na uzyskanie Twojej dokumentacji medycznej i przechowywanie jej w razie potrzeby.<\/li>\n<li>Aby podda\u0107 si\u0119 zabiegowi Royal Hair, nale\u017cy wp\u0142aci\u0107 depozyt do Royal Hair przed rozpocz\u0119ciem podr\u00f3\u017cy i nale\u017cy dokona\u0107 p\u0142atno\u015bci ca\u0142ej kwoty przed zabiegiem.<br \/>\nZabieg nie zostanie wykonany przed dokonaniem p\u0142atno\u015bci. <\/li>\n<li>Twoim obowi\u0105zkiem jest dodanie dowolnego rodzaju ubezpieczenia do pakietu medycznego.<br \/>\nRoyal Hair sugeruje medyczne ubezpieczenie podr\u00f3\u017cne na swojej stronie internetowej i mo\u017cesz skorzysta\u0107 z jednego z nich.<br \/>\nAkceptuj\u0105c niniejsze Warunki, akceptujesz obowi\u0105zek ubezpieczenia.  <\/li>\n<\/ol>\n<div> <\/div>\n<h2><strong>Anulowanie<\/strong><\/h2>\n<p><strong>1)<\/strong> Je\u015bli plan leczenia ulegnie zmianie w wyniku faktycznego badania fizykalnego przeprowadzonego przez lekarza\/chirurga lub z powodu wynik\u00f3w bada\u0144, u\u017cytkownik mo\u017ce zrezygnowa\u0107 z kontynuowania leczenia.<br \/>\nW takich okoliczno\u015bciach u\u017cytkownik otrzyma zwrot koszt\u00f3w po odj\u0119ciu koszt\u00f3w zwi\u0105zanych z badaniami i konsultacjami od ca\u0142kowitej kwoty pakietu. <\/p>\n<p><strong>2)<\/strong> Je\u015bli wp\u0142acisz depozyt przed wype\u0142nieniem formularza historii medycznej, a po wype\u0142nieniu formularza historii medycznej lekarz oceni, \u017ce Tw\u00f3j stan zdrowia nie jest odpowiedni do planowanej operacji, depozyt zostanie w pe\u0142ni zwr\u00f3cony.<\/p>\n<p><strong>3) <\/strong>W przypadku anulowania rezerwacji depozyt nie zostanie zwr\u00f3cony, niezale\u017cnie od tego, czy Royal Hair otrzyma\u0142 ju\u017c bilet lotniczy.<br \/>\nJe\u015bli masz wa\u017cny pow\u00f3d, aby tymczasowo anulowa\u0107, mo\u017cesz nadal mie\u0107 leczenie w ci\u0105gu 6 miesi\u0119cy po dokonaniu wp\u0142aty depozytu lub depozyt ten mo\u017ce zosta\u0107 wykorzystany przez twoich krewnych \/ przyjaci\u00f3\u0142 itp. <\/p>\n<div> <\/div>\n<h2><strong>Badanie lekarskie<\/strong><\/h2>\n<p>Royal Hair przypomina, \u017ce wszystkie rodzaje operacji\/leczenia wi\u0105\u017c\u0105 si\u0119 z pewnym ryzykiem medycznym; ryzyko zwi\u0105zane z chirurgi\u0105 kosmetyczn\u0105 obejmuje r\u00f3wnie\u017c niezadowolenie z wynik\u00f3w.<br \/>\nTy i chirurg\/profesjonalista musicie uzgodni\u0107 przewidywany wynik operacji\/zabiegu, aby oczekiwania dotycz\u0105ce wynik\u00f3w by\u0142y realistyczne i rozs\u0105dne. <\/p>\n<p>Wszelkie porady medyczne lub chirurgiczne udzielane za po\u015brednictwem strony internetowej Royal Hair, dokument\u00f3w e-mail, wszelkich wiadomo\u015bci s\u0105 dok\u0142adne zgodnie z najlepsz\u0105 wiedz\u0105 Royal Hair.<br \/>\nObowi\u0105zkiem pacjenta jest jednak ponowne om\u00f3wienie ich podczas bezpo\u015bredniej konsultacji z chirurgiem przed zabiegiem.<br \/>\nDlatego nigdy nie wahaj si\u0119 zapyta\u0107 chirurga o wszystko, co chcesz wiedzie\u0107 przed poddaniem si\u0119 leczeniu chirurgicznemu.  <\/p>\n<p><strong> <\/strong><\/p>\n<h2><strong>Opieka posprzeda\u017cowa<\/strong><\/h2>\n<p>Po zabiegu b\u0119dziesz mie\u0107 okre\u015blon\u0105 liczb\u0119 kontroli.<br \/>\nJedna z nich odb\u0119dzie si\u0119 w szpitalu, a druga przed powrotem do kraju.<br \/>\nInstrukcje dotycz\u0105ce opieki pooperacyjnej zostan\u0105 przekazane przez chirurga.  <\/p>\n<p>Pacjent jest zobowi\u0105zany do przestrzegania instrukcji dotycz\u0105cych opieki pooperacyjnej.<br \/>\nJe\u015bli po powrocie do kraju pojawi\u0105 si\u0119 jakiekolwiek oznaki powik\u0142a\u0144, pomo\u017cemy Ci, prosz\u0105c o zdj\u0119cia, wyniki bada\u0144, wszelkie raporty lekarskie, kt\u00f3re otrzyma\u0142e\u015b w swoim kraju, i dostarczymy je Twojemu chirurgowi, aby \u015bledzi\u0142 Tw\u00f3j przypadek, wyda\u0142 opini\u0119 i okre\u015bli\u0142 mo\u017cliwe dalsze kroki leczenia pooperacyjnego. <\/p>\n<p>W przypadku konieczno\u015bci przeprowadzenia zabiegu rewizyjnego lub korekcyjnego oraz potwierdzenia i zaakceptowania przez chirurga konieczno\u015bci przeprowadzenia zabiegu rewizyjnego lub korekcyjnego, chirurg pokryje koszty zabiegu.<br \/>\nW takim przypadku pacjent ponosi jedynie koszty pobytu w szpitalu (z wy\u0142\u0105czeniem chirurga), podr\u00f3\u017cy, zakwaterowania, transferu i wy\u017cywienia.<br \/>Klinika\/szpital przeka\u017ce pacjentowi instrukcje i porady dotycz\u0105ce opieki pooperacyjnej.<br \/>\nJe\u015bli pacjent nie zastosuje si\u0119 do tych instrukcji i wyst\u0105pi\u0105 reperkusje z powodu braku opieki, szpital i chirurg nie ponosz\u0105 odpowiedzialno\u015bci.  <\/p>\n<p><strong> <\/strong><\/p>\n<h2><strong>Opinie i recenzje<\/strong><\/h2>\n<p>Royal Hair d\u0105\u017cy do zapewnienia doskona\u0142ej obs\u0142ugi.<br \/>\nRoyal Hair poszukuje opinii od swoich pacjent\u00f3w w celu poprawy swoich us\u0142ug, pod warunkiem, \u017ce opinie s\u0105 szczere, autentyczne, pomocne i bezpo\u015brednio zwi\u0105zane z us\u0142ugami Royal Hair. <\/p>\n<p>Akceptuj\u0105c niniejsze Warunki, u\u017cytkownik zgadza si\u0119 nie atakowa\u0107 ani nie krytykowa\u0107 Royal Hair ani \u017cadnego z jej pracownik\u00f3w publicznie (na stronach internetowych z recenzjami, w sieciach spo\u0142eczno\u015bciowych, na blogach, forach publicznych itp.<br \/>\nW przypadku naruszenia tej klauzuli, u\u017cytkownik jest zobowi\u0105zany do usuni\u0119cia i usuni\u0119cia tre\u015bci natychmiast po dokonaniu przez nas oceny.<br \/>\nJe\u015bli tre\u015b\u0107 pozostanie, w cz\u0119\u015bci lub w ca\u0142o\u015bci, u\u017cytkownik zgadza si\u0119 zap\u0142aci\u0107 5 000 EUR na rzecz Royal Hair jako odszkodowanie.  <\/p>\n<p><strong> <\/strong><\/p>\n<h2><strong>Poufno\u015b\u0107 i ochrona danych<\/strong><\/h2>\n<ol>\n<li>Royal Hair jest odpowiedzialna za bezpieczne przechowywanie danych osobowych w spos\u00f3b \u015bci\u015ble poufny.<br \/>\nRoyal Hair nie ujawni danych, zapis\u00f3w ani informacji bez zgody u\u017cytkownika i udost\u0119pni je wy\u0142\u0105cznie personelowi medycznemu. <\/li>\n<li>Aby zagwarantowa\u0107 prywatno\u015b\u0107, Royal Hair przechowuje wszystkie informacje o pacjentach zgodnie z tureckimi przepisami dotycz\u0105cymi udost\u0119pniania i ujawniania osobistych informacji zdrowotnych.<br \/>\nAnonimowe zdj\u0119cia przed i po mog\u0105 by\u0107 wykorzystywane do cel\u00f3w demonstracyjnych i mog\u0105 by\u0107 prezentowane wy\u0142\u0105cznie w celu pokazania mo\u017cliwych wynik\u00f3w r\u00f3\u017cnych procedur. <\/li>\n<\/ol>\n<p>Akceptuj\u0105c niniejsze warunki, u\u017cytkownik zezwala Royal Hair na anonimowe wykorzystanie zdj\u0119\u0107 przed zabiegiem w celu ulepszenia naszej witryny i zapewnienia lepszej obs\u0142ugi klienta.<\/p>\n<\/p>\n<h2><strong>Jurysdykcja<\/strong><\/h2>\n<p>W przypadku spor\u00f3w wynikaj\u0105cych z niniejszej umowy, Strony akceptuj\u0105 autorytet S\u0105du i Dyrekcji Egzekucji w Stambule<b>.<\/b><\/p>\n\t\t\t\t\t\t\t\t<\/div>\n\t\t\t\t<\/div>\n\t\t\t\t\t<\/div>\n\t\t\t\t<\/div>\n\t\t\t\t<\/div>\n\t\t","protected":false},"excerpt":{"rendered":"<p>dom Niniejszy Regulamin okre\u015bla warunki dotycz\u0105ce wszelkich pakiet\u00f3w zabieg\u00f3w zakupionych od Royal Hair. Prosimy o zapoznanie si\u0119 z niniejszym Regulaminem i dokumentami, o kt\u00f3rych mowa poni\u017cej: Uzyskanie dost\u0119pu do informacji i us\u0142ug \u015bwiadczonych przez stron\u0119 internetow\u0105 https:\/\/royalhairistanbul.com jest r\u00f3wnoznaczne z akceptacj\u0105 poni\u017cszych warunk\u00f3w. Po zaakceptowaniu przedstawionej Ci oferty i je\u015bli nie masz problem\u00f3w zdrowotnych zwi\u0105zanych [&hellip;]<\/p>\n","protected":false},"author":1,"featured_media":0,"parent":0,"menu_order":0,"comment_status":"closed","ping_status":"closed","template":"","meta":{"footnotes":""},"class_list":["post-16379","page","type-page","status-publish","hentry"],"yoast_head":"<!-- This site is optimized with the Yoast SEO plugin v26.9 - https:\/\/yoast.com\/product\/yoast-seo-wordpress\/ -->\n<title>Regulamin | Royal Hair Istanbul<\/title>\n<meta name=\"robots\" content=\"index, follow, max-snippet:-1, max-image-preview:large, max-video-preview:-1\" \/>\n<link rel=\"canonical\" href=\"https:\/\/royalhairistanbul.com\/pl\/regulamin\/\" \/>\n<meta property=\"og:locale\" content=\"pl_PL\" \/>\n<meta property=\"og:type\" content=\"article\" \/>\n<meta property=\"og:title\" content=\"Regulamin | Royal Hair Istanbul\" \/>\n<meta property=\"og:description\" content=\"dom Niniejszy Regulamin okre\u015bla warunki dotycz\u0105ce wszelkich pakiet\u00f3w zabieg\u00f3w zakupionych od Royal Hair. Prosimy o zapoznanie si\u0119 z niniejszym Regulaminem i dokumentami, o kt\u00f3rych mowa poni\u017cej: Uzyskanie dost\u0119pu do informacji i us\u0142ug \u015bwiadczonych przez stron\u0119 internetow\u0105 https:\/\/royalhairistanbul.com jest r\u00f3wnoznaczne z akceptacj\u0105 poni\u017cszych warunk\u00f3w. Po zaakceptowaniu przedstawionej Ci oferty i je\u015bli nie masz problem\u00f3w zdrowotnych zwi\u0105zanych [&hellip;]\" \/>\n<meta property=\"og:url\" content=\"https:\/\/royalhairistanbul.com\/pl\/regulamin\/\" \/>\n<meta property=\"og:site_name\" content=\"Royal Hair Istanbul\" \/>\n<meta property=\"article:publisher\" content=\"https:\/\/www.facebook.com\/p\/Royal-Hair-Istanbul-100090875640151\/\" \/>\n<meta property=\"article:modified_time\" content=\"2024-08-12T17:11:30+00:00\" \/>\n<meta property=\"og:image\" content=\"https:\/\/royalhairistanbul.com\/wp-content\/uploads\/2024\/05\/Royal-Logo-e1717190318727.png\" \/>\n\t<meta property=\"og:image:width\" content=\"3015\" \/>\n\t<meta property=\"og:image:height\" content=\"2715\" \/>\n\t<meta property=\"og:image:type\" content=\"image\/png\" \/>\n<meta name=\"twitter:card\" content=\"summary_large_image\" \/>\n<meta name=\"twitter:label1\" content=\"Szacowany czas czytania\" \/>\n\t<meta name=\"twitter:data1\" content=\"6 minut\" \/>\n<script type=\"application\/ld+json\" class=\"yoast-schema-graph\">{\"@context\":\"https:\/\/schema.org\",\"@graph\":[{\"@type\":\"WebPage\",\"@id\":\"https:\/\/royalhairistanbul.com\/pl\/regulamin\/\",\"url\":\"https:\/\/royalhairistanbul.com\/pl\/regulamin\/\",\"name\":\"Regulamin | Royal Hair Istanbul\",\"isPartOf\":{\"@id\":\"https:\/\/new.royalhairistanbul.com\/pl\/#website\"},\"datePublished\":\"2024-06-21T09:14:22+00:00\",\"dateModified\":\"2024-08-12T17:11:30+00:00\",\"breadcrumb\":{\"@id\":\"https:\/\/royalhairistanbul.com\/pl\/regulamin\/#breadcrumb\"},\"inLanguage\":\"pl-PL\",\"potentialAction\":[{\"@type\":\"ReadAction\",\"target\":[\"https:\/\/royalhairistanbul.com\/pl\/regulamin\/\"]}]},{\"@type\":\"BreadcrumbList\",\"@id\":\"https:\/\/royalhairistanbul.com\/pl\/regulamin\/#breadcrumb\",\"itemListElement\":[{\"@type\":\"ListItem\",\"position\":1,\"name\":\"Home\",\"item\":\"https:\/\/new.royalhairistanbul.com\/pl\/strona-glowna\/\"},{\"@type\":\"ListItem\",\"position\":2,\"name\":\"Regulamin\"}]},{\"@type\":\"WebSite\",\"@id\":\"https:\/\/new.royalhairistanbul.com\/pl\/#website\",\"url\":\"https:\/\/new.royalhairistanbul.com\/pl\/\",\"name\":\"Royal Hair Istanbul\",\"description\":\"\",\"publisher\":{\"@id\":\"https:\/\/new.royalhairistanbul.com\/pl\/#organization\"},\"potentialAction\":[{\"@type\":\"SearchAction\",\"target\":{\"@type\":\"EntryPoint\",\"urlTemplate\":\"https:\/\/new.royalhairistanbul.com\/pl\/?s={search_term_string}\"},\"query-input\":{\"@type\":\"PropertyValueSpecification\",\"valueRequired\":true,\"valueName\":\"search_term_string\"}}],\"inLanguage\":\"pl-PL\"},{\"@type\":\"Organization\",\"@id\":\"https:\/\/new.royalhairistanbul.com\/pl\/#organization\",\"name\":\"Royal Hair Istanbul\",\"url\":\"https:\/\/new.royalhairistanbul.com\/pl\/\",\"logo\":{\"@type\":\"ImageObject\",\"inLanguage\":\"pl-PL\",\"@id\":\"https:\/\/new.royalhairistanbul.com\/pl\/#\/schema\/logo\/image\/\",\"url\":\"https:\/\/royalhairistanbul.com\/wp-content\/uploads\/2024\/05\/Royal-Logo-e1717190318727.png\",\"contentUrl\":\"https:\/\/royalhairistanbul.com\/wp-content\/uploads\/2024\/05\/Royal-Logo-e1717190318727.png\",\"width\":3015,\"height\":2715,\"caption\":\"Royal Hair Istanbul\"},\"image\":{\"@id\":\"https:\/\/new.royalhairistanbul.com\/pl\/#\/schema\/logo\/image\/\"},\"sameAs\":[\"https:\/\/www.facebook.com\/p\/Royal-Hair-Istanbul-100090875640151\/\",\"https:\/\/www.instagram.com\/royalhair_istanbul\",\"https:\/\/www.youtube.com\/@RoyalHair-Istanbul\"]}]}<\/script>\n<!-- \/ Yoast SEO plugin. -->","yoast_head_json":{"title":"Regulamin | Royal Hair Istanbul","robots":{"index":"index","follow":"follow","max-snippet":"max-snippet:-1","max-image-preview":"max-image-preview:large","max-video-preview":"max-video-preview:-1"},"canonical":"https:\/\/royalhairistanbul.com\/pl\/regulamin\/","og_locale":"pl_PL","og_type":"article","og_title":"Regulamin | Royal Hair Istanbul","og_description":"dom Niniejszy Regulamin okre\u015bla warunki dotycz\u0105ce wszelkich pakiet\u00f3w zabieg\u00f3w zakupionych od Royal Hair. Prosimy o zapoznanie si\u0119 z niniejszym Regulaminem i dokumentami, o kt\u00f3rych mowa poni\u017cej: Uzyskanie dost\u0119pu do informacji i us\u0142ug \u015bwiadczonych przez stron\u0119 internetow\u0105 https:\/\/royalhairistanbul.com jest r\u00f3wnoznaczne z akceptacj\u0105 poni\u017cszych warunk\u00f3w. Po zaakceptowaniu przedstawionej Ci oferty i je\u015bli nie masz problem\u00f3w zdrowotnych zwi\u0105zanych [&hellip;]","og_url":"https:\/\/royalhairistanbul.com\/pl\/regulamin\/","og_site_name":"Royal Hair Istanbul","article_publisher":"https:\/\/www.facebook.com\/p\/Royal-Hair-Istanbul-100090875640151\/","article_modified_time":"2024-08-12T17:11:30+00:00","og_image":[{"width":3015,"height":2715,"url":"https:\/\/royalhairistanbul.com\/wp-content\/uploads\/2024\/05\/Royal-Logo-e1717190318727.png","type":"image\/png"}],"twitter_card":"summary_large_image","twitter_misc":{"Szacowany czas czytania":"6 minut"},"schema":{"@context":"https:\/\/schema.org","@graph":[{"@type":"WebPage","@id":"https:\/\/royalhairistanbul.com\/pl\/regulamin\/","url":"https:\/\/royalhairistanbul.com\/pl\/regulamin\/","name":"Regulamin | Royal Hair Istanbul","isPartOf":{"@id":"https:\/\/new.royalhairistanbul.com\/pl\/#website"},"datePublished":"2024-06-21T09:14:22+00:00","dateModified":"2024-08-12T17:11:30+00:00","breadcrumb":{"@id":"https:\/\/royalhairistanbul.com\/pl\/regulamin\/#breadcrumb"},"inLanguage":"pl-PL","potentialAction":[{"@type":"ReadAction","target":["https:\/\/royalhairistanbul.com\/pl\/regulamin\/"]}]},{"@type":"BreadcrumbList","@id":"https:\/\/royalhairistanbul.com\/pl\/regulamin\/#breadcrumb","itemListElement":[{"@type":"ListItem","position":1,"name":"Home","item":"https:\/\/new.royalhairistanbul.com\/pl\/strona-glowna\/"},{"@type":"ListItem","position":2,"name":"Regulamin"}]},{"@type":"WebSite","@id":"https:\/\/new.royalhairistanbul.com\/pl\/#website","url":"https:\/\/new.royalhairistanbul.com\/pl\/","name":"Royal Hair Istanbul","description":"","publisher":{"@id":"https:\/\/new.royalhairistanbul.com\/pl\/#organization"},"potentialAction":[{"@type":"SearchAction","target":{"@type":"EntryPoint","urlTemplate":"https:\/\/new.royalhairistanbul.com\/pl\/?s={search_term_string}"},"query-input":{"@type":"PropertyValueSpecification","valueRequired":true,"valueName":"search_term_string"}}],"inLanguage":"pl-PL"},{"@type":"Organization","@id":"https:\/\/new.royalhairistanbul.com\/pl\/#organization","name":"Royal Hair Istanbul","url":"https:\/\/new.royalhairistanbul.com\/pl\/","logo":{"@type":"ImageObject","inLanguage":"pl-PL","@id":"https:\/\/new.royalhairistanbul.com\/pl\/#\/schema\/logo\/image\/","url":"https:\/\/royalhairistanbul.com\/wp-content\/uploads\/2024\/05\/Royal-Logo-e1717190318727.png","contentUrl":"https:\/\/royalhairistanbul.com\/wp-content\/uploads\/2024\/05\/Royal-Logo-e1717190318727.png","width":3015,"height":2715,"caption":"Royal Hair Istanbul"},"image":{"@id":"https:\/\/new.royalhairistanbul.com\/pl\/#\/schema\/logo\/image\/"},"sameAs":["https:\/\/www.facebook.com\/p\/Royal-Hair-Istanbul-100090875640151\/","https:\/\/www.instagram.com\/royalhair_istanbul","https:\/\/www.youtube.com\/@RoyalHair-Istanbul"]}]}},"_links":{"self":[{"href":"https:\/\/royalhairistanbul.com\/pl\/wp-json\/wp\/v2\/pages\/16379","targetHints":{"allow":["GET"]}}],"collection":[{"href":"https:\/\/royalhairistanbul.com\/pl\/wp-json\/wp\/v2\/pages"}],"about":[{"href":"https:\/\/royalhairistanbul.com\/pl\/wp-json\/wp\/v2\/types\/page"}],"author":[{"embeddable":true,"href":"https:\/\/royalhairistanbul.com\/pl\/wp-json\/wp\/v2\/users\/1"}],"replies":[{"embeddable":true,"href":"https:\/\/royalhairistanbul.com\/pl\/wp-json\/wp\/v2\/comments?post=16379"}],"version-history":[{"count":0,"href":"https:\/\/royalhairistanbul.com\/pl\/wp-json\/wp\/v2\/pages\/16379\/revisions"}],"wp:attachment":[{"href":"https:\/\/royalhairistanbul.com\/pl\/wp-json\/wp\/v2\/media?parent=16379"}],"curies":[{"name":"wp","href":"https:\/\/api.w.org\/{rel}","templated":true}]}}