{"id":16329,"date":"2024-06-21T08:03:29","date_gmt":"2024-06-21T08:03:29","guid":{"rendered":"https:\/\/royalhairistanbul.com\/dra-fatma-p-tricologista\/"},"modified":"2024-08-12T17:11:05","modified_gmt":"2024-08-12T17:11:05","slug":"dra-fatma-p-tricologista","status":"publish","type":"page","link":"https:\/\/royalhairistanbul.com\/pt-pt\/dra-fatma-p-tricologista\/","title":{"rendered":"Dra. Fatma P. &#8211; Tricologista"},"content":{"rendered":"\t\t<div data-elementor-type=\"wp-page\" data-elementor-id=\"16329\" class=\"elementor elementor-16329 elementor-14819\" data-elementor-post-type=\"page\">\n\t\t\t\t<div data-particle_enable=\"false\" data-particle-mobile-disabled=\"false\" class=\"elementor-element elementor-element-c115afe e-flex e-con-boxed e-con e-parent\" data-id=\"c115afe\" data-element_type=\"container\" data-e-type=\"container\" data-settings=\"{&quot;background_background&quot;:&quot;classic&quot;}\">\n\t\t\t\t\t<div class=\"e-con-inner\">\n\t\t<div data-particle_enable=\"false\" data-particle-mobile-disabled=\"false\" class=\"elementor-element elementor-element-5cad0d7 e-flex e-con-boxed e-con e-child\" data-id=\"5cad0d7\" data-element_type=\"container\" data-e-type=\"container\" data-settings=\"{&quot;background_background&quot;:&quot;classic&quot;}\">\n\t\t\t\t\t<div class=\"e-con-inner\">\n\t\t\t\t<div class=\"elementor-element elementor-element-2329bb7 elementor-widget elementor-widget-spacer\" data-id=\"2329bb7\" data-element_type=\"widget\" data-e-type=\"widget\" data-widget_type=\"spacer.default\">\n\t\t\t\t<div class=\"elementor-widget-container\">\n\t\t\t\t\t\t\t<div class=\"elementor-spacer\">\n\t\t\t<div class=\"elementor-spacer-inner\"><\/div>\n\t\t<\/div>\n\t\t\t\t\t\t<\/div>\n\t\t\t\t<\/div>\n\t\t<div data-particle_enable=\"false\" data-particle-mobile-disabled=\"false\" class=\"elementor-element elementor-element-1a68c20 e-flex e-con-boxed e-con e-child\" data-id=\"1a68c20\" data-element_type=\"container\" data-e-type=\"container\">\n\t\t\t\t\t<div class=\"e-con-inner\">\n\t\t<div data-particle_enable=\"false\" data-particle-mobile-disabled=\"false\" class=\"elementor-element elementor-element-1239c06 e-con-full e-flex e-con e-child\" data-id=\"1239c06\" data-element_type=\"container\" data-e-type=\"container\">\n\t\t\t\t<div class=\"elementor-element elementor-element-32a1ca7 elementor-widget elementor-widget-heading\" data-id=\"32a1ca7\" data-element_type=\"widget\" data-e-type=\"widget\" data-widget_type=\"heading.default\">\n\t\t\t\t<div class=\"elementor-widget-container\">\n\t\t\t\t\t<h5 class=\"elementor-heading-title elementor-size-default\">casa<\/h5>\t\t\t\t<\/div>\n\t\t\t\t<\/div>\n\t\t\t\t<\/div>\n\t\t<div data-particle_enable=\"false\" data-particle-mobile-disabled=\"false\" class=\"elementor-element elementor-element-e3e2218 e-con-full e-flex e-con e-child\" data-id=\"e3e2218\" data-element_type=\"container\" data-e-type=\"container\">\n\t\t\t\t<div class=\"elementor-element elementor-element-c944aa3 elementor-view-default elementor-widget elementor-widget-icon\" data-id=\"c944aa3\" data-element_type=\"widget\" data-e-type=\"widget\" data-widget_type=\"icon.default\">\n\t\t\t\t<div class=\"elementor-widget-container\">\n\t\t\t\t\t\t\t<div class=\"elementor-icon-wrapper\">\n\t\t\t<div class=\"elementor-icon\">\n\t\t\t<svg aria-hidden=\"true\" class=\"e-font-icon-svg e-fas-chevron-right\" viewBox=\"0 0 320 512\" xmlns=\"http:\/\/www.w3.org\/2000\/svg\"><path d=\"M285.476 272.971L91.132 467.314c-9.373 9.373-24.569 9.373-33.941 0l-22.667-22.667c-9.357-9.357-9.375-24.522-.04-33.901L188.505 256 34.484 101.255c-9.335-9.379-9.317-24.544.04-33.901l22.667-22.667c9.373-9.373 24.569-9.373 33.941 0L285.475 239.03c9.373 9.372 9.373 24.568.001 33.941z\"><\/path><\/svg>\t\t\t<\/div>\n\t\t<\/div>\n\t\t\t\t\t\t<\/div>\n\t\t\t\t<\/div>\n\t\t\t\t<\/div>\n\t\t<div data-particle_enable=\"false\" data-particle-mobile-disabled=\"false\" class=\"elementor-element elementor-element-5ecbece e-con-full e-flex e-con e-child\" data-id=\"5ecbece\" data-element_type=\"container\" data-e-type=\"container\">\n\t\t\t\t<\/div>\n\t\t\t\t\t<\/div>\n\t\t\t\t<\/div>\n\t\t\t\t<div class=\"elementor-element elementor-element-6429129 elementor-widget elementor-widget-spacer\" data-id=\"6429129\" data-element_type=\"widget\" data-e-type=\"widget\" data-widget_type=\"spacer.default\">\n\t\t\t\t<div class=\"elementor-widget-container\">\n\t\t\t\t\t\t\t<div class=\"elementor-spacer\">\n\t\t\t<div class=\"elementor-spacer-inner\"><\/div>\n\t\t<\/div>\n\t\t\t\t\t\t<\/div>\n\t\t\t\t<\/div>\n\t\t\t\t\t<\/div>\n\t\t\t\t<\/div>\n\t\t\t\t\t<\/div>\n\t\t\t\t<\/div>\n\t\t<div data-particle_enable=\"false\" data-particle-mobile-disabled=\"false\" class=\"elementor-element elementor-element-8ab821e e-flex e-con-boxed e-con e-parent\" data-id=\"8ab821e\" data-element_type=\"container\" data-e-type=\"container\">\n\t\t\t\t\t<div class=\"e-con-inner\">\n\t\t\t\t<div class=\"elementor-element elementor-element-d6aee6e elementor-widget elementor-widget-text-editor\" data-id=\"d6aee6e\" data-element_type=\"widget\" data-e-type=\"widget\" data-widget_type=\"text-editor.default\">\n\t\t\t\t<div class=\"elementor-widget-container\">\n\t\t\t\t\t\t\t\t\t<div class=\"wpb_text_column wpb_content_element \">\n<div class=\"wpb_wrapper\">\n<h2>Dra. Fatma P. &#8211; Tricologista<\/h2>\n<\/div>\n<\/div>\n<div class=\"wpb_text_column wpb_content_element \">\n<div class=\"wpb_wrapper\">\n<p dir=\"auto\" data-pm-slice=\"1 1 []\">A Dra. Fatma \u00e9 uma especialista altamente qualificada e experiente em transplante capilar, transplante de barba\/m bigode e transplante de sobrancelhas.<br \/>\nCom 6 anos de experi\u00eancia profissional, tratou com sucesso pacientes utilizando as t\u00e9cnicas mais recentes nestas \u00e1reas.<br \/>\nObteve a sua licenciatura na Universidade Medipol de Istambul, uma das universidades mais conceituadas da Turquia.<br \/>\nPara se manter actualizada com os avan\u00e7os e inova\u00e7\u00f5es na sua \u00e1rea, a Dra. Fatma participa ativamente em numerosos congressos e simp\u00f3sios nacionais e internacionais.<br \/>\nAs suas principais \u00e1reas de interesse giram em torno dos transplantes capilares, o que reflecte a sua dedica\u00e7\u00e3o em prestar cuidados de alta qualidade aos seus pacientes.    <\/p>\n<p dir=\"auto\">A Dra. Fatma \u00e9 uma profissional altamente qualificada na \u00e1rea dos transplantes capilares.<br \/>\nA sua experi\u00eancia abrange uma gama diversificada de casos, incluindo cabelos lisos e encaracolados, bem como procedimentos especializados para transplantes de cabelo e barba de mulheres.<br \/>\nAcredita firmemente na abordagem das necessidades \u00fanicas de cada paciente que trata.<br \/>\nPara garantir a m\u00e1xima satisfa\u00e7\u00e3o, a Dra. Fatma dedica-se a fornecer solu\u00e7\u00f5es abrangentes, completando todas as \u00e1reas de calv\u00edcie numa \u00fanica sess\u00e3o.   <\/p>\n<p><strong>Localiza-te<\/strong>: Turquia, Alb\u00e2nia<\/p>\n<p><strong>Anos de experi\u00eancia:<\/strong> 6<\/p>\n<p><strong>Dom\u00ednio de experi\u00eancia<\/strong>:<\/p>\n<ul>\n<li>Transplante Capilar (FUT, FUE, DHI, Percut\u00e2neo e T\u00e9cnica de Safira)<\/li>\n<li>Transplante de barba<\/li>\n<li>Transplante de sobrancelhas<\/li>\n<\/ul>\n<p><strong>Fala a l\u00edngua<\/strong>: Turco, Ingl\u00eas<\/p>\n<p><strong>Nacionalidades tratadas<\/strong>: It\u00e1lia, Fran\u00e7a, Alemanha, Pol\u00f3nia, Rom\u00e9nia, EUA, Reino Unido, etc.<\/p>\n<\/div>\n<\/div>\n\t\t\t\t\t\t\t\t<\/div>\n\t\t\t\t<\/div>\n\t\t\t\t\t<\/div>\n\t\t\t\t<\/div>\n\t\t\t\t<\/div>\n\t\t","protected":false},"excerpt":{"rendered":"<p>casa Dra. Fatma P. &#8211; Tricologista A Dra. Fatma \u00e9 uma especialista altamente qualificada e experiente em transplante capilar, transplante de barba\/m bigode e transplante de sobrancelhas. Com 6 anos de experi\u00eancia profissional, tratou com sucesso pacientes utilizando as t\u00e9cnicas mais recentes nestas \u00e1reas. Obteve a sua licenciatura na Universidade Medipol de Istambul, uma das [&hellip;]<\/p>\n","protected":false},"author":1,"featured_media":0,"parent":0,"menu_order":0,"comment_status":"closed","ping_status":"closed","template":"","meta":{"footnotes":""},"class_list":["post-16329","page","type-page","status-publish","hentry"],"yoast_head":"<!-- This site is optimized with the Yoast SEO plugin v26.9 - https:\/\/yoast.com\/product\/yoast-seo-wordpress\/ -->\n<title>Dra. Fatma P. - Tricologista | Royal Hair Istanbul<\/title>\n<meta name=\"robots\" content=\"index, follow, max-snippet:-1, max-image-preview:large, max-video-preview:-1\" \/>\n<link rel=\"canonical\" href=\"https:\/\/royalhairistanbul.com\/pt-pt\/dra-fatma-p-tricologista\/\" \/>\n<meta property=\"og:locale\" content=\"pt_PT\" \/>\n<meta property=\"og:type\" content=\"article\" \/>\n<meta property=\"og:title\" content=\"Dra. Fatma P. - Tricologista | Royal Hair Istanbul\" \/>\n<meta property=\"og:description\" content=\"casa Dra. Fatma P. &#8211; Tricologista A Dra. Fatma \u00e9 uma especialista altamente qualificada e experiente em transplante capilar, transplante de barba\/m bigode e transplante de sobrancelhas. Com 6 anos de experi\u00eancia profissional, tratou com sucesso pacientes utilizando as t\u00e9cnicas mais recentes nestas \u00e1reas. Obteve a sua licenciatura na Universidade Medipol de Istambul, uma das [&hellip;]\" \/>\n<meta property=\"og:url\" content=\"https:\/\/royalhairistanbul.com\/pt-pt\/dra-fatma-p-tricologista\/\" \/>\n<meta property=\"og:site_name\" content=\"Royal Hair Istanbul\" \/>\n<meta property=\"article:publisher\" content=\"https:\/\/www.facebook.com\/p\/Royal-Hair-Istanbul-100090875640151\/\" \/>\n<meta property=\"article:modified_time\" content=\"2024-08-12T17:11:05+00:00\" \/>\n<meta property=\"og:image\" content=\"https:\/\/royalhairistanbul.com\/wp-content\/uploads\/2024\/05\/Royal-Logo-e1717190318727.png\" \/>\n\t<meta property=\"og:image:width\" content=\"3015\" \/>\n\t<meta property=\"og:image:height\" content=\"2715\" \/>\n\t<meta property=\"og:image:type\" content=\"image\/png\" \/>\n<meta name=\"twitter:card\" content=\"summary_large_image\" \/>\n<meta name=\"twitter:label1\" content=\"Tempo estimado de leitura\" \/>\n\t<meta name=\"twitter:data1\" content=\"1 minuto\" \/>\n<script type=\"application\/ld+json\" class=\"yoast-schema-graph\">{\"@context\":\"https:\/\/schema.org\",\"@graph\":[{\"@type\":\"WebPage\",\"@id\":\"https:\/\/royalhairistanbul.com\/pt-pt\/dra-fatma-p-tricologista\/\",\"url\":\"https:\/\/royalhairistanbul.com\/pt-pt\/dra-fatma-p-tricologista\/\",\"name\":\"Dra. Fatma P. - Tricologista | Royal Hair Istanbul\",\"isPartOf\":{\"@id\":\"https:\/\/new.royalhairistanbul.com\/pt-pt\/#website\"},\"datePublished\":\"2024-06-21T08:03:29+00:00\",\"dateModified\":\"2024-08-12T17:11:05+00:00\",\"breadcrumb\":{\"@id\":\"https:\/\/royalhairistanbul.com\/pt-pt\/dra-fatma-p-tricologista\/#breadcrumb\"},\"inLanguage\":\"pt-PT\",\"potentialAction\":[{\"@type\":\"ReadAction\",\"target\":[\"https:\/\/royalhairistanbul.com\/pt-pt\/dra-fatma-p-tricologista\/\"]}]},{\"@type\":\"BreadcrumbList\",\"@id\":\"https:\/\/royalhairistanbul.com\/pt-pt\/dra-fatma-p-tricologista\/#breadcrumb\",\"itemListElement\":[{\"@type\":\"ListItem\",\"position\":1,\"name\":\"Home\",\"item\":\"https:\/\/new.royalhairistanbul.com\/pt-pt\/casa\/\"},{\"@type\":\"ListItem\",\"position\":2,\"name\":\"Dra. Fatma P. &#8211; Tricologista\"}]},{\"@type\":\"WebSite\",\"@id\":\"https:\/\/new.royalhairistanbul.com\/pt-pt\/#website\",\"url\":\"https:\/\/new.royalhairistanbul.com\/pt-pt\/\",\"name\":\"Royal Hair Istanbul\",\"description\":\"\",\"publisher\":{\"@id\":\"https:\/\/new.royalhairistanbul.com\/pt-pt\/#organization\"},\"potentialAction\":[{\"@type\":\"SearchAction\",\"target\":{\"@type\":\"EntryPoint\",\"urlTemplate\":\"https:\/\/new.royalhairistanbul.com\/pt-pt\/?s={search_term_string}\"},\"query-input\":{\"@type\":\"PropertyValueSpecification\",\"valueRequired\":true,\"valueName\":\"search_term_string\"}}],\"inLanguage\":\"pt-PT\"},{\"@type\":\"Organization\",\"@id\":\"https:\/\/new.royalhairistanbul.com\/pt-pt\/#organization\",\"name\":\"Royal Hair Istanbul\",\"url\":\"https:\/\/new.royalhairistanbul.com\/pt-pt\/\",\"logo\":{\"@type\":\"ImageObject\",\"inLanguage\":\"pt-PT\",\"@id\":\"https:\/\/new.royalhairistanbul.com\/pt-pt\/#\/schema\/logo\/image\/\",\"url\":\"https:\/\/royalhairistanbul.com\/wp-content\/uploads\/2024\/05\/Royal-Logo-e1717190318727.png\",\"contentUrl\":\"https:\/\/royalhairistanbul.com\/wp-content\/uploads\/2024\/05\/Royal-Logo-e1717190318727.png\",\"width\":3015,\"height\":2715,\"caption\":\"Royal Hair Istanbul\"},\"image\":{\"@id\":\"https:\/\/new.royalhairistanbul.com\/pt-pt\/#\/schema\/logo\/image\/\"},\"sameAs\":[\"https:\/\/www.facebook.com\/p\/Royal-Hair-Istanbul-100090875640151\/\",\"https:\/\/www.instagram.com\/royalhair_istanbul\",\"https:\/\/www.youtube.com\/@RoyalHair-Istanbul\"]}]}<\/script>\n<!-- \/ Yoast SEO plugin. -->","yoast_head_json":{"title":"Dra. Fatma P. - Tricologista | Royal Hair Istanbul","robots":{"index":"index","follow":"follow","max-snippet":"max-snippet:-1","max-image-preview":"max-image-preview:large","max-video-preview":"max-video-preview:-1"},"canonical":"https:\/\/royalhairistanbul.com\/pt-pt\/dra-fatma-p-tricologista\/","og_locale":"pt_PT","og_type":"article","og_title":"Dra. Fatma P. - Tricologista | Royal Hair Istanbul","og_description":"casa Dra. Fatma P. &#8211; Tricologista A Dra. Fatma \u00e9 uma especialista altamente qualificada e experiente em transplante capilar, transplante de barba\/m bigode e transplante de sobrancelhas. Com 6 anos de experi\u00eancia profissional, tratou com sucesso pacientes utilizando as t\u00e9cnicas mais recentes nestas \u00e1reas. Obteve a sua licenciatura na Universidade Medipol de Istambul, uma das [&hellip;]","og_url":"https:\/\/royalhairistanbul.com\/pt-pt\/dra-fatma-p-tricologista\/","og_site_name":"Royal Hair Istanbul","article_publisher":"https:\/\/www.facebook.com\/p\/Royal-Hair-Istanbul-100090875640151\/","article_modified_time":"2024-08-12T17:11:05+00:00","og_image":[{"width":3015,"height":2715,"url":"https:\/\/royalhairistanbul.com\/wp-content\/uploads\/2024\/05\/Royal-Logo-e1717190318727.png","type":"image\/png"}],"twitter_card":"summary_large_image","twitter_misc":{"Tempo estimado de leitura":"1 minuto"},"schema":{"@context":"https:\/\/schema.org","@graph":[{"@type":"WebPage","@id":"https:\/\/royalhairistanbul.com\/pt-pt\/dra-fatma-p-tricologista\/","url":"https:\/\/royalhairistanbul.com\/pt-pt\/dra-fatma-p-tricologista\/","name":"Dra. Fatma P. - Tricologista | Royal Hair Istanbul","isPartOf":{"@id":"https:\/\/new.royalhairistanbul.com\/pt-pt\/#website"},"datePublished":"2024-06-21T08:03:29+00:00","dateModified":"2024-08-12T17:11:05+00:00","breadcrumb":{"@id":"https:\/\/royalhairistanbul.com\/pt-pt\/dra-fatma-p-tricologista\/#breadcrumb"},"inLanguage":"pt-PT","potentialAction":[{"@type":"ReadAction","target":["https:\/\/royalhairistanbul.com\/pt-pt\/dra-fatma-p-tricologista\/"]}]},{"@type":"BreadcrumbList","@id":"https:\/\/royalhairistanbul.com\/pt-pt\/dra-fatma-p-tricologista\/#breadcrumb","itemListElement":[{"@type":"ListItem","position":1,"name":"Home","item":"https:\/\/new.royalhairistanbul.com\/pt-pt\/casa\/"},{"@type":"ListItem","position":2,"name":"Dra. Fatma P. &#8211; Tricologista"}]},{"@type":"WebSite","@id":"https:\/\/new.royalhairistanbul.com\/pt-pt\/#website","url":"https:\/\/new.royalhairistanbul.com\/pt-pt\/","name":"Royal Hair Istanbul","description":"","publisher":{"@id":"https:\/\/new.royalhairistanbul.com\/pt-pt\/#organization"},"potentialAction":[{"@type":"SearchAction","target":{"@type":"EntryPoint","urlTemplate":"https:\/\/new.royalhairistanbul.com\/pt-pt\/?s={search_term_string}"},"query-input":{"@type":"PropertyValueSpecification","valueRequired":true,"valueName":"search_term_string"}}],"inLanguage":"pt-PT"},{"@type":"Organization","@id":"https:\/\/new.royalhairistanbul.com\/pt-pt\/#organization","name":"Royal Hair Istanbul","url":"https:\/\/new.royalhairistanbul.com\/pt-pt\/","logo":{"@type":"ImageObject","inLanguage":"pt-PT","@id":"https:\/\/new.royalhairistanbul.com\/pt-pt\/#\/schema\/logo\/image\/","url":"https:\/\/royalhairistanbul.com\/wp-content\/uploads\/2024\/05\/Royal-Logo-e1717190318727.png","contentUrl":"https:\/\/royalhairistanbul.com\/wp-content\/uploads\/2024\/05\/Royal-Logo-e1717190318727.png","width":3015,"height":2715,"caption":"Royal Hair Istanbul"},"image":{"@id":"https:\/\/new.royalhairistanbul.com\/pt-pt\/#\/schema\/logo\/image\/"},"sameAs":["https:\/\/www.facebook.com\/p\/Royal-Hair-Istanbul-100090875640151\/","https:\/\/www.instagram.com\/royalhair_istanbul","https:\/\/www.youtube.com\/@RoyalHair-Istanbul"]}]}},"_links":{"self":[{"href":"https:\/\/royalhairistanbul.com\/pt-pt\/wp-json\/wp\/v2\/pages\/16329","targetHints":{"allow":["GET"]}}],"collection":[{"href":"https:\/\/royalhairistanbul.com\/pt-pt\/wp-json\/wp\/v2\/pages"}],"about":[{"href":"https:\/\/royalhairistanbul.com\/pt-pt\/wp-json\/wp\/v2\/types\/page"}],"author":[{"embeddable":true,"href":"https:\/\/royalhairistanbul.com\/pt-pt\/wp-json\/wp\/v2\/users\/1"}],"replies":[{"embeddable":true,"href":"https:\/\/royalhairistanbul.com\/pt-pt\/wp-json\/wp\/v2\/comments?post=16329"}],"version-history":[{"count":0,"href":"https:\/\/royalhairistanbul.com\/pt-pt\/wp-json\/wp\/v2\/pages\/16329\/revisions"}],"wp:attachment":[{"href":"https:\/\/royalhairistanbul.com\/pt-pt\/wp-json\/wp\/v2\/media?parent=16329"}],"curies":[{"name":"wp","href":"https:\/\/api.w.org\/{rel}","templated":true}]}}