{"id":16337,"date":"2024-06-21T08:13:24","date_gmt":"2024-06-21T08:13:24","guid":{"rendered":"https:\/\/royalhairistanbul.com\/dr-gamze-d-tricologista\/"},"modified":"2024-08-12T17:11:14","modified_gmt":"2024-08-12T17:11:14","slug":"dr-gamze-d-tricologista","status":"publish","type":"page","link":"https:\/\/royalhairistanbul.com\/pt-pt\/dr-gamze-d-tricologista\/","title":{"rendered":"Dr. Gamze D. &#8211; Tricologista"},"content":{"rendered":"\t\t<div data-elementor-type=\"wp-page\" data-elementor-id=\"16337\" class=\"elementor elementor-16337 elementor-14824\" data-elementor-post-type=\"page\">\n\t\t\t\t<div data-particle_enable=\"false\" data-particle-mobile-disabled=\"false\" class=\"elementor-element elementor-element-f8b2863 e-flex e-con-boxed e-con e-parent\" data-id=\"f8b2863\" data-element_type=\"container\" data-e-type=\"container\" data-settings=\"{&quot;background_background&quot;:&quot;classic&quot;}\">\n\t\t\t\t\t<div class=\"e-con-inner\">\n\t\t<div data-particle_enable=\"false\" data-particle-mobile-disabled=\"false\" class=\"elementor-element elementor-element-f07ba08 e-flex e-con-boxed e-con e-child\" data-id=\"f07ba08\" data-element_type=\"container\" data-e-type=\"container\" data-settings=\"{&quot;background_background&quot;:&quot;classic&quot;}\">\n\t\t\t\t\t<div class=\"e-con-inner\">\n\t\t\t\t<div class=\"elementor-element elementor-element-5baeb4a elementor-widget elementor-widget-spacer\" data-id=\"5baeb4a\" data-element_type=\"widget\" data-e-type=\"widget\" data-widget_type=\"spacer.default\">\n\t\t\t\t<div class=\"elementor-widget-container\">\n\t\t\t\t\t\t\t<div class=\"elementor-spacer\">\n\t\t\t<div class=\"elementor-spacer-inner\"><\/div>\n\t\t<\/div>\n\t\t\t\t\t\t<\/div>\n\t\t\t\t<\/div>\n\t\t<div data-particle_enable=\"false\" data-particle-mobile-disabled=\"false\" class=\"elementor-element elementor-element-4903e0b e-flex e-con-boxed e-con e-child\" data-id=\"4903e0b\" data-element_type=\"container\" data-e-type=\"container\">\n\t\t\t\t\t<div class=\"e-con-inner\">\n\t\t<div data-particle_enable=\"false\" data-particle-mobile-disabled=\"false\" class=\"elementor-element elementor-element-d31743a e-con-full e-flex e-con e-child\" data-id=\"d31743a\" data-element_type=\"container\" data-e-type=\"container\">\n\t\t\t\t<div class=\"elementor-element elementor-element-6695b3f elementor-widget elementor-widget-heading\" data-id=\"6695b3f\" data-element_type=\"widget\" data-e-type=\"widget\" data-widget_type=\"heading.default\">\n\t\t\t\t<div class=\"elementor-widget-container\">\n\t\t\t\t\t<h5 class=\"elementor-heading-title elementor-size-default\">casa<\/h5>\t\t\t\t<\/div>\n\t\t\t\t<\/div>\n\t\t\t\t<\/div>\n\t\t<div data-particle_enable=\"false\" data-particle-mobile-disabled=\"false\" class=\"elementor-element elementor-element-ba50581 e-con-full e-flex e-con e-child\" data-id=\"ba50581\" data-element_type=\"container\" data-e-type=\"container\">\n\t\t\t\t<div class=\"elementor-element elementor-element-732a4b5 elementor-view-default elementor-widget elementor-widget-icon\" data-id=\"732a4b5\" data-element_type=\"widget\" data-e-type=\"widget\" data-widget_type=\"icon.default\">\n\t\t\t\t<div class=\"elementor-widget-container\">\n\t\t\t\t\t\t\t<div class=\"elementor-icon-wrapper\">\n\t\t\t<div class=\"elementor-icon\">\n\t\t\t<svg aria-hidden=\"true\" class=\"e-font-icon-svg e-fas-chevron-right\" viewBox=\"0 0 320 512\" xmlns=\"http:\/\/www.w3.org\/2000\/svg\"><path d=\"M285.476 272.971L91.132 467.314c-9.373 9.373-24.569 9.373-33.941 0l-22.667-22.667c-9.357-9.357-9.375-24.522-.04-33.901L188.505 256 34.484 101.255c-9.335-9.379-9.317-24.544.04-33.901l22.667-22.667c9.373-9.373 24.569-9.373 33.941 0L285.475 239.03c9.373 9.372 9.373 24.568.001 33.941z\"><\/path><\/svg>\t\t\t<\/div>\n\t\t<\/div>\n\t\t\t\t\t\t<\/div>\n\t\t\t\t<\/div>\n\t\t\t\t<\/div>\n\t\t<div data-particle_enable=\"false\" data-particle-mobile-disabled=\"false\" class=\"elementor-element elementor-element-89897a8 e-con-full e-flex e-con e-child\" data-id=\"89897a8\" data-element_type=\"container\" data-e-type=\"container\">\n\t\t\t\t<\/div>\n\t\t\t\t\t<\/div>\n\t\t\t\t<\/div>\n\t\t\t\t<div class=\"elementor-element elementor-element-35a64f9 elementor-widget elementor-widget-spacer\" data-id=\"35a64f9\" data-element_type=\"widget\" data-e-type=\"widget\" data-widget_type=\"spacer.default\">\n\t\t\t\t<div class=\"elementor-widget-container\">\n\t\t\t\t\t\t\t<div class=\"elementor-spacer\">\n\t\t\t<div class=\"elementor-spacer-inner\"><\/div>\n\t\t<\/div>\n\t\t\t\t\t\t<\/div>\n\t\t\t\t<\/div>\n\t\t\t\t\t<\/div>\n\t\t\t\t<\/div>\n\t\t\t\t\t<\/div>\n\t\t\t\t<\/div>\n\t\t<div data-particle_enable=\"false\" data-particle-mobile-disabled=\"false\" class=\"elementor-element elementor-element-2be6123 e-flex e-con-boxed e-con e-parent\" data-id=\"2be6123\" data-element_type=\"container\" data-e-type=\"container\">\n\t\t\t\t\t<div class=\"e-con-inner\">\n\t\t<div data-particle_enable=\"false\" data-particle-mobile-disabled=\"false\" class=\"elementor-element elementor-element-2bcef4e e-con-full e-flex e-con e-child\" data-id=\"2bcef4e\" data-element_type=\"container\" data-e-type=\"container\">\n\t\t\t\t<div class=\"elementor-element elementor-element-448c4f8 elementor-widget elementor-widget-image\" data-id=\"448c4f8\" data-element_type=\"widget\" data-e-type=\"widget\" data-widget_type=\"image.default\">\n\t\t\t\t<div class=\"elementor-widget-container\">\n\t\t\t\t\t\t\t\t\t\t\t\t\t\t\t<img fetchpriority=\"high\" decoding=\"async\" width=\"613\" height=\"766\" src=\"https:\/\/royalhairistanbul.com\/wp-content\/uploads\/2024\/06\/fotolar_00002-2.webp\" class=\"attachment-large size-large wp-image-16039\" alt=\"Trichologist in Turkey\" srcset=\"https:\/\/royalhairistanbul.com\/wp-content\/uploads\/2024\/06\/fotolar_00002-2.webp 613w, https:\/\/royalhairistanbul.com\/wp-content\/uploads\/2024\/06\/fotolar_00002-2-240x300.webp 240w\" sizes=\"(max-width: 613px) 100vw, 613px\" \/>\t\t\t\t\t\t\t\t\t\t\t\t\t\t\t<\/div>\n\t\t\t\t<\/div>\n\t\t\t\t<div class=\"elementor-element elementor-element-b39e0ab elementor-widget elementor-widget-eael-creative-button\" data-id=\"b39e0ab\" data-element_type=\"widget\" data-e-type=\"widget\" data-widget_type=\"eael-creative-button.default\">\n\t\t\t\t<div class=\"elementor-widget-container\">\n\t\t\t\t\t        <div class=\"eael-creative-button-wrapper\">\n\n            <a class=\"eael-creative-button eael-creative-button--default\" data-text=\"Vai!\">\n            \t    \n                <div class=\"creative-button-inner\">\n\n                    \n                    <span class=\"cretive-button-text\">Especialidade: Transplante Capilar<\/span>\n\n                                    <\/div>\n\t                        <\/a>\n        <\/div>\n        \t\t\t\t<\/div>\n\t\t\t\t<\/div>\n\t\t\t\t<\/div>\n\t\t<div data-particle_enable=\"false\" data-particle-mobile-disabled=\"false\" class=\"elementor-element elementor-element-40910a2 e-con-full e-flex e-con e-child\" data-id=\"40910a2\" data-element_type=\"container\" data-e-type=\"container\">\n\t\t\t\t<div class=\"elementor-element elementor-element-d11248d elementor-widget elementor-widget-text-editor\" data-id=\"d11248d\" data-element_type=\"widget\" data-e-type=\"widget\" data-widget_type=\"text-editor.default\">\n\t\t\t\t<div class=\"elementor-widget-container\">\n\t\t\t\t\t\t\t\t\t<div class=\"wpb_text_column wpb_content_element \">\n<div class=\"wpb_wrapper\">\n<h2>Dr. Gamze Do\u011fan &#8211; Tricologista<\/h2>\n<\/div>\n<\/div>\n<div class=\"wpb_text_column wpb_content_element \">\n<div class=\"wpb_wrapper\">\n<p>A Dra. Gamze \u00e9 especializada em transplante capilar, transplante de barba\/m bigode e transplante de sobrancelhas.<br \/>\nFaz transplantes capilares profissionalmente h\u00e1 mais de 8 anos e tratou mais de 7.000 pacientes utilizando as t\u00e9cnicas mais recentes nas \u00e1reas relacionadas.<br \/>\nObteve a sua licenciatura numa das universidades mais prestigiadas da Turquia, a Universidade Anadolu.<br \/>Ao participar em muitos congressos e simp\u00f3sios nacionais e internacionais, a Dra. Gamze acompanha os desenvolvimentos e inova\u00e7\u00f5es na sua \u00e1rea.<br \/>\nAs suas principais \u00e1reas de interesse s\u00e3o os transplantes capilares.   <\/p>\n<p>A sua experi\u00eancia neste campo abrange uma vasta gama de casos de transplante capilar, incluindo cabelos lisos e encaracolados, bem como procedimentos especializados para transplantes de cabelo e barba para mulheres.<br \/>\nA Dra. Gamze d\u00e1 grande \u00eanfase \u00e0 satisfa\u00e7\u00e3o das necessidades individuais dos seus pacientes.<br \/>\nComo resultado, dedica-se a fornecer solu\u00e7\u00f5es abrangentes, completando todas as \u00e1reas de calv\u00edcie numa \u00fanica sess\u00e3o para garantir a m\u00e1xima satisfa\u00e7\u00e3o dos seus pacientes.  <\/p>\n<p><strong>Localiza-te<\/strong>: Istambul<\/p>\n<p><strong>Experi\u00eancia cir\u00fargica<\/strong>: 8 anos<\/p>\n<p><strong>Dom\u00ednio de experi\u00eancia<\/strong>:<\/p>\n<ul>\n<li>Transplante Capilar (FUT, FUE, DHI, Percut\u00e2neo e T\u00e9cnica de Safira)<\/li>\n<li>Transplante de barba<\/li>\n<li>Transplante de sobrancelhas<\/li>\n<\/ul>\n<p><strong>N\u00famero de procedimentos cir\u00fargicos<\/strong>: 7.000<\/p>\n<p><strong>Fala a l\u00edngua<\/strong>: Turco, Ingl\u00eas<\/p>\n<p><strong>Nacionalidades tratadas<\/strong>: Reino Unido, Irlanda, It\u00e1lia, Espanha, Estados Unidos da Am\u00e9rica, Canad\u00e1, Alemanha, Fran\u00e7a, Ar\u00e1bia Saudita, etc.<\/p>\n<\/div>\n<\/div>\n\t\t\t\t\t\t\t\t<\/div>\n\t\t\t\t<\/div>\n\t\t\t\t<\/div>\n\t\t\t\t\t<\/div>\n\t\t\t\t<\/div>\n\t\t\t\t<\/div>\n\t\t","protected":false},"excerpt":{"rendered":"<p>casa Especialidade: Transplante Capilar Dr. Gamze Do\u011fan &#8211; Tricologista A Dra. Gamze \u00e9 especializada em transplante capilar, transplante de barba\/m bigode e transplante de sobrancelhas. Faz transplantes capilares profissionalmente h\u00e1 mais de 8 anos e tratou mais de 7.000 pacientes utilizando as t\u00e9cnicas mais recentes nas \u00e1reas relacionadas. Obteve a sua licenciatura numa das universidades [&hellip;]<\/p>\n","protected":false},"author":1,"featured_media":0,"parent":0,"menu_order":0,"comment_status":"closed","ping_status":"closed","template":"","meta":{"footnotes":""},"class_list":["post-16337","page","type-page","status-publish","hentry"],"yoast_head":"<!-- This site is optimized with the Yoast SEO plugin v26.9 - https:\/\/yoast.com\/product\/yoast-seo-wordpress\/ -->\n<title>Dr. Gamze D. - Tricologista | Royal Hair Istanbul<\/title>\n<meta name=\"robots\" content=\"index, follow, max-snippet:-1, max-image-preview:large, max-video-preview:-1\" \/>\n<link rel=\"canonical\" href=\"https:\/\/royalhairistanbul.com\/pt-pt\/dr-gamze-d-tricologista\/\" \/>\n<meta property=\"og:locale\" content=\"pt_PT\" \/>\n<meta property=\"og:type\" content=\"article\" \/>\n<meta property=\"og:title\" content=\"Dr. Gamze D. - Tricologista | Royal Hair Istanbul\" \/>\n<meta property=\"og:description\" content=\"casa Especialidade: Transplante Capilar Dr. Gamze Do\u011fan &#8211; Tricologista A Dra. Gamze \u00e9 especializada em transplante capilar, transplante de barba\/m bigode e transplante de sobrancelhas. Faz transplantes capilares profissionalmente h\u00e1 mais de 8 anos e tratou mais de 7.000 pacientes utilizando as t\u00e9cnicas mais recentes nas \u00e1reas relacionadas. Obteve a sua licenciatura numa das universidades [&hellip;]\" \/>\n<meta property=\"og:url\" content=\"https:\/\/royalhairistanbul.com\/pt-pt\/dr-gamze-d-tricologista\/\" \/>\n<meta property=\"og:site_name\" content=\"Royal Hair Istanbul\" \/>\n<meta property=\"article:publisher\" content=\"https:\/\/www.facebook.com\/p\/Royal-Hair-Istanbul-100090875640151\/\" \/>\n<meta property=\"article:modified_time\" content=\"2024-08-12T17:11:14+00:00\" \/>\n<meta property=\"og:image\" content=\"https:\/\/new.royalhairistanbul.com\/wp-content\/uploads\/2024\/06\/fotolar_00002-2.webp\" \/>\n<meta name=\"twitter:card\" content=\"summary_large_image\" \/>\n<meta name=\"twitter:label1\" content=\"Tempo estimado de leitura\" \/>\n\t<meta name=\"twitter:data1\" content=\"1 minuto\" \/>\n<script type=\"application\/ld+json\" class=\"yoast-schema-graph\">{\"@context\":\"https:\/\/schema.org\",\"@graph\":[{\"@type\":\"WebPage\",\"@id\":\"https:\/\/royalhairistanbul.com\/pt-pt\/dr-gamze-d-tricologista\/\",\"url\":\"https:\/\/royalhairistanbul.com\/pt-pt\/dr-gamze-d-tricologista\/\",\"name\":\"Dr. Gamze D. - Tricologista | Royal Hair Istanbul\",\"isPartOf\":{\"@id\":\"https:\/\/new.royalhairistanbul.com\/pt-pt\/#website\"},\"primaryImageOfPage\":{\"@id\":\"https:\/\/royalhairistanbul.com\/pt-pt\/dr-gamze-d-tricologista\/#primaryimage\"},\"image\":{\"@id\":\"https:\/\/royalhairistanbul.com\/pt-pt\/dr-gamze-d-tricologista\/#primaryimage\"},\"thumbnailUrl\":\"https:\/\/royalhairistanbul.com\/wp-content\/uploads\/2024\/06\/fotolar_00002-2.webp\",\"datePublished\":\"2024-06-21T08:13:24+00:00\",\"dateModified\":\"2024-08-12T17:11:14+00:00\",\"breadcrumb\":{\"@id\":\"https:\/\/royalhairistanbul.com\/pt-pt\/dr-gamze-d-tricologista\/#breadcrumb\"},\"inLanguage\":\"pt-PT\",\"potentialAction\":[{\"@type\":\"ReadAction\",\"target\":[\"https:\/\/royalhairistanbul.com\/pt-pt\/dr-gamze-d-tricologista\/\"]}]},{\"@type\":\"ImageObject\",\"inLanguage\":\"pt-PT\",\"@id\":\"https:\/\/royalhairistanbul.com\/pt-pt\/dr-gamze-d-tricologista\/#primaryimage\",\"url\":\"https:\/\/royalhairistanbul.com\/wp-content\/uploads\/2024\/06\/fotolar_00002-2.webp\",\"contentUrl\":\"https:\/\/royalhairistanbul.com\/wp-content\/uploads\/2024\/06\/fotolar_00002-2.webp\"},{\"@type\":\"BreadcrumbList\",\"@id\":\"https:\/\/royalhairistanbul.com\/pt-pt\/dr-gamze-d-tricologista\/#breadcrumb\",\"itemListElement\":[{\"@type\":\"ListItem\",\"position\":1,\"name\":\"Home\",\"item\":\"https:\/\/new.royalhairistanbul.com\/pt-pt\/casa\/\"},{\"@type\":\"ListItem\",\"position\":2,\"name\":\"Dr. Gamze D. &#8211; Tricologista\"}]},{\"@type\":\"WebSite\",\"@id\":\"https:\/\/new.royalhairistanbul.com\/pt-pt\/#website\",\"url\":\"https:\/\/new.royalhairistanbul.com\/pt-pt\/\",\"name\":\"Royal Hair Istanbul\",\"description\":\"\",\"publisher\":{\"@id\":\"https:\/\/new.royalhairistanbul.com\/pt-pt\/#organization\"},\"potentialAction\":[{\"@type\":\"SearchAction\",\"target\":{\"@type\":\"EntryPoint\",\"urlTemplate\":\"https:\/\/new.royalhairistanbul.com\/pt-pt\/?s={search_term_string}\"},\"query-input\":{\"@type\":\"PropertyValueSpecification\",\"valueRequired\":true,\"valueName\":\"search_term_string\"}}],\"inLanguage\":\"pt-PT\"},{\"@type\":\"Organization\",\"@id\":\"https:\/\/new.royalhairistanbul.com\/pt-pt\/#organization\",\"name\":\"Royal Hair Istanbul\",\"url\":\"https:\/\/new.royalhairistanbul.com\/pt-pt\/\",\"logo\":{\"@type\":\"ImageObject\",\"inLanguage\":\"pt-PT\",\"@id\":\"https:\/\/new.royalhairistanbul.com\/pt-pt\/#\/schema\/logo\/image\/\",\"url\":\"https:\/\/royalhairistanbul.com\/wp-content\/uploads\/2024\/05\/Royal-Logo-e1717190318727.png\",\"contentUrl\":\"https:\/\/royalhairistanbul.com\/wp-content\/uploads\/2024\/05\/Royal-Logo-e1717190318727.png\",\"width\":3015,\"height\":2715,\"caption\":\"Royal Hair Istanbul\"},\"image\":{\"@id\":\"https:\/\/new.royalhairistanbul.com\/pt-pt\/#\/schema\/logo\/image\/\"},\"sameAs\":[\"https:\/\/www.facebook.com\/p\/Royal-Hair-Istanbul-100090875640151\/\",\"https:\/\/www.instagram.com\/royalhair_istanbul\",\"https:\/\/www.youtube.com\/@RoyalHair-Istanbul\"]}]}<\/script>\n<!-- \/ Yoast SEO plugin. -->","yoast_head_json":{"title":"Dr. Gamze D. - Tricologista | Royal Hair Istanbul","robots":{"index":"index","follow":"follow","max-snippet":"max-snippet:-1","max-image-preview":"max-image-preview:large","max-video-preview":"max-video-preview:-1"},"canonical":"https:\/\/royalhairistanbul.com\/pt-pt\/dr-gamze-d-tricologista\/","og_locale":"pt_PT","og_type":"article","og_title":"Dr. Gamze D. - Tricologista | Royal Hair Istanbul","og_description":"casa Especialidade: Transplante Capilar Dr. Gamze Do\u011fan &#8211; Tricologista A Dra. Gamze \u00e9 especializada em transplante capilar, transplante de barba\/m bigode e transplante de sobrancelhas. Faz transplantes capilares profissionalmente h\u00e1 mais de 8 anos e tratou mais de 7.000 pacientes utilizando as t\u00e9cnicas mais recentes nas \u00e1reas relacionadas. Obteve a sua licenciatura numa das universidades [&hellip;]","og_url":"https:\/\/royalhairistanbul.com\/pt-pt\/dr-gamze-d-tricologista\/","og_site_name":"Royal Hair Istanbul","article_publisher":"https:\/\/www.facebook.com\/p\/Royal-Hair-Istanbul-100090875640151\/","article_modified_time":"2024-08-12T17:11:14+00:00","og_image":[{"url":"https:\/\/new.royalhairistanbul.com\/wp-content\/uploads\/2024\/06\/fotolar_00002-2.webp","type":"","width":"","height":""}],"twitter_card":"summary_large_image","twitter_misc":{"Tempo estimado de leitura":"1 minuto"},"schema":{"@context":"https:\/\/schema.org","@graph":[{"@type":"WebPage","@id":"https:\/\/royalhairistanbul.com\/pt-pt\/dr-gamze-d-tricologista\/","url":"https:\/\/royalhairistanbul.com\/pt-pt\/dr-gamze-d-tricologista\/","name":"Dr. Gamze D. - Tricologista | Royal Hair Istanbul","isPartOf":{"@id":"https:\/\/new.royalhairistanbul.com\/pt-pt\/#website"},"primaryImageOfPage":{"@id":"https:\/\/royalhairistanbul.com\/pt-pt\/dr-gamze-d-tricologista\/#primaryimage"},"image":{"@id":"https:\/\/royalhairistanbul.com\/pt-pt\/dr-gamze-d-tricologista\/#primaryimage"},"thumbnailUrl":"https:\/\/royalhairistanbul.com\/wp-content\/uploads\/2024\/06\/fotolar_00002-2.webp","datePublished":"2024-06-21T08:13:24+00:00","dateModified":"2024-08-12T17:11:14+00:00","breadcrumb":{"@id":"https:\/\/royalhairistanbul.com\/pt-pt\/dr-gamze-d-tricologista\/#breadcrumb"},"inLanguage":"pt-PT","potentialAction":[{"@type":"ReadAction","target":["https:\/\/royalhairistanbul.com\/pt-pt\/dr-gamze-d-tricologista\/"]}]},{"@type":"ImageObject","inLanguage":"pt-PT","@id":"https:\/\/royalhairistanbul.com\/pt-pt\/dr-gamze-d-tricologista\/#primaryimage","url":"https:\/\/royalhairistanbul.com\/wp-content\/uploads\/2024\/06\/fotolar_00002-2.webp","contentUrl":"https:\/\/royalhairistanbul.com\/wp-content\/uploads\/2024\/06\/fotolar_00002-2.webp"},{"@type":"BreadcrumbList","@id":"https:\/\/royalhairistanbul.com\/pt-pt\/dr-gamze-d-tricologista\/#breadcrumb","itemListElement":[{"@type":"ListItem","position":1,"name":"Home","item":"https:\/\/new.royalhairistanbul.com\/pt-pt\/casa\/"},{"@type":"ListItem","position":2,"name":"Dr. Gamze D. &#8211; Tricologista"}]},{"@type":"WebSite","@id":"https:\/\/new.royalhairistanbul.com\/pt-pt\/#website","url":"https:\/\/new.royalhairistanbul.com\/pt-pt\/","name":"Royal Hair Istanbul","description":"","publisher":{"@id":"https:\/\/new.royalhairistanbul.com\/pt-pt\/#organization"},"potentialAction":[{"@type":"SearchAction","target":{"@type":"EntryPoint","urlTemplate":"https:\/\/new.royalhairistanbul.com\/pt-pt\/?s={search_term_string}"},"query-input":{"@type":"PropertyValueSpecification","valueRequired":true,"valueName":"search_term_string"}}],"inLanguage":"pt-PT"},{"@type":"Organization","@id":"https:\/\/new.royalhairistanbul.com\/pt-pt\/#organization","name":"Royal Hair Istanbul","url":"https:\/\/new.royalhairistanbul.com\/pt-pt\/","logo":{"@type":"ImageObject","inLanguage":"pt-PT","@id":"https:\/\/new.royalhairistanbul.com\/pt-pt\/#\/schema\/logo\/image\/","url":"https:\/\/royalhairistanbul.com\/wp-content\/uploads\/2024\/05\/Royal-Logo-e1717190318727.png","contentUrl":"https:\/\/royalhairistanbul.com\/wp-content\/uploads\/2024\/05\/Royal-Logo-e1717190318727.png","width":3015,"height":2715,"caption":"Royal Hair Istanbul"},"image":{"@id":"https:\/\/new.royalhairistanbul.com\/pt-pt\/#\/schema\/logo\/image\/"},"sameAs":["https:\/\/www.facebook.com\/p\/Royal-Hair-Istanbul-100090875640151\/","https:\/\/www.instagram.com\/royalhair_istanbul","https:\/\/www.youtube.com\/@RoyalHair-Istanbul"]}]}},"_links":{"self":[{"href":"https:\/\/royalhairistanbul.com\/pt-pt\/wp-json\/wp\/v2\/pages\/16337","targetHints":{"allow":["GET"]}}],"collection":[{"href":"https:\/\/royalhairistanbul.com\/pt-pt\/wp-json\/wp\/v2\/pages"}],"about":[{"href":"https:\/\/royalhairistanbul.com\/pt-pt\/wp-json\/wp\/v2\/types\/page"}],"author":[{"embeddable":true,"href":"https:\/\/royalhairistanbul.com\/pt-pt\/wp-json\/wp\/v2\/users\/1"}],"replies":[{"embeddable":true,"href":"https:\/\/royalhairistanbul.com\/pt-pt\/wp-json\/wp\/v2\/comments?post=16337"}],"version-history":[{"count":0,"href":"https:\/\/royalhairistanbul.com\/pt-pt\/wp-json\/wp\/v2\/pages\/16337\/revisions"}],"wp:attachment":[{"href":"https:\/\/royalhairistanbul.com\/pt-pt\/wp-json\/wp\/v2\/media?parent=16337"}],"curies":[{"name":"wp","href":"https:\/\/api.w.org\/{rel}","templated":true}]}}