{"id":16333,"date":"2024-06-21T08:13:24","date_gmt":"2024-06-21T08:13:24","guid":{"rendered":"https:\/\/royalhairistanbul.com\/dr-gamze-d-tricholog\/"},"modified":"2024-08-12T17:11:14","modified_gmt":"2024-08-12T17:11:14","slug":"dr-gamze-d-tricholog","status":"publish","type":"page","link":"https:\/\/royalhairistanbul.com\/ro\/dr-gamze-d-tricholog\/","title":{"rendered":"Dr. Gamze D. &#8211; Tricholog"},"content":{"rendered":"\t\t<div data-elementor-type=\"wp-page\" data-elementor-id=\"16333\" class=\"elementor elementor-16333 elementor-14824\" data-elementor-post-type=\"page\">\n\t\t\t\t<div data-particle_enable=\"false\" data-particle-mobile-disabled=\"false\" class=\"elementor-element elementor-element-f8b2863 e-flex e-con-boxed e-con e-parent\" data-id=\"f8b2863\" data-element_type=\"container\" data-e-type=\"container\" data-settings=\"{&quot;background_background&quot;:&quot;classic&quot;}\">\n\t\t\t\t\t<div class=\"e-con-inner\">\n\t\t<div data-particle_enable=\"false\" data-particle-mobile-disabled=\"false\" class=\"elementor-element elementor-element-f07ba08 e-flex e-con-boxed e-con e-child\" data-id=\"f07ba08\" data-element_type=\"container\" data-e-type=\"container\" data-settings=\"{&quot;background_background&quot;:&quot;classic&quot;}\">\n\t\t\t\t\t<div class=\"e-con-inner\">\n\t\t\t\t<div class=\"elementor-element elementor-element-5baeb4a elementor-widget elementor-widget-spacer\" data-id=\"5baeb4a\" data-element_type=\"widget\" data-e-type=\"widget\" data-widget_type=\"spacer.default\">\n\t\t\t\t<div class=\"elementor-widget-container\">\n\t\t\t\t\t\t\t<div class=\"elementor-spacer\">\n\t\t\t<div class=\"elementor-spacer-inner\"><\/div>\n\t\t<\/div>\n\t\t\t\t\t\t<\/div>\n\t\t\t\t<\/div>\n\t\t<div data-particle_enable=\"false\" data-particle-mobile-disabled=\"false\" class=\"elementor-element elementor-element-4903e0b e-flex e-con-boxed e-con e-child\" data-id=\"4903e0b\" data-element_type=\"container\" data-e-type=\"container\">\n\t\t\t\t\t<div class=\"e-con-inner\">\n\t\t<div data-particle_enable=\"false\" data-particle-mobile-disabled=\"false\" class=\"elementor-element elementor-element-d31743a e-con-full e-flex e-con e-child\" data-id=\"d31743a\" data-element_type=\"container\" data-e-type=\"container\">\n\t\t\t\t<div class=\"elementor-element elementor-element-6695b3f elementor-widget elementor-widget-heading\" data-id=\"6695b3f\" data-element_type=\"widget\" data-e-type=\"widget\" data-widget_type=\"heading.default\">\n\t\t\t\t<div class=\"elementor-widget-container\">\n\t\t\t\t\t<h5 class=\"elementor-heading-title elementor-size-default\">acas\u0103<\/h5>\t\t\t\t<\/div>\n\t\t\t\t<\/div>\n\t\t\t\t<\/div>\n\t\t<div data-particle_enable=\"false\" data-particle-mobile-disabled=\"false\" class=\"elementor-element elementor-element-ba50581 e-con-full e-flex e-con e-child\" data-id=\"ba50581\" data-element_type=\"container\" data-e-type=\"container\">\n\t\t\t\t<div class=\"elementor-element elementor-element-732a4b5 elementor-view-default elementor-widget elementor-widget-icon\" data-id=\"732a4b5\" data-element_type=\"widget\" data-e-type=\"widget\" data-widget_type=\"icon.default\">\n\t\t\t\t<div class=\"elementor-widget-container\">\n\t\t\t\t\t\t\t<div class=\"elementor-icon-wrapper\">\n\t\t\t<div class=\"elementor-icon\">\n\t\t\t<svg aria-hidden=\"true\" class=\"e-font-icon-svg e-fas-chevron-right\" viewBox=\"0 0 320 512\" xmlns=\"http:\/\/www.w3.org\/2000\/svg\"><path d=\"M285.476 272.971L91.132 467.314c-9.373 9.373-24.569 9.373-33.941 0l-22.667-22.667c-9.357-9.357-9.375-24.522-.04-33.901L188.505 256 34.484 101.255c-9.335-9.379-9.317-24.544.04-33.901l22.667-22.667c9.373-9.373 24.569-9.373 33.941 0L285.475 239.03c9.373 9.372 9.373 24.568.001 33.941z\"><\/path><\/svg>\t\t\t<\/div>\n\t\t<\/div>\n\t\t\t\t\t\t<\/div>\n\t\t\t\t<\/div>\n\t\t\t\t<\/div>\n\t\t<div data-particle_enable=\"false\" data-particle-mobile-disabled=\"false\" class=\"elementor-element elementor-element-89897a8 e-con-full e-flex e-con e-child\" data-id=\"89897a8\" data-element_type=\"container\" data-e-type=\"container\">\n\t\t\t\t<\/div>\n\t\t\t\t\t<\/div>\n\t\t\t\t<\/div>\n\t\t\t\t<div class=\"elementor-element elementor-element-35a64f9 elementor-widget elementor-widget-spacer\" data-id=\"35a64f9\" data-element_type=\"widget\" data-e-type=\"widget\" data-widget_type=\"spacer.default\">\n\t\t\t\t<div class=\"elementor-widget-container\">\n\t\t\t\t\t\t\t<div class=\"elementor-spacer\">\n\t\t\t<div class=\"elementor-spacer-inner\"><\/div>\n\t\t<\/div>\n\t\t\t\t\t\t<\/div>\n\t\t\t\t<\/div>\n\t\t\t\t\t<\/div>\n\t\t\t\t<\/div>\n\t\t\t\t\t<\/div>\n\t\t\t\t<\/div>\n\t\t<div data-particle_enable=\"false\" data-particle-mobile-disabled=\"false\" class=\"elementor-element elementor-element-2be6123 e-flex e-con-boxed e-con e-parent\" data-id=\"2be6123\" data-element_type=\"container\" data-e-type=\"container\">\n\t\t\t\t\t<div class=\"e-con-inner\">\n\t\t<div data-particle_enable=\"false\" data-particle-mobile-disabled=\"false\" class=\"elementor-element elementor-element-2bcef4e e-con-full e-flex e-con e-child\" data-id=\"2bcef4e\" data-element_type=\"container\" data-e-type=\"container\">\n\t\t\t\t<div class=\"elementor-element elementor-element-448c4f8 elementor-widget elementor-widget-image\" data-id=\"448c4f8\" data-element_type=\"widget\" data-e-type=\"widget\" data-widget_type=\"image.default\">\n\t\t\t\t<div class=\"elementor-widget-container\">\n\t\t\t\t\t\t\t\t\t\t\t\t\t\t\t<img fetchpriority=\"high\" decoding=\"async\" width=\"613\" height=\"766\" src=\"https:\/\/royalhairistanbul.com\/wp-content\/uploads\/2024\/06\/fotolar_00002-2.webp\" class=\"attachment-large size-large wp-image-16040\" alt=\"Trichologist in Turkey\" srcset=\"https:\/\/royalhairistanbul.com\/wp-content\/uploads\/2024\/06\/fotolar_00002-2.webp 613w, https:\/\/royalhairistanbul.com\/wp-content\/uploads\/2024\/06\/fotolar_00002-2-240x300.webp 240w\" sizes=\"(max-width: 613px) 100vw, 613px\" \/>\t\t\t\t\t\t\t\t\t\t\t\t\t\t\t<\/div>\n\t\t\t\t<\/div>\n\t\t\t\t<div class=\"elementor-element elementor-element-b39e0ab elementor-widget elementor-widget-eael-creative-button\" data-id=\"b39e0ab\" data-element_type=\"widget\" data-e-type=\"widget\" data-widget_type=\"eael-creative-button.default\">\n\t\t\t\t<div class=\"elementor-widget-container\">\n\t\t\t\t\t        <div class=\"eael-creative-button-wrapper\">\n\n            <a class=\"eael-creative-button eael-creative-button--default\" data-text=\"Du-te!\">\n            \t    \n                <div class=\"creative-button-inner\">\n\n                    \n                    <span class=\"cretive-button-text\">Specialitate: Transplant de p\u0103r<\/span>\n\n                                    <\/div>\n\t                        <\/a>\n        <\/div>\n        \t\t\t\t<\/div>\n\t\t\t\t<\/div>\n\t\t\t\t<\/div>\n\t\t<div data-particle_enable=\"false\" data-particle-mobile-disabled=\"false\" class=\"elementor-element elementor-element-40910a2 e-con-full e-flex e-con e-child\" data-id=\"40910a2\" data-element_type=\"container\" data-e-type=\"container\">\n\t\t\t\t<div class=\"elementor-element elementor-element-d11248d elementor-widget elementor-widget-text-editor\" data-id=\"d11248d\" data-element_type=\"widget\" data-e-type=\"widget\" data-widget_type=\"text-editor.default\">\n\t\t\t\t<div class=\"elementor-widget-container\">\n\t\t\t\t\t\t\t\t\t<div class=\"wpb_text_column wpb_content_element \">\n<div class=\"wpb_wrapper\">\n<h2>Dr. Gamze Do\u011fan &#8211; Tricholog<\/h2>\n<\/div>\n<\/div>\n<div class=\"wpb_text_column wpb_content_element \">\n<div class=\"wpb_wrapper\">\n<p>Dr. Gamze este specializat\u0103 \u00een transplantul de p\u0103r, transplantul de barb\u0103\/mousta\u0219\u0103 \u0219i transplantul de spr\u00e2ncene.<br \/>\nEa face transplanturi de p\u0103r \u00een mod profesionist de peste 8 ani \u0219i a tratat peste 7.000 de pacien\u021bi folosind cele mai recente tehnici \u00een domeniile conexe.<br \/>\nEa \u0219i-a ob\u021binut diploma la una dintre cele mai prestigioase universit\u0103\u021bi din Turcia, Universitatea Anadolu.<br \/>Particip\u00e2nd la numeroase congrese \u0219i simpozioane na\u021bionale \u0219i interna\u021bionale, Dr. Gamze urm\u0103re\u0219te evolu\u021biile \u0219i inova\u021biile din domeniul s\u0103u.<br \/>\nPrincipalele sale domenii de interes sunt transplanturile de p\u0103r.   <\/p>\n<p>Expertiza sa \u00een domeniu cuprinde o gam\u0103 larg\u0103 de cazuri de transplant de p\u0103r, inclusiv p\u0103r drept \u0219i cre\u021b, precum \u0219i proceduri specializate pentru transplantul de p\u0103r \u0219i barb\u0103 la femei.<br \/>\nDr. Gamze pune mare accent pe satisfacerea nevoilor individuale ale pacien\u021bilor s\u0103i.<br \/>\nCa urmare, ea este dedicat\u0103 furniz\u0103rii de solu\u021bii complete prin completarea tuturor zonelor cu chelie \u00eentr-o singur\u0103 sesiune pentru a asigura satisfac\u021bia maxim\u0103 a pacien\u021bilor s\u0103i.  <\/p>\n<p><strong>Loca\u021bie<\/strong>: Istanbul<\/p>\n<p><strong>Experien\u021b\u0103 chirurgical\u0103<\/strong>: 8 ani<\/p>\n<p><strong>Domeniul de experien\u021b\u0103<\/strong>:<\/p>\n<ul>\n<li>Transplant de p\u0103r (FUT, FUE, DHI, percutanat \u0219i tehnica Sapphire)<\/li>\n<li>Transplantul de barb\u0103<\/li>\n<li>Transplantul de spr\u00e2ncene<\/li>\n<\/ul>\n<p><strong>Num\u0103r de proceduri chirurgicale<\/strong>: 7.000<\/p>\n<p><strong>Limba<\/strong>: Turc\u0103, englez\u0103<\/p>\n<p><strong>Na\u021bionalit\u0103\u021bi tratate<\/strong>: Marea Britanie, Irlanda, Italia, Spania, Statele Unite ale Americii, Canada, Germania, Fran\u021ba, Arabia Saudit\u0103 etc.<\/p>\n<\/div>\n<\/div>\n\t\t\t\t\t\t\t\t<\/div>\n\t\t\t\t<\/div>\n\t\t\t\t<\/div>\n\t\t\t\t\t<\/div>\n\t\t\t\t<\/div>\n\t\t\t\t<\/div>\n\t\t","protected":false},"excerpt":{"rendered":"<p>acas\u0103 Specialitate: Transplant de p\u0103r Dr. Gamze Do\u011fan &#8211; Tricholog Dr. Gamze este specializat\u0103 \u00een transplantul de p\u0103r, transplantul de barb\u0103\/mousta\u0219\u0103 \u0219i transplantul de spr\u00e2ncene. Ea face transplanturi de p\u0103r \u00een mod profesionist de peste 8 ani \u0219i a tratat peste 7.000 de pacien\u021bi folosind cele mai recente tehnici \u00een domeniile conexe. Ea \u0219i-a ob\u021binut [&hellip;]<\/p>\n","protected":false},"author":1,"featured_media":0,"parent":0,"menu_order":0,"comment_status":"closed","ping_status":"closed","template":"","meta":{"footnotes":""},"class_list":["post-16333","page","type-page","status-publish","hentry"],"yoast_head":"<!-- This site is optimized with the Yoast SEO plugin v26.9 - https:\/\/yoast.com\/product\/yoast-seo-wordpress\/ -->\n<title>Dr. Gamze D. - Tricholog | Royal Hair Istanbul<\/title>\n<meta name=\"robots\" content=\"index, follow, max-snippet:-1, max-image-preview:large, max-video-preview:-1\" \/>\n<link rel=\"canonical\" href=\"https:\/\/royalhairistanbul.com\/ro\/dr-gamze-d-tricholog\/\" \/>\n<meta property=\"og:locale\" content=\"ro_RO\" \/>\n<meta property=\"og:type\" content=\"article\" \/>\n<meta property=\"og:title\" content=\"Dr. Gamze D. - Tricholog | Royal Hair Istanbul\" \/>\n<meta property=\"og:description\" content=\"acas\u0103 Specialitate: Transplant de p\u0103r Dr. Gamze Do\u011fan &#8211; Tricholog Dr. Gamze este specializat\u0103 \u00een transplantul de p\u0103r, transplantul de barb\u0103\/mousta\u0219\u0103 \u0219i transplantul de spr\u00e2ncene. Ea face transplanturi de p\u0103r \u00een mod profesionist de peste 8 ani \u0219i a tratat peste 7.000 de pacien\u021bi folosind cele mai recente tehnici \u00een domeniile conexe. Ea \u0219i-a ob\u021binut [&hellip;]\" \/>\n<meta property=\"og:url\" content=\"https:\/\/royalhairistanbul.com\/ro\/dr-gamze-d-tricholog\/\" \/>\n<meta property=\"og:site_name\" content=\"Royal Hair Istanbul\" \/>\n<meta property=\"article:publisher\" content=\"https:\/\/www.facebook.com\/p\/Royal-Hair-Istanbul-100090875640151\/\" \/>\n<meta property=\"article:modified_time\" content=\"2024-08-12T17:11:14+00:00\" \/>\n<meta property=\"og:image\" content=\"https:\/\/new.royalhairistanbul.com\/wp-content\/uploads\/2024\/06\/fotolar_00002-2.webp\" \/>\n<meta name=\"twitter:card\" content=\"summary_large_image\" \/>\n<meta name=\"twitter:label1\" content=\"Timp estimat pentru citire\" \/>\n\t<meta name=\"twitter:data1\" content=\"1 minut\" \/>\n<script type=\"application\/ld+json\" class=\"yoast-schema-graph\">{\"@context\":\"https:\/\/schema.org\",\"@graph\":[{\"@type\":\"WebPage\",\"@id\":\"https:\/\/royalhairistanbul.com\/ro\/dr-gamze-d-tricholog\/\",\"url\":\"https:\/\/royalhairistanbul.com\/ro\/dr-gamze-d-tricholog\/\",\"name\":\"Dr. Gamze D. - Tricholog | Royal Hair Istanbul\",\"isPartOf\":{\"@id\":\"https:\/\/new.royalhairistanbul.com\/ro\/#website\"},\"primaryImageOfPage\":{\"@id\":\"https:\/\/royalhairistanbul.com\/ro\/dr-gamze-d-tricholog\/#primaryimage\"},\"image\":{\"@id\":\"https:\/\/royalhairistanbul.com\/ro\/dr-gamze-d-tricholog\/#primaryimage\"},\"thumbnailUrl\":\"https:\/\/royalhairistanbul.com\/wp-content\/uploads\/2024\/06\/fotolar_00002-2.webp\",\"datePublished\":\"2024-06-21T08:13:24+00:00\",\"dateModified\":\"2024-08-12T17:11:14+00:00\",\"breadcrumb\":{\"@id\":\"https:\/\/royalhairistanbul.com\/ro\/dr-gamze-d-tricholog\/#breadcrumb\"},\"inLanguage\":\"ro-RO\",\"potentialAction\":[{\"@type\":\"ReadAction\",\"target\":[\"https:\/\/royalhairistanbul.com\/ro\/dr-gamze-d-tricholog\/\"]}]},{\"@type\":\"ImageObject\",\"inLanguage\":\"ro-RO\",\"@id\":\"https:\/\/royalhairistanbul.com\/ro\/dr-gamze-d-tricholog\/#primaryimage\",\"url\":\"https:\/\/royalhairistanbul.com\/wp-content\/uploads\/2024\/06\/fotolar_00002-2.webp\",\"contentUrl\":\"https:\/\/royalhairistanbul.com\/wp-content\/uploads\/2024\/06\/fotolar_00002-2.webp\"},{\"@type\":\"BreadcrumbList\",\"@id\":\"https:\/\/royalhairistanbul.com\/ro\/dr-gamze-d-tricholog\/#breadcrumb\",\"itemListElement\":[{\"@type\":\"ListItem\",\"position\":1,\"name\":\"Home\",\"item\":\"https:\/\/new.royalhairistanbul.com\/ro\/acasa\/\"},{\"@type\":\"ListItem\",\"position\":2,\"name\":\"Dr. Gamze D. &#8211; Tricholog\"}]},{\"@type\":\"WebSite\",\"@id\":\"https:\/\/new.royalhairistanbul.com\/ro\/#website\",\"url\":\"https:\/\/new.royalhairistanbul.com\/ro\/\",\"name\":\"Royal Hair Istanbul\",\"description\":\"\",\"publisher\":{\"@id\":\"https:\/\/new.royalhairistanbul.com\/ro\/#organization\"},\"potentialAction\":[{\"@type\":\"SearchAction\",\"target\":{\"@type\":\"EntryPoint\",\"urlTemplate\":\"https:\/\/new.royalhairistanbul.com\/ro\/?s={search_term_string}\"},\"query-input\":{\"@type\":\"PropertyValueSpecification\",\"valueRequired\":true,\"valueName\":\"search_term_string\"}}],\"inLanguage\":\"ro-RO\"},{\"@type\":\"Organization\",\"@id\":\"https:\/\/new.royalhairistanbul.com\/ro\/#organization\",\"name\":\"Royal Hair Istanbul\",\"url\":\"https:\/\/new.royalhairistanbul.com\/ro\/\",\"logo\":{\"@type\":\"ImageObject\",\"inLanguage\":\"ro-RO\",\"@id\":\"https:\/\/new.royalhairistanbul.com\/ro\/#\/schema\/logo\/image\/\",\"url\":\"https:\/\/royalhairistanbul.com\/wp-content\/uploads\/2024\/05\/Royal-Logo-e1717190318727.png\",\"contentUrl\":\"https:\/\/royalhairistanbul.com\/wp-content\/uploads\/2024\/05\/Royal-Logo-e1717190318727.png\",\"width\":3015,\"height\":2715,\"caption\":\"Royal Hair Istanbul\"},\"image\":{\"@id\":\"https:\/\/new.royalhairistanbul.com\/ro\/#\/schema\/logo\/image\/\"},\"sameAs\":[\"https:\/\/www.facebook.com\/p\/Royal-Hair-Istanbul-100090875640151\/\",\"https:\/\/www.instagram.com\/royalhair_istanbul\",\"https:\/\/www.youtube.com\/@RoyalHair-Istanbul\"]}]}<\/script>\n<!-- \/ Yoast SEO plugin. -->","yoast_head_json":{"title":"Dr. Gamze D. - Tricholog | Royal Hair Istanbul","robots":{"index":"index","follow":"follow","max-snippet":"max-snippet:-1","max-image-preview":"max-image-preview:large","max-video-preview":"max-video-preview:-1"},"canonical":"https:\/\/royalhairistanbul.com\/ro\/dr-gamze-d-tricholog\/","og_locale":"ro_RO","og_type":"article","og_title":"Dr. Gamze D. - Tricholog | Royal Hair Istanbul","og_description":"acas\u0103 Specialitate: Transplant de p\u0103r Dr. Gamze Do\u011fan &#8211; Tricholog Dr. Gamze este specializat\u0103 \u00een transplantul de p\u0103r, transplantul de barb\u0103\/mousta\u0219\u0103 \u0219i transplantul de spr\u00e2ncene. Ea face transplanturi de p\u0103r \u00een mod profesionist de peste 8 ani \u0219i a tratat peste 7.000 de pacien\u021bi folosind cele mai recente tehnici \u00een domeniile conexe. Ea \u0219i-a ob\u021binut [&hellip;]","og_url":"https:\/\/royalhairistanbul.com\/ro\/dr-gamze-d-tricholog\/","og_site_name":"Royal Hair Istanbul","article_publisher":"https:\/\/www.facebook.com\/p\/Royal-Hair-Istanbul-100090875640151\/","article_modified_time":"2024-08-12T17:11:14+00:00","og_image":[{"url":"https:\/\/new.royalhairistanbul.com\/wp-content\/uploads\/2024\/06\/fotolar_00002-2.webp","type":"","width":"","height":""}],"twitter_card":"summary_large_image","twitter_misc":{"Timp estimat pentru citire":"1 minut"},"schema":{"@context":"https:\/\/schema.org","@graph":[{"@type":"WebPage","@id":"https:\/\/royalhairistanbul.com\/ro\/dr-gamze-d-tricholog\/","url":"https:\/\/royalhairistanbul.com\/ro\/dr-gamze-d-tricholog\/","name":"Dr. Gamze D. - Tricholog | Royal Hair Istanbul","isPartOf":{"@id":"https:\/\/new.royalhairistanbul.com\/ro\/#website"},"primaryImageOfPage":{"@id":"https:\/\/royalhairistanbul.com\/ro\/dr-gamze-d-tricholog\/#primaryimage"},"image":{"@id":"https:\/\/royalhairistanbul.com\/ro\/dr-gamze-d-tricholog\/#primaryimage"},"thumbnailUrl":"https:\/\/royalhairistanbul.com\/wp-content\/uploads\/2024\/06\/fotolar_00002-2.webp","datePublished":"2024-06-21T08:13:24+00:00","dateModified":"2024-08-12T17:11:14+00:00","breadcrumb":{"@id":"https:\/\/royalhairistanbul.com\/ro\/dr-gamze-d-tricholog\/#breadcrumb"},"inLanguage":"ro-RO","potentialAction":[{"@type":"ReadAction","target":["https:\/\/royalhairistanbul.com\/ro\/dr-gamze-d-tricholog\/"]}]},{"@type":"ImageObject","inLanguage":"ro-RO","@id":"https:\/\/royalhairistanbul.com\/ro\/dr-gamze-d-tricholog\/#primaryimage","url":"https:\/\/royalhairistanbul.com\/wp-content\/uploads\/2024\/06\/fotolar_00002-2.webp","contentUrl":"https:\/\/royalhairistanbul.com\/wp-content\/uploads\/2024\/06\/fotolar_00002-2.webp"},{"@type":"BreadcrumbList","@id":"https:\/\/royalhairistanbul.com\/ro\/dr-gamze-d-tricholog\/#breadcrumb","itemListElement":[{"@type":"ListItem","position":1,"name":"Home","item":"https:\/\/new.royalhairistanbul.com\/ro\/acasa\/"},{"@type":"ListItem","position":2,"name":"Dr. Gamze D. &#8211; Tricholog"}]},{"@type":"WebSite","@id":"https:\/\/new.royalhairistanbul.com\/ro\/#website","url":"https:\/\/new.royalhairistanbul.com\/ro\/","name":"Royal Hair Istanbul","description":"","publisher":{"@id":"https:\/\/new.royalhairistanbul.com\/ro\/#organization"},"potentialAction":[{"@type":"SearchAction","target":{"@type":"EntryPoint","urlTemplate":"https:\/\/new.royalhairistanbul.com\/ro\/?s={search_term_string}"},"query-input":{"@type":"PropertyValueSpecification","valueRequired":true,"valueName":"search_term_string"}}],"inLanguage":"ro-RO"},{"@type":"Organization","@id":"https:\/\/new.royalhairistanbul.com\/ro\/#organization","name":"Royal Hair Istanbul","url":"https:\/\/new.royalhairistanbul.com\/ro\/","logo":{"@type":"ImageObject","inLanguage":"ro-RO","@id":"https:\/\/new.royalhairistanbul.com\/ro\/#\/schema\/logo\/image\/","url":"https:\/\/royalhairistanbul.com\/wp-content\/uploads\/2024\/05\/Royal-Logo-e1717190318727.png","contentUrl":"https:\/\/royalhairistanbul.com\/wp-content\/uploads\/2024\/05\/Royal-Logo-e1717190318727.png","width":3015,"height":2715,"caption":"Royal Hair Istanbul"},"image":{"@id":"https:\/\/new.royalhairistanbul.com\/ro\/#\/schema\/logo\/image\/"},"sameAs":["https:\/\/www.facebook.com\/p\/Royal-Hair-Istanbul-100090875640151\/","https:\/\/www.instagram.com\/royalhair_istanbul","https:\/\/www.youtube.com\/@RoyalHair-Istanbul"]}]}},"_links":{"self":[{"href":"https:\/\/royalhairistanbul.com\/ro\/wp-json\/wp\/v2\/pages\/16333","targetHints":{"allow":["GET"]}}],"collection":[{"href":"https:\/\/royalhairistanbul.com\/ro\/wp-json\/wp\/v2\/pages"}],"about":[{"href":"https:\/\/royalhairistanbul.com\/ro\/wp-json\/wp\/v2\/types\/page"}],"author":[{"embeddable":true,"href":"https:\/\/royalhairistanbul.com\/ro\/wp-json\/wp\/v2\/users\/1"}],"replies":[{"embeddable":true,"href":"https:\/\/royalhairistanbul.com\/ro\/wp-json\/wp\/v2\/comments?post=16333"}],"version-history":[{"count":0,"href":"https:\/\/royalhairistanbul.com\/ro\/wp-json\/wp\/v2\/pages\/16333\/revisions"}],"wp:attachment":[{"href":"https:\/\/royalhairistanbul.com\/ro\/wp-json\/wp\/v2\/media?parent=16333"}],"curies":[{"name":"wp","href":"https:\/\/api.w.org\/{rel}","templated":true}]}}