{"id":16411,"date":"2024-05-31T17:25:59","date_gmt":"2024-05-31T17:25:59","guid":{"rendered":"https:\/\/royalhairistanbul.com\/sablon-pop-up\/"},"modified":"2024-08-12T17:14:39","modified_gmt":"2024-08-12T17:14:39","slug":"sablon-pop-up","status":"publish","type":"page","link":"https:\/\/royalhairistanbul.com\/ro\/sablon-pop-up\/","title":{"rendered":"\u0218ablon Pop Up"},"content":{"rendered":"\t\t<div data-elementor-type=\"wp-page\" data-elementor-id=\"16411\" class=\"elementor elementor-16411 elementor-340\" data-elementor-post-type=\"page\">\n\t\t\t\t<div data-particle_enable=\"false\" data-particle-mobile-disabled=\"false\" class=\"elementor-element elementor-element-0604aa2 e-flex e-con-boxed e-con e-parent\" data-id=\"0604aa2\" data-element_type=\"container\" data-e-type=\"container\">\n\t\t\t\t\t<div class=\"e-con-inner\">\n\t\t\t\t<div class=\"elementor-element elementor-element-35f03f9 elementor-widget elementor-widget-heading\" data-id=\"35f03f9\" data-element_type=\"widget\" data-e-type=\"widget\" data-widget_type=\"heading.default\">\n\t\t\t\t<div class=\"elementor-widget-container\">\n\t\t\t\t\t<h2 class=\"elementor-heading-title elementor-size-default\">S\u0103 lu\u0103m leg\u0103tura<\/h2>\t\t\t\t<\/div>\n\t\t\t\t<\/div>\n\t\t\t\t<div class=\"elementor-element elementor-element-d122def elementor-button-align-stretch elementor-widget elementor-widget-form\" data-id=\"d122def\" data-element_type=\"widget\" data-e-type=\"widget\" data-settings=\"{&quot;step_next_label&quot;:&quot;Urm\\u0103torul&quot;,&quot;step_previous_label&quot;:&quot;Articolul precedent&quot;,&quot;button_width&quot;:&quot;100&quot;,&quot;step_type&quot;:&quot;number_text&quot;,&quot;step_icon_shape&quot;:&quot;circle&quot;}\" data-widget_type=\"form.default\">\n\t\t\t\t<div class=\"elementor-widget-container\">\n\t\t\t\t\t\t\t<form class=\"elementor-form\" method=\"post\" name=\"Formular nou\" aria-label=\"Formular nou\">\n\t\t\t<input type=\"hidden\" name=\"post_id\" value=\"16411\"\/>\n\t\t\t<input type=\"hidden\" name=\"form_id\" value=\"d122def\"\/>\n\t\t\t<input type=\"hidden\" name=\"referer_title\" value=\"\u0218ablon Pop Up | Royal Hair Istanbul\" \/>\n\n\t\t\t\t\t\t\t<input type=\"hidden\" name=\"queried_id\" value=\"16411\"\/>\n\t\t\t\n\t\t\t<div class=\"elementor-form-fields-wrapper elementor-labels-above\">\n\t\t\t\t\t\t\t\t<div class=\"elementor-field-type-text elementor-field-group elementor-column elementor-field-group-name elementor-col-100 elementor-field-required\">\n\t\t\t\t\t\t\t\t\t\t\t\t\t<input size=\"1\" type=\"text\" name=\"form_fields[name]\" id=\"form-field-name\" class=\"elementor-field elementor-size-sm  elementor-field-textual\" placeholder=\"Numele dvs.\" required=\"required\">\n\t\t\t\t\t\t\t\t\t\t\t<\/div>\n\t\t\t\t\t\t\t\t<div class=\"elementor-field-type-email elementor-field-group elementor-column elementor-field-group-email elementor-col-100 elementor-field-required\">\n\t\t\t\t\t\t\t\t\t\t\t\t\t<input size=\"1\" type=\"email\" name=\"form_fields[email]\" id=\"form-field-email\" class=\"elementor-field elementor-size-sm  elementor-field-textual\" placeholder=\"Adresa dvs. de e-mail\" required=\"required\">\n\t\t\t\t\t\t\t\t\t\t\t<\/div>\n\t\t\t\t\t\t\t\t<div class=\"elementor-field-type-tel elementor-field-group elementor-column elementor-field-group-field_8cefd17 elementor-col-100 elementor-field-required\">\n\t\t\t\t\t\t\t<input size=\"1\" type=\"tel\" name=\"form_fields[field_8cefd17]\" id=\"form-field-field_8cefd17\" class=\"elementor-field elementor-size-sm  elementor-field-textual\" placeholder=\"Num\u0103r de telefon\" required=\"required\" pattern=\"[0-9()#&amp;+*-=.]+\" title=\"Only numbers and phone characters (#, -, *, etc) are accepted.\">\n\n\t\t\t\t\t\t<\/div>\n\t\t\t\t\t\t\t\t<div class=\"elementor-field-type-select elementor-field-group elementor-column elementor-field-group-field_5bf2735 elementor-col-100 elementor-field-required\">\n\t\t\t\t\t\t\t<div class=\"elementor-field elementor-select-wrapper remove-before \">\n\t\t\t<div class=\"select-caret-down-wrapper\">\n\t\t\t\t<svg aria-hidden=\"true\" class=\"e-font-icon-svg e-eicon-caret-down\" viewBox=\"0 0 571.4 571.4\" xmlns=\"http:\/\/www.w3.org\/2000\/svg\"><path d=\"M571 393Q571 407 561 418L311 668Q300 679 286 679T261 668L11 418Q0 407 0 393T11 368 36 357H536Q550 357 561 368T571 393Z\"><\/path><\/svg>\t\t\t<\/div>\n\t\t\t<select name=\"form_fields[field_5bf2735]\" id=\"form-field-field_5bf2735\" class=\"elementor-field-textual elementor-size-sm\" required=\"required\">\n\t\t\t\t\t\t\t\t\t<option value=\"Transplant de p\u0103r Chirurgie plastic\u0103 Pierdere \u00een greutate Stomatologie\">Transplant de p\u0103r Chirurgie plastic\u0103 Pierdere \u00een greutate Stomatologie<\/option>\n\t\t\t\t\t\t\t<\/select>\n\t\t<\/div>\n\t\t\t\t\t\t<\/div>\n\t\t\t\t\t\t\t\t<div class=\"elementor-field-type-textarea elementor-field-group elementor-column elementor-field-group-message elementor-col-100\">\n\t\t\t\t\t<textarea class=\"elementor-field-textual elementor-field  elementor-size-sm\" name=\"form_fields[message]\" id=\"form-field-message\" rows=\"3\" placeholder=\"Mesaj\"><\/textarea>\t\t\t\t<\/div>\n\t\t\t\t\t\t\t\t<div class=\"elementor-field-group elementor-column elementor-field-type-submit elementor-col-100 e-form__buttons\">\n\t\t\t\t\t<button class=\"elementor-button elementor-size-sm\" type=\"submit\">\n\t\t\t\t\t\t<span class=\"elementor-button-content-wrapper\">\n\t\t\t\t\t\t\t\t\t\t\t\t\t\t\t\t\t\t\t\t\t\t<span class=\"elementor-button-text\">TRIMITE MESAJ<\/span>\n\t\t\t\t\t\t\t\t\t\t\t\t\t<\/span>\n\t\t\t\t\t<\/button>\n\t\t\t\t<\/div>\n\t\t\t<\/div>\n\t\t<\/form>\n\t\t\t\t\t\t<\/div>\n\t\t\t\t<\/div>\n\t\t\t\t<div class=\"elementor-element elementor-element-1289d18 elementor-widget-divider--view-line elementor-widget elementor-widget-divider\" data-id=\"1289d18\" data-element_type=\"widget\" data-e-type=\"widget\" data-widget_type=\"divider.default\">\n\t\t\t\t<div class=\"elementor-widget-container\">\n\t\t\t\t\t\t\t<div class=\"elementor-divider\">\n\t\t\t<span class=\"elementor-divider-separator\">\n\t\t\t\t\t\t<\/span>\n\t\t<\/div>\n\t\t\t\t\t\t<\/div>\n\t\t\t\t<\/div>\n\t\t\t\t<div class=\"elementor-element elementor-element-022f896 elementor-widget elementor-widget-text-editor\" data-id=\"022f896\" data-element_type=\"widget\" data-e-type=\"widget\" data-widget_type=\"text-editor.default\">\n\t\t\t\t<div class=\"elementor-widget-container\">\n\t\t\t\t\t\t\t\t\t<h4>+90 501 007 0686<\/h4>\n<p>info@royalhairistanbul.com<\/p>\n\t\t\t\t\t\t\t\t<\/div>\n\t\t\t\t<\/div>\n\t\t\t\t\t<\/div>\n\t\t\t\t<\/div>\n\t\t\t\t<\/div>\n\t\t","protected":false},"excerpt":{"rendered":"<p>S\u0103 lu\u0103m leg\u0103tura +90 501 007 0686 info@royalhairistanbul.com<\/p>\n","protected":false},"author":1,"featured_media":0,"parent":0,"menu_order":0,"comment_status":"closed","ping_status":"closed","template":"","meta":{"footnotes":""},"class_list":["post-16411","page","type-page","status-publish","hentry"],"yoast_head":"<!-- This site is optimized with the Yoast SEO plugin v26.9 - https:\/\/yoast.com\/product\/yoast-seo-wordpress\/ -->\n<title>\u0218ablon Pop Up | Royal Hair Istanbul<\/title>\n<meta name=\"robots\" content=\"index, follow, max-snippet:-1, max-image-preview:large, max-video-preview:-1\" \/>\n<link rel=\"canonical\" href=\"https:\/\/royalhairistanbul.com\/ro\/sablon-pop-up\/\" \/>\n<meta property=\"og:locale\" content=\"ro_RO\" \/>\n<meta property=\"og:type\" content=\"article\" \/>\n<meta property=\"og:title\" content=\"\u0218ablon Pop Up | Royal Hair Istanbul\" \/>\n<meta property=\"og:description\" content=\"S\u0103 lu\u0103m leg\u0103tura +90 501 007 0686 info@royalhairistanbul.com\" \/>\n<meta property=\"og:url\" content=\"https:\/\/royalhairistanbul.com\/ro\/sablon-pop-up\/\" \/>\n<meta property=\"og:site_name\" content=\"Royal Hair Istanbul\" \/>\n<meta property=\"article:publisher\" content=\"https:\/\/www.facebook.com\/p\/Royal-Hair-Istanbul-100090875640151\/\" \/>\n<meta property=\"article:modified_time\" content=\"2024-08-12T17:14:39+00:00\" \/>\n<meta property=\"og:image\" content=\"https:\/\/royalhairistanbul.com\/wp-content\/uploads\/2024\/05\/Royal-Logo-e1717190318727.png\" \/>\n\t<meta property=\"og:image:width\" content=\"3015\" \/>\n\t<meta property=\"og:image:height\" content=\"2715\" \/>\n\t<meta property=\"og:image:type\" content=\"image\/png\" \/>\n<meta name=\"twitter:card\" content=\"summary_large_image\" \/>\n<script type=\"application\/ld+json\" class=\"yoast-schema-graph\">{\"@context\":\"https:\/\/schema.org\",\"@graph\":[{\"@type\":\"WebPage\",\"@id\":\"https:\/\/royalhairistanbul.com\/ro\/sablon-pop-up\/\",\"url\":\"https:\/\/royalhairistanbul.com\/ro\/sablon-pop-up\/\",\"name\":\"\u0218ablon Pop Up | Royal Hair Istanbul\",\"isPartOf\":{\"@id\":\"https:\/\/new.royalhairistanbul.com\/ro\/#website\"},\"datePublished\":\"2024-05-31T17:25:59+00:00\",\"dateModified\":\"2024-08-12T17:14:39+00:00\",\"breadcrumb\":{\"@id\":\"https:\/\/royalhairistanbul.com\/ro\/sablon-pop-up\/#breadcrumb\"},\"inLanguage\":\"ro-RO\",\"potentialAction\":[{\"@type\":\"ReadAction\",\"target\":[\"https:\/\/royalhairistanbul.com\/ro\/sablon-pop-up\/\"]}]},{\"@type\":\"BreadcrumbList\",\"@id\":\"https:\/\/royalhairistanbul.com\/ro\/sablon-pop-up\/#breadcrumb\",\"itemListElement\":[{\"@type\":\"ListItem\",\"position\":1,\"name\":\"Home\",\"item\":\"https:\/\/new.royalhairistanbul.com\/ro\/acasa\/\"},{\"@type\":\"ListItem\",\"position\":2,\"name\":\"\u0218ablon Pop Up\"}]},{\"@type\":\"WebSite\",\"@id\":\"https:\/\/new.royalhairistanbul.com\/ro\/#website\",\"url\":\"https:\/\/new.royalhairistanbul.com\/ro\/\",\"name\":\"Royal Hair Istanbul\",\"description\":\"\",\"publisher\":{\"@id\":\"https:\/\/new.royalhairistanbul.com\/ro\/#organization\"},\"potentialAction\":[{\"@type\":\"SearchAction\",\"target\":{\"@type\":\"EntryPoint\",\"urlTemplate\":\"https:\/\/new.royalhairistanbul.com\/ro\/?s={search_term_string}\"},\"query-input\":{\"@type\":\"PropertyValueSpecification\",\"valueRequired\":true,\"valueName\":\"search_term_string\"}}],\"inLanguage\":\"ro-RO\"},{\"@type\":\"Organization\",\"@id\":\"https:\/\/new.royalhairistanbul.com\/ro\/#organization\",\"name\":\"Royal Hair Istanbul\",\"url\":\"https:\/\/new.royalhairistanbul.com\/ro\/\",\"logo\":{\"@type\":\"ImageObject\",\"inLanguage\":\"ro-RO\",\"@id\":\"https:\/\/new.royalhairistanbul.com\/ro\/#\/schema\/logo\/image\/\",\"url\":\"https:\/\/royalhairistanbul.com\/wp-content\/uploads\/2024\/05\/Royal-Logo-e1717190318727.png\",\"contentUrl\":\"https:\/\/royalhairistanbul.com\/wp-content\/uploads\/2024\/05\/Royal-Logo-e1717190318727.png\",\"width\":3015,\"height\":2715,\"caption\":\"Royal Hair Istanbul\"},\"image\":{\"@id\":\"https:\/\/new.royalhairistanbul.com\/ro\/#\/schema\/logo\/image\/\"},\"sameAs\":[\"https:\/\/www.facebook.com\/p\/Royal-Hair-Istanbul-100090875640151\/\",\"https:\/\/www.instagram.com\/royalhair_istanbul\",\"https:\/\/www.youtube.com\/@RoyalHair-Istanbul\"]}]}<\/script>\n<!-- \/ Yoast SEO plugin. -->","yoast_head_json":{"title":"\u0218ablon Pop Up | Royal Hair Istanbul","robots":{"index":"index","follow":"follow","max-snippet":"max-snippet:-1","max-image-preview":"max-image-preview:large","max-video-preview":"max-video-preview:-1"},"canonical":"https:\/\/royalhairistanbul.com\/ro\/sablon-pop-up\/","og_locale":"ro_RO","og_type":"article","og_title":"\u0218ablon Pop Up | Royal Hair Istanbul","og_description":"S\u0103 lu\u0103m leg\u0103tura +90 501 007 0686 info@royalhairistanbul.com","og_url":"https:\/\/royalhairistanbul.com\/ro\/sablon-pop-up\/","og_site_name":"Royal Hair Istanbul","article_publisher":"https:\/\/www.facebook.com\/p\/Royal-Hair-Istanbul-100090875640151\/","article_modified_time":"2024-08-12T17:14:39+00:00","og_image":[{"width":3015,"height":2715,"url":"https:\/\/royalhairistanbul.com\/wp-content\/uploads\/2024\/05\/Royal-Logo-e1717190318727.png","type":"image\/png"}],"twitter_card":"summary_large_image","schema":{"@context":"https:\/\/schema.org","@graph":[{"@type":"WebPage","@id":"https:\/\/royalhairistanbul.com\/ro\/sablon-pop-up\/","url":"https:\/\/royalhairistanbul.com\/ro\/sablon-pop-up\/","name":"\u0218ablon Pop Up | Royal Hair Istanbul","isPartOf":{"@id":"https:\/\/new.royalhairistanbul.com\/ro\/#website"},"datePublished":"2024-05-31T17:25:59+00:00","dateModified":"2024-08-12T17:14:39+00:00","breadcrumb":{"@id":"https:\/\/royalhairistanbul.com\/ro\/sablon-pop-up\/#breadcrumb"},"inLanguage":"ro-RO","potentialAction":[{"@type":"ReadAction","target":["https:\/\/royalhairistanbul.com\/ro\/sablon-pop-up\/"]}]},{"@type":"BreadcrumbList","@id":"https:\/\/royalhairistanbul.com\/ro\/sablon-pop-up\/#breadcrumb","itemListElement":[{"@type":"ListItem","position":1,"name":"Home","item":"https:\/\/new.royalhairistanbul.com\/ro\/acasa\/"},{"@type":"ListItem","position":2,"name":"\u0218ablon Pop Up"}]},{"@type":"WebSite","@id":"https:\/\/new.royalhairistanbul.com\/ro\/#website","url":"https:\/\/new.royalhairistanbul.com\/ro\/","name":"Royal Hair Istanbul","description":"","publisher":{"@id":"https:\/\/new.royalhairistanbul.com\/ro\/#organization"},"potentialAction":[{"@type":"SearchAction","target":{"@type":"EntryPoint","urlTemplate":"https:\/\/new.royalhairistanbul.com\/ro\/?s={search_term_string}"},"query-input":{"@type":"PropertyValueSpecification","valueRequired":true,"valueName":"search_term_string"}}],"inLanguage":"ro-RO"},{"@type":"Organization","@id":"https:\/\/new.royalhairistanbul.com\/ro\/#organization","name":"Royal Hair Istanbul","url":"https:\/\/new.royalhairistanbul.com\/ro\/","logo":{"@type":"ImageObject","inLanguage":"ro-RO","@id":"https:\/\/new.royalhairistanbul.com\/ro\/#\/schema\/logo\/image\/","url":"https:\/\/royalhairistanbul.com\/wp-content\/uploads\/2024\/05\/Royal-Logo-e1717190318727.png","contentUrl":"https:\/\/royalhairistanbul.com\/wp-content\/uploads\/2024\/05\/Royal-Logo-e1717190318727.png","width":3015,"height":2715,"caption":"Royal Hair Istanbul"},"image":{"@id":"https:\/\/new.royalhairistanbul.com\/ro\/#\/schema\/logo\/image\/"},"sameAs":["https:\/\/www.facebook.com\/p\/Royal-Hair-Istanbul-100090875640151\/","https:\/\/www.instagram.com\/royalhair_istanbul","https:\/\/www.youtube.com\/@RoyalHair-Istanbul"]}]}},"_links":{"self":[{"href":"https:\/\/royalhairistanbul.com\/ro\/wp-json\/wp\/v2\/pages\/16411","targetHints":{"allow":["GET"]}}],"collection":[{"href":"https:\/\/royalhairistanbul.com\/ro\/wp-json\/wp\/v2\/pages"}],"about":[{"href":"https:\/\/royalhairistanbul.com\/ro\/wp-json\/wp\/v2\/types\/page"}],"author":[{"embeddable":true,"href":"https:\/\/royalhairistanbul.com\/ro\/wp-json\/wp\/v2\/users\/1"}],"replies":[{"embeddable":true,"href":"https:\/\/royalhairistanbul.com\/ro\/wp-json\/wp\/v2\/comments?post=16411"}],"version-history":[{"count":0,"href":"https:\/\/royalhairistanbul.com\/ro\/wp-json\/wp\/v2\/pages\/16411\/revisions"}],"wp:attachment":[{"href":"https:\/\/royalhairistanbul.com\/ro\/wp-json\/wp\/v2\/media?parent=16411"}],"curies":[{"name":"wp","href":"https:\/\/api.w.org\/{rel}","templated":true}]}}